{"id":32921,"date":"2025-03-31T13:23:57","date_gmt":"2025-03-31T11:23:57","guid":{"rendered":"https:\/\/b2b.p2rbike.com\/?post_type=product&#038;p=32921"},"modified":"2025-03-31T13:27:43","modified_gmt":"2025-03-31T11:27:43","slug":"p2r-shockman-str-130-negru-portocaliu-copy","status":"publish","type":"product","link":"https:\/\/b2b.p2rbike.com\/ro\/produs\/p2r-shockman-str-130-negru-portocaliu-copy\/","title":{"rendered":"P2R SHOCKMAN STR 130, Negru \u2013 ro\u0219u vin"},"content":{"rendered":"<p>Fabricat din <strong>TPR <\/strong>( termoplastic\u200b cauciuc )<br \/>\nCombine coast\u0103 \u0219i diamant model<br \/>\nMic parte final\u0103 pentru perfect \u0219i sigur prindere in fiecare moment<br \/>\nLungime : <strong>130mm <\/strong><br \/>\nDiametru: <strong>\u00d8 22mm <\/strong><br \/>\n<strong>Blocare : <\/strong>asigura cel stabil pozi\u0163ie chiar \u00een timpul rapid jos traseu c\u0103l\u0103rie<br \/>\nPotrivit pentru cele mai multe h\/ bare de pe pia\u0163\u0103<\/p>\n<p><strong><br \/>\nALTERNATIVE DE CULOARE:<\/strong><\/p>\n<ul>\n<li>Negru \u2013 var verde<\/li>\n<li>Negru \u2013 bleumarin albastru<\/li>\n<li>Negru \u2013 magenta roz<\/li>\n<li>Negru \u2013 violet<\/li>\n<li>Negru &#8211; portocaliu<\/li>\n<li>Negru \u2013 auriu<\/li>\n<li>Negru \u2013 deschis albastru<\/li>\n<li>Negru \u2013 ro\u0219u vin<\/li>\n<li>Negru \u2013 gri titan<\/li>\n<li>Negru \u2013 negru<\/li>\n<li>Negru \u2013 bleumarin albastru<\/li>\n<li>Negru \u2013 cupru maro<\/li>\n<li>Negru &#8211; argintiu<\/li>\n<\/ul>\n<p><strong><br \/>\nAMBALARE: <\/strong>ambalaj P2R card<\/p>\n","protected":false},"excerpt":{"rendered":"<p>Fabricat din TPR ( termoplastic\u200b cauciuc ) Combine coast\u0103 \u0219i diamant model Mic parte final\u0103 pentru perfect \u0219i sigur prindere<\/p>\n","protected":false},"featured_media":32928,"template":"","meta":{"_acf_changed":false},"product_brand":[],"product_cat":[579,1204,1359],"product_tag":[],"class_list":{"0":"post-32921","1":"product","2":"type-product","3":"status-publish","4":"has-post-thumbnail","6":"product_cat-mansoane","7":"product_cat-mtb-ro-2","8":"product_cat-str-318-ro","10":"first","11":"instock","12":"taxable","13":"shipping-taxable","14":"purchasable","15":"product-type-simple"},"bundled_by":[],"bundle_stock_status":"instock","bundle_stock_quantity":188,"bundle_virtual":false,"bundle_layout":"","bundle_add_to_cart_form_location":"","bundle_editable_in_cart":false,"bundle_sold_individually_context":"","bundle_item_grouping":"","bundle_min_size":"","bundle_max_size":"","bundle_price":[],"bundled_items":[],"bundle_sell_ids":[],"acf":[],"_links":{"self":[{"href":"https:\/\/b2b.p2rbike.com\/ro\/wp-json\/wp\/v2\/product\/32921","targetHints":{"allow":["GET"]}}],"collection":[{"href":"https:\/\/b2b.p2rbike.com\/ro\/wp-json\/wp\/v2\/product"}],"about":[{"href":"https:\/\/b2b.p2rbike.com\/ro\/wp-json\/wp\/v2\/types\/product"}],"wp:featuredmedia":[{"embeddable":true,"href":"https:\/\/b2b.p2rbike.com\/ro\/wp-json\/wp\/v2\/media\/32928"}],"wp:attachment":[{"href":"https:\/\/b2b.p2rbike.com\/ro\/wp-json\/wp\/v2\/media?parent=32921"}],"wp:term":[{"taxonomy":"product_brand","embeddable":true,"href":"https:\/\/b2b.p2rbike.com\/ro\/wp-json\/wp\/v2\/product_brand?post=32921"},{"taxonomy":"product_cat","embeddable":true,"href":"https:\/\/b2b.p2rbike.com\/ro\/wp-json\/wp\/v2\/product_cat?post=32921"},{"taxonomy":"product_tag","embeddable":true,"href":"https:\/\/b2b.p2rbike.com\/ro\/wp-json\/wp\/v2\/product_tag?post=32921"}],"curies":[{"name":"wp","href":"https:\/\/api.w.org\/{rel}","templated":true}]}}