{"id":33056,"date":"2025-04-07T10:02:52","date_gmt":"2025-04-07T08:02:52","guid":{"rendered":"https:\/\/b2b.p2rbike.com\/?post_type=product&#038;p=33056"},"modified":"2025-04-07T10:05:16","modified_gmt":"2025-04-07T08:05:16","slug":"p2r-flatman-50-3sb-red-copy-2","status":"publish","type":"product","link":"https:\/\/b2b.p2rbike.com\/ro\/produs\/p2r-flatman-50-3sb-red-copy-2\/","title":{"rendered":"P2R FLATMAN 50, 3SB magenta pink"},"content":{"rendered":"<p><strong>P2R FLATMAN 50, 3SB<\/strong><\/p>\n<p>Corpul pedalei este prelucrat <strong>CNC<\/strong> din aliaj AL \u0219i ofer\u0103 o greutate foarte mic\u0103 (299 g) \u0219i detalii precise.<br \/>\nCu dimensiunea lor optimizat\u0103 (<strong>101&#215;88 mm<\/strong>) \u0219i forma special\u0103, se potrivesc at\u00e2t picioarelor b\u0103rba\u021bilor, c\u00e2t \u0219i femeilor \u0219i aduc o conexiune perfect\u0103 \u0219i sigur\u0103 cu piciorul biciclistului.<br \/>\n8 pini \u00a0\u00eenlocuibili cu o lungime de 4,5 mm distribuiti \u00een mod regulat \u00een jurul perimetrului pedalei aduc o aderen\u021b\u0103 excelent\u0103 \u0219i o stabilitate excelent\u0103 a piciorului chiar \u0219i \u00een timpul mersului rapid cu MTB, \u00een viraje str\u00e2nse \u0219i cobor\u00e2ri rapide.<br \/>\nAxa pedalei din material <strong>Cr-Mo<\/strong> (crom-molibden) realizat\u0103 prin tehnologia de prelucrare CNC<br \/>\nRotirea f\u0103r\u0103 probleme \u0219i lin\u0103 a pedalei este asigurat\u0103 de <strong>3 rulmen\u021bi industriali<\/strong> de \u00eenalt\u0103 calitate (Made in TW), care garanteaz\u0103 o durat\u0103 lung\u0103 de via\u021b\u0103 cu \u00eengrijire regulat\u0103.<\/p>\n<p><strong><br \/>\nCARACTERISTICI<\/strong>:<\/p>\n<ul>\n<li><strong>Material<\/strong>: din compus <strong>AL<\/strong><\/li>\n<li>Pini anti-alunecare \u00eenlocuibili (8 buc) \u00een jurul \u00eentregului perimetru al pedalei<\/li>\n<li><strong>Proiectat<\/strong> pentru categoria: <strong>BMX\/MTB\/TREKKING\/CROSS\/CITY<\/strong><\/li>\n<li><strong>Axa<\/strong>: Crom-Molibden (<strong>Cr-Mo<\/strong>) produs prin tehnologia de prelucrare CNC<\/li>\n<li><strong>3x rulmen\u021bi industriali<\/strong> Fabrica\u021bi \u00een TW pentru o func\u021bionare lin\u0103 \u0219i o durat\u0103 lung\u0103 de via\u021b\u0103<\/li>\n<li>Dimensiune<strong>: 101 mm x 88 mm<\/strong><\/li>\n<li>Greutate: <strong>299 g<\/strong>\/pereche<\/li>\n<\/ul>\n<p>&nbsp;<\/p>\n<p><strong>Alternative de culoare:<\/strong><strong><br \/>\n<\/strong><\/p>\n<ul>\n<li>Negru<\/li>\n<li>Ro\u0219u<\/li>\n<li>Albastru marin<\/li>\n<li>Albastru deschis<\/li>\n<li>Aur<\/li>\n<li>Violet<\/li>\n<li>Portocale<\/li>\n<li>Gri titan<\/li>\n<\/ul>\n<p>&nbsp;<\/p>\n<p><strong>AMBALARE<\/strong>: \u00een design P2R<\/p>\n","protected":false},"excerpt":{"rendered":"<p>P2R FLATMAN 50, 3SB Corpul pedalei este prelucrat CNC din aliaj AL \u0219i ofer\u0103 o greutate foarte mic\u0103 (299 g)<\/p>\n","protected":false},"featured_media":33793,"template":"","meta":{"_acf_changed":false},"product_brand":[],"product_cat":[553,554,1288],"product_tag":[],"class_list":{"0":"post-33056","1":"product","2":"type-product","3":"status-publish","4":"has-post-thumbnail","6":"product_cat-pedale-ro","7":"product_cat-mtb-ro","8":"product_cat-flatman_50-ro","10":"first","11":"instock","12":"taxable","13":"shipping-taxable","14":"purchasable","15":"product-type-simple"},"bundled_by":[],"bundle_stock_status":"instock","bundle_stock_quantity":91,"bundle_virtual":false,"bundle_layout":"","bundle_add_to_cart_form_location":"","bundle_editable_in_cart":false,"bundle_sold_individually_context":"","bundle_item_grouping":"","bundle_min_size":"","bundle_max_size":"","bundle_price":[],"bundled_items":[],"bundle_sell_ids":[],"acf":[],"_links":{"self":[{"href":"https:\/\/b2b.p2rbike.com\/ro\/wp-json\/wp\/v2\/product\/33056","targetHints":{"allow":["GET"]}}],"collection":[{"href":"https:\/\/b2b.p2rbike.com\/ro\/wp-json\/wp\/v2\/product"}],"about":[{"href":"https:\/\/b2b.p2rbike.com\/ro\/wp-json\/wp\/v2\/types\/product"}],"wp:featuredmedia":[{"embeddable":true,"href":"https:\/\/b2b.p2rbike.com\/ro\/wp-json\/wp\/v2\/media\/33793"}],"wp:attachment":[{"href":"https:\/\/b2b.p2rbike.com\/ro\/wp-json\/wp\/v2\/media?parent=33056"}],"wp:term":[{"taxonomy":"product_brand","embeddable":true,"href":"https:\/\/b2b.p2rbike.com\/ro\/wp-json\/wp\/v2\/product_brand?post=33056"},{"taxonomy":"product_cat","embeddable":true,"href":"https:\/\/b2b.p2rbike.com\/ro\/wp-json\/wp\/v2\/product_cat?post=33056"},{"taxonomy":"product_tag","embeddable":true,"href":"https:\/\/b2b.p2rbike.com\/ro\/wp-json\/wp\/v2\/product_tag?post=33056"}],"curies":[{"name":"wp","href":"https:\/\/api.w.org\/{rel}","templated":true}]}}