{"id":33175,"date":"2025-04-16T09:06:07","date_gmt":"2025-04-16T07:06:07","guid":{"rendered":"https:\/\/b2b.p2rbike.com\/?post_type=product&#038;p=33175"},"modified":"2025-04-16T09:08:48","modified_gmt":"2025-04-16T07:08:48","slug":"p2r-shockman-ergo-288-cupru-maro-copy","status":"publish","type":"product","link":"https:\/\/b2b.p2rbike.com\/ro\/produs\/p2r-shockman-ergo-288-cupru-maro-copy\/","title":{"rendered":"P2R SHOCKMAN ERGO 288, magenta roz"},"content":{"rendered":"<p>Forma ergonomic\u0103 a lui <strong>SHOCKMAN ERGO 288<\/strong> ofer\u0103 suport palmei ciclistului, elimin\u0103 oboseala \u0219i permite prelungirea timpului de mers, ceea ce \u00eei permite motociclistului s\u0103 parcurg\u0103 distan\u021be mai lungi. Potrivit pentru pozi\u021bia semi-dreapt\u0103 \u0219i vertical\u0103 pe biciclet\u0103 \u2013 \u00een principal pentru bicicli\u0219tii de <strong>City, Cross<\/strong> \u0219i <strong>Trekking<\/strong>.<\/p>\n<p><strong>CARACTERISTICI<\/strong>:<\/p>\n<ul>\n<li>Fabricat din <strong>TPR<\/strong> (cauciuc termoplastic)<\/li>\n<li>Model diamant pentru aderenta perfecta<\/li>\n<li>Lungime: <strong>130 mm<\/strong><\/li>\n<li>Diametru: <strong>\u00d8 22mm<\/strong><\/li>\n<li><strong>Lock-on<\/strong>: asigur\u0103 pozi\u021bia stabil\u0103<\/li>\n<li>Potrivit pentru majoritatea h\/bar-urilor de pe pia\u021b\u0103<\/li>\n<\/ul>\n<p><strong><br \/>\nALTERNATIVE DE CULOARE:<\/strong><\/p>\n<p>&nbsp;<\/p>\n<ul>\n<li>Negru &#8211; violet<\/li>\n<li>Negru \u2013 portocaliu<\/li>\n<li>Negru \u2013 verde lime<\/li>\n<li>Negru \u2013 auriu<\/li>\n<li>Negru &#8211; albastru deschis<\/li>\n<li>Negru \u2013 ro\u0219u<\/li>\n<li>Negru \u2013 gri titan<\/li>\n<li>Negru &#8211; negru<\/li>\n<li>Negru \u2013 bleumarin<\/li>\n<\/ul>\n<p>&nbsp;<\/p>\n<p><strong>AMBALARE<\/strong>: \u00een design P2R<\/p>\n","protected":false},"excerpt":{"rendered":"<p>Forma ergonomic\u0103 a lui SHOCKMAN ERGO 288 ofer\u0103 suport palmei ciclistului, elimin\u0103 oboseala \u0219i permite prelungirea timpului de mers, ceea<\/p>\n","protected":false},"featured_media":33182,"template":"","meta":{"_acf_changed":false},"product_brand":[],"product_cat":[579,1183,1329],"product_tag":[],"class_list":{"0":"post-33175","1":"product","2":"type-product","3":"status-publish","4":"has-post-thumbnail","6":"product_cat-mansoane","7":"product_cat-mansoane-ergonomice-ro","8":"product_cat-ergo_288-ro","10":"first","11":"instock","12":"taxable","13":"shipping-taxable","14":"purchasable","15":"product-type-simple"},"bundled_by":[],"bundle_stock_status":"instock","bundle_stock_quantity":308,"bundle_virtual":false,"bundle_layout":"","bundle_add_to_cart_form_location":"","bundle_editable_in_cart":false,"bundle_sold_individually_context":"","bundle_item_grouping":"","bundle_min_size":"","bundle_max_size":"","bundle_price":[],"bundled_items":[],"bundle_sell_ids":[],"acf":[],"_links":{"self":[{"href":"https:\/\/b2b.p2rbike.com\/ro\/wp-json\/wp\/v2\/product\/33175","targetHints":{"allow":["GET"]}}],"collection":[{"href":"https:\/\/b2b.p2rbike.com\/ro\/wp-json\/wp\/v2\/product"}],"about":[{"href":"https:\/\/b2b.p2rbike.com\/ro\/wp-json\/wp\/v2\/types\/product"}],"wp:featuredmedia":[{"embeddable":true,"href":"https:\/\/b2b.p2rbike.com\/ro\/wp-json\/wp\/v2\/media\/33182"}],"wp:attachment":[{"href":"https:\/\/b2b.p2rbike.com\/ro\/wp-json\/wp\/v2\/media?parent=33175"}],"wp:term":[{"taxonomy":"product_brand","embeddable":true,"href":"https:\/\/b2b.p2rbike.com\/ro\/wp-json\/wp\/v2\/product_brand?post=33175"},{"taxonomy":"product_cat","embeddable":true,"href":"https:\/\/b2b.p2rbike.com\/ro\/wp-json\/wp\/v2\/product_cat?post=33175"},{"taxonomy":"product_tag","embeddable":true,"href":"https:\/\/b2b.p2rbike.com\/ro\/wp-json\/wp\/v2\/product_tag?post=33175"}],"curies":[{"name":"wp","href":"https:\/\/api.w.org\/{rel}","templated":true}]}}