{"id":34458,"date":"2026-01-14T10:58:05","date_gmt":"2026-01-14T09:58:05","guid":{"rendered":"https:\/\/b2b.p2rbike.com\/?post_type=product&#038;p=34458"},"modified":"2026-01-14T11:03:10","modified_gmt":"2026-01-14T10:03:10","slug":"valva-tubeless-p2r-fr-11c-al-46mm-purple-oem-copy-3","status":"publish","type":"product","link":"https:\/\/b2b.p2rbike.com\/ro\/produs\/valva-tubeless-p2r-fr-11c-al-46mm-purple-oem-copy-3\/","title":{"rendered":"Valv\u0103 tubeless P2R TV46PUR, AL, 46mm, violet (OEM)"},"content":{"rendered":"<ul>\n<li>Valvele f\u0103r\u0103 tub <strong>TV46PUR <\/strong>(FV) sunt confec\u021bionate din material din aliaj de aluminiu u\u0219or<\/li>\n<li>Set <strong>2 bucati<\/strong><\/li>\n<li>Lungime <strong>46 mm<\/strong><\/li>\n<li><strong>Gaura de jos hexagonal\u0103<\/strong> \u0219i <strong>g\u0103urile laterale<\/strong> (u\u0219or de instalat folosind instrumentul Hex)<\/li>\n<li><strong>Baza supapei cu etan\u0219are de cauciuc<\/strong> evit\u0103 etan\u0219area \u0219i scurgerea presiunii anvelopelor<\/li>\n<li>Prezent\u00e2nd cu etan\u0219are de cauciuc, piuli\u021ba supapei ofer\u0103 cea mai bun\u0103 fixare a supapei \u0219i evit\u0103 scurgerea de etan\u0219are \u0219i presiune a anvelopelor<\/li>\n<li>Dou\u0103 valve includ un capac cu un instrument de \u00eendep\u0103rtare a miezului pentru umplere u\u0219oar\u0103<\/li>\n<li>Compatibil cu cele mai multe jante comune \u0219i inser\u021bii de anvelope<\/li>\n<\/ul>\n<p>&nbsp;<\/p>\n<p>&nbsp;<\/p>\n","protected":false},"excerpt":{"rendered":"<p>Valvele f\u0103r\u0103 tub TV46PUR (FV) sunt confec\u021bionate din material din aliaj de aluminiu u\u0219or Set 2 bucati Lungime 46 mm<\/p>\n","protected":false},"featured_media":30066,"template":"","meta":{"_acf_changed":false},"product_brand":[],"product_cat":[698,1236],"product_tag":[],"class_list":{"0":"post-34458","1":"product","2":"type-product","3":"status-publish","4":"has-post-thumbnail","6":"product_cat-supape-fara-tub","7":"product_cat-46-mm-ro-2","9":"first","10":"instock","11":"taxable","12":"shipping-taxable","13":"purchasable","14":"product-type-simple"},"bundled_by":[],"bundle_stock_status":"instock","bundle_stock_quantity":46,"bundle_virtual":false,"bundle_layout":"","bundle_add_to_cart_form_location":"","bundle_editable_in_cart":false,"bundle_sold_individually_context":"","bundle_item_grouping":"","bundle_min_size":"","bundle_max_size":"","bundle_price":[],"bundled_items":[],"bundle_sell_ids":[],"acf":[],"_links":{"self":[{"href":"https:\/\/b2b.p2rbike.com\/ro\/wp-json\/wp\/v2\/product\/34458","targetHints":{"allow":["GET"]}}],"collection":[{"href":"https:\/\/b2b.p2rbike.com\/ro\/wp-json\/wp\/v2\/product"}],"about":[{"href":"https:\/\/b2b.p2rbike.com\/ro\/wp-json\/wp\/v2\/types\/product"}],"wp:featuredmedia":[{"embeddable":true,"href":"https:\/\/b2b.p2rbike.com\/ro\/wp-json\/wp\/v2\/media\/30066"}],"wp:attachment":[{"href":"https:\/\/b2b.p2rbike.com\/ro\/wp-json\/wp\/v2\/media?parent=34458"}],"wp:term":[{"taxonomy":"product_brand","embeddable":true,"href":"https:\/\/b2b.p2rbike.com\/ro\/wp-json\/wp\/v2\/product_brand?post=34458"},{"taxonomy":"product_cat","embeddable":true,"href":"https:\/\/b2b.p2rbike.com\/ro\/wp-json\/wp\/v2\/product_cat?post=34458"},{"taxonomy":"product_tag","embeddable":true,"href":"https:\/\/b2b.p2rbike.com\/ro\/wp-json\/wp\/v2\/product_tag?post=34458"}],"curies":[{"name":"wp","href":"https:\/\/api.w.org\/{rel}","templated":true}]}}