{"id":34713,"date":"2024-04-30T12:11:56","date_gmt":"2024-04-30T10:11:56","guid":{"rendered":"https:\/\/b2b.p2rbike.com\/?post_type=product&#038;p=34713"},"modified":"2026-01-24T18:44:51","modified_gmt":"2026-01-24T17:44:51","slug":"p2r-downkick-50","status":"publish","type":"product","link":"https:\/\/b2b.p2rbike.com\/ro\/produs\/p2r-downkick-50\/","title":{"rendered":"P2R DOWNKICK 50"},"content":{"rendered":"<p>SUPORT<\/p>\n<p>Suportul spate <strong>P2R DOWNKICK 50<\/strong> este conceput pentru a oferi suport pentru aproape toate bicicletele <strong>JUNIOR\/CITY\/MTB\/CROSS<\/strong> de <strong>la 24&#8243; la 29&#8243;<\/strong> disponibile pe pia\u021b\u0103.<br \/>\nSe fixeaz\u0103 cu <strong>3 \u0219uruburi Allen<\/strong> (fixeaz\u0103 2 contrapiese \u00eempreun\u0103) folosind <strong>tampoane de cauciuc antizg\u00e2rieturi<\/strong> care fixeaz\u0103 suportul \u00een siguran\u021b\u0103 \u00een pozi\u021bia dorit\u0103.<br \/>\n<strong>Reglarea lungimii f\u0103r\u0103 unelte<\/strong> prin ap\u0103sarea butonului ro\u0219u de pe partea inferioar\u0103 din plastic.<\/p>\n<p><strong><br \/>\nCARACTERISTICI<\/strong>:<\/p>\n<ul>\n<li>Suport spate potrivit pentru aproape toate categoriile de biciclete <strong>24&#8243;- 29&#8243;<\/strong> (contrapies\u0103 inclus\u0103)<\/li>\n<li><strong>Reglarea lungimii<\/strong> f\u0103r\u0103 unelte<\/li>\n<\/ul>\n<p><strong><br \/>\nDETALII<\/strong>:<\/p>\n<ul>\n<li>Materiale: <strong>Aliaj de aluminiu<\/strong><\/li>\n<li>Greutate: <strong>369 g<\/strong><\/li>\n<\/ul>\n","protected":false},"excerpt":{"rendered":"<p>SUPORT Suportul spate P2R DOWNKICK 50 este conceput pentru a oferi suport pentru aproape toate bicicletele JUNIOR\/CITY\/MTB\/CROSS de la 24&#8243;<\/p>\n","protected":false},"featured_media":29848,"template":"","meta":{"_acf_changed":false},"product_brand":[],"product_cat":[693,709],"product_tag":[],"class_list":{"0":"post-34713","1":"product","2":"type-product","3":"status-publish","4":"has-post-thumbnail","6":"product_cat-cric","7":"product_cat-spate-chainstay","9":"first","10":"instock","11":"taxable","12":"shipping-taxable","13":"purchasable","14":"product-type-simple"},"bundled_by":[],"bundle_stock_status":"instock","bundle_stock_quantity":281,"bundle_virtual":false,"bundle_layout":"","bundle_add_to_cart_form_location":"","bundle_editable_in_cart":false,"bundle_sold_individually_context":"","bundle_item_grouping":"","bundle_min_size":"","bundle_max_size":"","bundle_price":[],"bundled_items":[],"bundle_sell_ids":[],"acf":[],"_links":{"self":[{"href":"https:\/\/b2b.p2rbike.com\/ro\/wp-json\/wp\/v2\/product\/34713","targetHints":{"allow":["GET"]}}],"collection":[{"href":"https:\/\/b2b.p2rbike.com\/ro\/wp-json\/wp\/v2\/product"}],"about":[{"href":"https:\/\/b2b.p2rbike.com\/ro\/wp-json\/wp\/v2\/types\/product"}],"wp:featuredmedia":[{"embeddable":true,"href":"https:\/\/b2b.p2rbike.com\/ro\/wp-json\/wp\/v2\/media\/29848"}],"wp:attachment":[{"href":"https:\/\/b2b.p2rbike.com\/ro\/wp-json\/wp\/v2\/media?parent=34713"}],"wp:term":[{"taxonomy":"product_brand","embeddable":true,"href":"https:\/\/b2b.p2rbike.com\/ro\/wp-json\/wp\/v2\/product_brand?post=34713"},{"taxonomy":"product_cat","embeddable":true,"href":"https:\/\/b2b.p2rbike.com\/ro\/wp-json\/wp\/v2\/product_cat?post=34713"},{"taxonomy":"product_tag","embeddable":true,"href":"https:\/\/b2b.p2rbike.com\/ro\/wp-json\/wp\/v2\/product_tag?post=34713"}],"curies":[{"name":"wp","href":"https:\/\/api.w.org\/{rel}","templated":true}]}}