{"id":34951,"date":"2026-04-06T13:01:59","date_gmt":"2026-04-06T11:01:59","guid":{"rendered":"https:\/\/b2b.p2rbike.com\/?post_type=product&#038;p=34951"},"modified":"2026-04-06T14:07:01","modified_gmt":"2026-04-06T12:07:01","slug":"p2r-fotton-400-copy","status":"publish","type":"product","link":"https:\/\/b2b.p2rbike.com\/ro\/produs\/p2r-fotton-400-copy\/","title":{"rendered":"P2R FOTTON 600BCD"},"content":{"rendered":"<p>LAMPA FATA<\/p>\n<p><strong>P2R FOTTON 600 BCD<\/strong> (model nou din seria P2R FOTTON) este o lumin\u0103 frontal\u0103 de ciclism de mare putere, <strong>re\u00eenc\u0103rcabil\u0103 prin USB<\/strong> (tip USB C), fabricat\u0103 din aliaj de aluminiu, dedicat\u0103 tuturor cicli\u0219tilor care \u00ee\u0219i doresc cu adev\u0103rat s\u0103 fie v\u0103zu\u021bi pe \u0219osea \u0219i s\u0103 aib\u0103 o lumin\u0103 suficient de puternic\u0103 pentru a merge cu bicicleta, indiferent de condi\u021biile de lumin\u0103 natural\u0103, \u00eentuneric sau trafic foarte abundent \u00een ora\u0219, ploaie sau cea\u021b\u0103 etc.<br \/>\nFOTTON 600 BCD folose\u0219te un suport de tip Garmin \u0219i fixarea pe biciclet\u0103 dureaz\u0103 doar o secund\u0103.<br \/>\nForma optimizat\u0103 a fasciculului luminos permite utilizarea acestei lumini \u0219i pentru diferite scopuri, cum ar fi acas\u0103, \u00een camping sau \u00een garaj.<br \/>\nEfectul de memorie re\u021bine ultimul mod, ce lumin\u0103 a fost utilizat\u0103 ultima dat\u0103, afi\u0219ajul capacit\u0103\u021bii informeaz\u0103 despre timpul de func\u021bionare r\u0103mas al bateriei (\u00een fiecare mod), func\u021bia de baterie extern\u0103 \u0219i modul automat al senzorului o fac \u0219i mai universal\u0103.<br \/>\n<strong>Efect de memorie<\/strong> &#8211; func\u021bia de memorare a ultimului mod utilizat ofer\u0103 reactivarea \u00een modul preferat.<br \/>\n<strong>Afi\u0219aj capacitate<\/strong> &#8211; v\u0103 informeaz\u0103 constant despre capacitatea r\u0103mas\u0103 a bateriei<br \/>\n<strong>Power bank<\/strong> &#8211; v\u0103 permite s\u0103 \u00eenc\u0103rca\u021bi telefonul dac\u0103 este necesar (cablu de \u00eenc\u0103rcare USB-C \u0219i USB-C inclus \u00een pachet)<br \/>\n<strong>Suport Garmin<\/strong> &#8211; instalare \u0219i demontare simpl\u0103 \u0219i rapid\u0103 a luminii pentru biciclet\u0103.<br \/>\n<strong>Mod automat<\/strong> &#8211; face\u021bi dublu clic pentru a activa modul automat, c\u00e2nd lumina se aprinde automat c\u00e2nd vizibilitatea scade<\/p>\n<p><strong>CARACTERISTICI<\/strong>:<br \/>\nLuminozitate maxim\u0103: <strong>600 lm<\/strong><br \/>\nSurs\u0103 de lumin\u0103: <strong>1 x LED CREE T6 SuperBright<\/strong><\/p>\n<p><strong>MODURI<\/strong> disponibile:<br \/>\nStandlight: 100%, 70%, 30%<br \/>\nFlashing: 100%, intermitent SOS<br \/>\nMod senzor: func\u021bioneaz\u0103 automat<\/p>\n<p><strong>Durata de via\u021b\u0103 a bateriei:<\/strong><br \/>\nLumin\u0103 de sus\u021binere: 100% (<strong>1h50 min<\/strong>) &#8211; 50% (<strong>4h10 min<\/strong>) &#8211; 30% (<strong>6h30 min<\/strong>)<br \/>\nIntermitent: 100% (<strong>2h30 min<\/strong>), SOS 100% (2h)<\/p>\n<p><strong>Func\u021bie baterie extern\u0103:<\/strong> permite \u00eenc\u0103rcarea telefonului mobil atunci c\u00e2nd este nevoie<br \/>\n<strong>Mod senzor<\/strong>: func\u021bioneaz\u0103 automat c\u00e2nd se las\u0103 \u00eentuneric (v\u0103 rug\u0103m s\u0103 fi\u021bi aten\u021bi \u0219i s\u0103 verifica\u021bi corectitudinea modului \u00eenainte de a p\u0103r\u0103si bicicleta).<\/p>\n<p>Timp de \u00eenc\u0103rcare: <strong>2 ore<\/strong><br \/>\nBaterie: <strong>Li-pol 1200 mAh<\/strong><\/p>\n<p><strong>Indicator:<\/strong><br \/>\nalbastru &#8211; se \u00eencarc\u0103<br \/>\nro\u0219u &#8211; apare dac\u0103 capacitatea bateriei a atins punctul critic mai mic de 10%<\/p>\n<p><strong>DETALII:<\/strong><br \/>\nDimensiuni: 70,5 x 30 x 30,5 mm (doar lampa)<br \/>\nGreutate: 94 g (lamp\u0103 + curea de silicon)<br \/>\n<strong>IPX6<\/strong> &#8211; impermeabil<\/p>\n<p><strong>ACCESORII:<\/strong><br \/>\ncablu de \u00eenc\u0103rcare tip C pe ambele p\u0103r\u021bi<\/p>\n<p><strong>COMPATIBILITATE:<\/strong><br \/>\ninstalare f\u0103r\u0103 scule pentru majoritatea ghidonelor obi\u0219nuite, cu diametrul 25,4 mm &#8211; 31,8 mm<\/p>\n<p><strong>AMBALARE:<\/strong> cutie de ambalare P2R<\/p>\n","protected":false},"excerpt":{"rendered":"<p>LAMPA FATA P2R FOTTON 600 BCD (model nou din seria P2R FOTTON) este o lumin\u0103 frontal\u0103 de ciclism de mare<\/p>\n","protected":false},"featured_media":18888,"template":"","meta":{"_acf_changed":false},"product_brand":[],"product_cat":[703,705],"product_tag":[],"class_list":{"0":"post-34951","1":"product","2":"type-product","3":"status-publish","4":"has-post-thumbnail","6":"product_cat-lumina-bicicletei","7":"product_cat-lumina-frontala","9":"first","10":"outofstock","11":"taxable","12":"shipping-taxable","13":"purchasable","14":"product-type-simple"},"bundled_by":[],"bundle_stock_status":"outofstock","bundle_stock_quantity":0,"bundle_virtual":false,"bundle_layout":"","bundle_add_to_cart_form_location":"","bundle_editable_in_cart":false,"bundle_sold_individually_context":"","bundle_item_grouping":"","bundle_min_size":"","bundle_max_size":"","bundle_price":[],"bundled_items":[],"bundle_sell_ids":[],"acf":[],"_links":{"self":[{"href":"https:\/\/b2b.p2rbike.com\/ro\/wp-json\/wp\/v2\/product\/34951","targetHints":{"allow":["GET"]}}],"collection":[{"href":"https:\/\/b2b.p2rbike.com\/ro\/wp-json\/wp\/v2\/product"}],"about":[{"href":"https:\/\/b2b.p2rbike.com\/ro\/wp-json\/wp\/v2\/types\/product"}],"wp:featuredmedia":[{"embeddable":true,"href":"https:\/\/b2b.p2rbike.com\/ro\/wp-json\/wp\/v2\/media\/18888"}],"wp:attachment":[{"href":"https:\/\/b2b.p2rbike.com\/ro\/wp-json\/wp\/v2\/media?parent=34951"}],"wp:term":[{"taxonomy":"product_brand","embeddable":true,"href":"https:\/\/b2b.p2rbike.com\/ro\/wp-json\/wp\/v2\/product_brand?post=34951"},{"taxonomy":"product_cat","embeddable":true,"href":"https:\/\/b2b.p2rbike.com\/ro\/wp-json\/wp\/v2\/product_cat?post=34951"},{"taxonomy":"product_tag","embeddable":true,"href":"https:\/\/b2b.p2rbike.com\/ro\/wp-json\/wp\/v2\/product_tag?post=34951"}],"curies":[{"name":"wp","href":"https:\/\/api.w.org\/{rel}","templated":true}]}}