{"id":34957,"date":"2026-04-06T14:29:43","date_gmt":"2026-04-06T12:29:43","guid":{"rendered":"https:\/\/b2b.p2rbike.com\/?post_type=product&#038;p=34957"},"modified":"2026-04-06T15:16:26","modified_gmt":"2026-04-06T13:16:26","slug":"p2r-sirio-100-copy","status":"publish","type":"product","link":"https:\/\/b2b.p2rbike.com\/ro\/produs\/p2r-sirio-100-copy\/","title":{"rendered":"P2R SIRIO 70C"},"content":{"rendered":"<p><strong>P2R SIRIO 70C<\/strong><\/p>\n<p>Lamp\u0103 de siguran\u021b\u0103 din aliaj de aluminiu, calitate PREMIUM, eficien\u021b\u0103 ridicat\u0103, re\u00eenc\u0103rcabil\u0103 prin USB-C, prelucrat\u0103 <strong>CNC<\/strong>, conceput\u0103 special pentru pasiona\u021bii de ciclism care iubesc inova\u021biile, siguran\u021ba sporit\u0103, frumuse\u021bea, perfec\u021biunea calit\u0103\u021bii \u00een fiecare detaliu \u0219i eficien\u021b\u0103 ridicat\u0103 \u00eentr-un singur produs.<\/p>\n<p><strong>DETALII:<\/strong><br \/>\nPutere de iluminare: <strong>70 lm<\/strong><br \/>\nSursa de lumina: <strong>COP de dioda LED<\/strong><br \/>\nDurata de via\u021b\u0103 a bateriei:<br \/>\nLumin\u0103 de sta\u021bionare:: sc\u0103zut 45 Lm (<strong>2 ore 30 min<\/strong>) &#8211; mediu 55 Lm (<strong>1 or\u0103 30 min<\/strong>) &#8211; ridicat 70 Lm (<strong>50 min<\/strong>)<br \/>\nIntermitent: intensitate redus\u0103 10 Lm (<strong>60 ore<\/strong>) &#8211; intensitate medie 45 Lm (<strong>2 ore 30 min<\/strong>) &#8211; intensitate mare 70 Lm (<strong>1 or\u0103 10 min<\/strong>) &#8211; SOS 70 Lm (<strong>1 or\u0103 20 min<\/strong>)<br \/>\nTimp de \u00eenc\u0103rcare: <strong>1,0-1,5 ore<\/strong><br \/>\nBATERIE: <strong>Li-pol 3.7V 330mAh<\/strong><br \/>\nM\u0103sur\u0103: 41*27*25 mm (inclusiv panoul <strong>LED COB CURVED)<\/strong><br \/>\nGreutate: <strong>48 g<\/strong> inclusiv suport (greutate suport <strong>15 g<\/strong>)<br \/>\nNivel de impermeabilitate: <strong>IPX 6<\/strong>\u00a0(rezistent la ap\u0103)<\/p>\n<p><strong>ACCESORII:<\/strong><br \/>\nCablu USB-C (inclus \u00een ambalaj)<\/p>\n<p><strong>COMPATIBILITATE:<\/strong><br \/>\nToate formele \u0219i dimensiunile obi\u0219nuite de tij\u0103 de \u0219a \u0219i \u0219a<\/p>\n<p><strong>AMBALARE<\/strong>:<br \/>\nP2R color box<\/p>\n","protected":false},"excerpt":{"rendered":"<p>P2R SIRIO 70C Lamp\u0103 de siguran\u021b\u0103 din aliaj de aluminiu, calitate PREMIUM, eficien\u021b\u0103 ridicat\u0103, re\u00eenc\u0103rcabil\u0103 prin USB-C, prelucrat\u0103 CNC, conceput\u0103<\/p>\n","protected":false},"featured_media":0,"template":"","meta":{"_acf_changed":false},"product_brand":[],"product_cat":[703,706],"product_tag":[],"class_list":{"0":"post-34957","1":"product","2":"type-product","3":"status-publish","5":"product_cat-lumina-bicicletei","6":"product_cat-lumina-de-siguranta","8":"first","9":"outofstock","10":"taxable","11":"shipping-taxable","12":"purchasable","13":"product-type-simple"},"bundled_by":[],"bundle_stock_status":"outofstock","bundle_stock_quantity":0,"bundle_virtual":false,"bundle_layout":"","bundle_add_to_cart_form_location":"","bundle_editable_in_cart":false,"bundle_sold_individually_context":"","bundle_item_grouping":"","bundle_min_size":"","bundle_max_size":"","bundle_price":[],"bundled_items":[],"bundle_sell_ids":[],"acf":[],"_links":{"self":[{"href":"https:\/\/b2b.p2rbike.com\/ro\/wp-json\/wp\/v2\/product\/34957","targetHints":{"allow":["GET"]}}],"collection":[{"href":"https:\/\/b2b.p2rbike.com\/ro\/wp-json\/wp\/v2\/product"}],"about":[{"href":"https:\/\/b2b.p2rbike.com\/ro\/wp-json\/wp\/v2\/types\/product"}],"wp:attachment":[{"href":"https:\/\/b2b.p2rbike.com\/ro\/wp-json\/wp\/v2\/media?parent=34957"}],"wp:term":[{"taxonomy":"product_brand","embeddable":true,"href":"https:\/\/b2b.p2rbike.com\/ro\/wp-json\/wp\/v2\/product_brand?post=34957"},{"taxonomy":"product_cat","embeddable":true,"href":"https:\/\/b2b.p2rbike.com\/ro\/wp-json\/wp\/v2\/product_cat?post=34957"},{"taxonomy":"product_tag","embeddable":true,"href":"https:\/\/b2b.p2rbike.com\/ro\/wp-json\/wp\/v2\/product_tag?post=34957"}],"curies":[{"name":"wp","href":"https:\/\/api.w.org\/{rel}","templated":true}]}}