{"id":13123,"date":"2022-08-10T16:35:58","date_gmt":"2022-08-10T14:35:58","guid":{"rendered":"https:\/\/b2b.p2rbike.com\/?page_id=13123"},"modified":"2022-09-07T08:32:59","modified_gmt":"2022-09-07T06:32:59","slug":"pravidla-pouzivania-cookies","status":"publish","type":"page","link":"https:\/\/b2b.p2rbike.com\/sk\/pravidla-pouzivania-cookies\/","title":{"rendered":"Pravidl\u00e1 pou\u017e\u00edvania Cookies"},"content":{"rendered":"\t\t<div data-elementor-type=\"wp-page\" data-elementor-id=\"13123\" class=\"elementor elementor-13123 elementor-12014\" data-elementor-post-type=\"page\">\n\t\t\t\t\t\t<section class=\"wd-negative-gap elementor-section elementor-top-section elementor-element elementor-element-5ca5d42 elementor-section-boxed elementor-section-height-default elementor-section-height-default\" data-id=\"5ca5d42\" data-element_type=\"section\">\n\t\t\t\t\t\t<div class=\"elementor-container elementor-column-gap-default\">\n\t\t\t\t\t<div class=\"elementor-column elementor-col-100 elementor-top-column elementor-element elementor-element-c3eed50\" data-id=\"c3eed50\" data-element_type=\"column\">\n\t\t\t<div class=\"elementor-widget-wrap elementor-element-populated\">\n\t\t\t\t\t\t<div class=\"elementor-element elementor-element-f98dd64 elementor-widget elementor-widget-heading\" data-id=\"f98dd64\" data-element_type=\"widget\" data-widget_type=\"heading.default\">\n\t\t\t\t<div class=\"elementor-widget-container\">\n\t\t\t\t\t<h2 class=\"elementor-heading-title elementor-size-default\">Z\u00e1sady pou\u017e\u00edvania s\u00faborov cookies <\/h2>\t\t\t\t<\/div>\n\t\t\t\t<\/div>\n\t\t\t\t<div class=\"elementor-element elementor-element-c56cba3 color-scheme-inherit text-left elementor-widget elementor-widget-text-editor\" data-id=\"c56cba3\" data-element_type=\"widget\" data-widget_type=\"text-editor.default\">\n\t\t\t\t<div class=\"elementor-widget-container\">\n\t\t\t\t\t\t\t\t\t<p>Z\u00e1sady pou\u017e\u00edvania cookies na webov\u00fdch str\u00e1nkach spolo\u010dnosti ORBISSON, s.r.o. informuj\u00fa u\u017e\u00edvate\u013eov o vyu\u017e\u00edvan\u00ed t\u00fdchto s\u00faborov a im podobn\u00fdch, ktor\u00e9 upravuje smernica E\u00da 2002\/58\/ES o s\u00fakrom\u00ed a elektronick\u00fdch komunik\u00e1ci\u00e1ch.<\/p>\t\t\t\t\t\t\t\t<\/div>\n\t\t\t\t<\/div>\n\t\t\t\t<div class=\"elementor-element elementor-element-2312bc8 elementor-widget elementor-widget-heading\" data-id=\"2312bc8\" data-element_type=\"widget\" data-widget_type=\"heading.default\">\n\t\t\t\t<div class=\"elementor-widget-container\">\n\t\t\t\t\t<h2 class=\"elementor-heading-title elementor-size-default\">S\u00fabory cookies<\/h2>\t\t\t\t<\/div>\n\t\t\t\t<\/div>\n\t\t\t\t<div class=\"elementor-element elementor-element-a68a6e2 color-scheme-inherit text-left elementor-widget elementor-widget-text-editor\" data-id=\"a68a6e2\" data-element_type=\"widget\" data-widget_type=\"text-editor.default\">\n\t\t\t\t<div class=\"elementor-widget-container\">\n\t\t\t\t\t\t\t\t\t<p>S cie\u013eom zabezpe\u010di\u0165 riadne fungovanie tejto webovej lokality uklad\u00e1me na va\u0161om zariaden\u00ed mal\u00e9 d\u00e1tov\u00e9 s\u00fabory, tzv. cookie. Je to be\u017en\u00e1 a u\u017eito\u010dn\u00e1 prax v\u00e4\u010d\u0161iny ve\u013ek\u00fdch webov\u00fdch lokal\u00edt. Pokra\u010dovan\u00edm v prezeran\u00ed na\u0161ich str\u00e1nok bez zmeny nastaven\u00ed cookies vo va\u0161om prehliada\u010di vyjadrujete s\u00fahlas s ukladan\u00edm cookies na va\u0161om zariaden\u00ed. Podrobnosti o odvolan\u00ed s\u00fahlasu s\u00fa uveden\u00e9 ni\u017e\u0161ie v \u010dasti \u201eako kontrolova\u0165 s\u00fabory cookie\u201c.<\/p>\t\t\t\t\t\t\t\t<\/div>\n\t\t\t\t<\/div>\n\t\t\t\t<div class=\"elementor-element elementor-element-460bc7b elementor-widget elementor-widget-heading\" data-id=\"460bc7b\" data-element_type=\"widget\" data-widget_type=\"heading.default\">\n\t\t\t\t<div class=\"elementor-widget-container\">\n\t\t\t\t\t<h2 class=\"elementor-heading-title elementor-size-default\">How do we use cookies?<\/h2>\t\t\t\t<\/div>\n\t\t\t\t<\/div>\n\t\t\t\t<div class=\"elementor-element elementor-element-5263d49 color-scheme-inherit text-left elementor-widget elementor-widget-text-editor\" data-id=\"5263d49\" data-element_type=\"widget\" data-widget_type=\"text-editor.default\">\n\t\t\t\t<div class=\"elementor-widget-container\">\n\t\t\t\t\t\t\t\t\t<p>Like most online services, our website uses first-party and third-party cookies for a number of purposes. First-party cookies are usually necessary for the proper functioning of the website and do not collect any of your personal data.<\/p><p>In particular, third-party cookies used on our website serve to understand how the website works, how you communicate with it, to maintain the security of our services, to provide advertisements that are relevant to you. Overall, they provide you with a better and better user experience and help accelerate your future interactions with our website.<\/p>\t\t\t\t\t\t\t\t<\/div>\n\t\t\t\t<\/div>\n\t\t\t\t<div class=\"elementor-element elementor-element-e1efe3d elementor-widget elementor-widget-heading\" data-id=\"e1efe3d\" data-element_type=\"widget\" data-widget_type=\"heading.default\">\n\t\t\t\t<div class=\"elementor-widget-container\">\n\t\t\t\t\t<h2 class=\"elementor-heading-title elementor-size-default\">Ak\u00e9 typy cookies pou\u017e\u00edvame?<\/h2>\t\t\t\t<\/div>\n\t\t\t\t<\/div>\n\t\t\t\t<div class=\"elementor-element elementor-element-b17fa7d color-scheme-inherit text-left elementor-widget elementor-widget-text-editor\" data-id=\"b17fa7d\" data-element_type=\"widget\" data-widget_type=\"text-editor.default\">\n\t\t\t\t<div class=\"elementor-widget-container\">\n\t\t\t\t\t\t\t\t\t<p>Na str\u00e1nkach https:\/\/b2b.p2rbike.com\/ pou\u017e\u00edvame cookies v r\u00e1mci slu\u017eby Google Analytics, Google AdWords a syst\u00e9mu SCR\u00ae CMS, ktor\u00e9 n\u00e1m pom\u00e1haj\u00fa prisp\u00f4sobi\u0165 str\u00e1nku va\u0161im potreb\u00e1m. Va\u0161e s\u00fakromie je pre n\u00e1s d\u00f4le\u017eit\u00e9, a preto s\u00fa v\u0161etky tieto \u00fadaje anonymn\u00e9 a o u\u017e\u00edvate\u013eovi nezaznamen\u00e1vaj\u00fa \u017eiadne osobn\u00e9 \u00fadaje, ani \u00fadaje, ktor\u00e9 by mohli vies\u0165 k identifik\u00e1cii jeho osoby. Tieto \u00fadaje s\u00fa vyu\u017e\u00edvan\u00e9 len na \u0161tatistick\u00e9, technick\u00e9 a marketingov\u00e9 \u00fa\u010dely.<\/p><p><em><strong>Analytick\u00e9: <\/strong>tieto s\u00fabory cookies\u00a0 sl\u00fa\u017eia na vytv\u00e1ranie anonymn\u00fdch preh\u013eadov o ob\u013e\u00fabenosti a n\u00e1v\u0161tevnosti jednotliv\u00fdch str\u00e1nok. Vygenerovan\u00e9 inform\u00e1cie s\u00fa ulo\u017een\u00e9 ako anonymn\u00e1 \u0161tatistika v spolo\u010dnosti Google, bez mo\u017enosti priradenia ku konkr\u00e9tnej osobe.<\/em><\/p><p><em><strong>Funk\u010dn\u00e9 cookies:<\/strong><\/em>\u00a0tieto s\u00fabory s\u00fa zaveden\u00e9 v r\u00e1mci syst\u00e9mu administr\u00e1cie str\u00e1nok spolo\u010dnosti. Tieto cookies ukladaj\u00fa preferencie u\u017e\u00edvate\u013esk\u00e9ho rozhrania. V\u010faka nim v\u00e1\u0161 prehliada\u010d dok\u00e1\u017ee rozpozna\u0165, \u010di m\u00e1te funk\u010dn\u00fd Java Script, grafick\u00e9 preferencie, ako napr\u00edklad rozlo\u017eenie a ve\u013ekos\u0165. Vyu\u017e\u00edvanie t\u00fdchto cookies v\u00e1m pom\u00e1ha komfortnej\u0161ie prehliada\u0165 na\u0161e webov\u00e9 str\u00e1nky. Spolo\u010dnos\u0165 ORBISSON, s.r.o. tieto \u00fadaje nevyu\u017e\u00edva v \u017eiadnych intern\u00fdch \u0161tatistik\u00e1ch. SCR\u00ae CMS cookies patria do kateg\u00f3rie funk\u010dn\u00fdch.<\/p><p><em><strong>Reklamn\u00e9 a marketingov\u00e9:<\/strong><\/em> tieto s\u00fabory cookies n\u00e1m pom\u00e1haj\u00fa spozna\u0165 v\u00e1s pri n\u00e1vrate na str\u00e1nku a umo\u017e\u0148uj\u00fa n\u00e1m upravi\u0165 v\u00e1m str\u00e1nku na mieru a pon\u00faknu\u0165 v\u00e1m zacielen\u00e9 ponuky pod\u013ea va\u0161ich z\u00e1ujmov. Pou\u017e\u00edvaj\u00fa sa aj na obmedzenie po\u010dtu zobrazen\u00ed reklamy a ako pomoc pri meran\u00ed efektivity reklamn\u00fdch kampan\u00ed.<\/p><p><em><strong>Pre administr\u00e1ciu str\u00e1nky<\/strong><\/em>: tieto cookies ukladaj\u00fa preferencie u\u017e\u00edvate\u013esk\u00e9ho rozhrania. V\u010faka nim v\u00e1\u0161 prehliada\u010d dok\u00e1\u017ee rozpozna\u0165, \u010di m\u00e1te funk\u010dn\u00fd Java Script, grafick\u00e9 preferencie, ako napr\u00edklad rozlo\u017eenie a ve\u013ekos\u0165. Vyu\u017e\u00edvanie t\u00fdchto cookies v\u00e1m pom\u00e1ha komfortnej\u0161ie prehliada\u0165 na\u0161e webov\u00e9 str\u00e1nky. Spolo\u010dnos\u0165 ORBISSON, s.r.o. tieto \u00fadaje nevyu\u017e\u00edva v \u017eiadnych intern\u00fdch \u0161tatistik\u00e1ch. SCR\u00ae CMS cookies patria do kateg\u00f3rie funk\u010dn\u00fdch.<\/p><p>Cookies nepou\u017e\u00edvame na \u017eiadne in\u00e9 \u00fa\u010dely ako s\u00fa uveden\u00e9 vy\u0161\u0161ie. Jednotliv\u00e9 \u00fadaje s\u00fa spr\u00edstupnen\u00e9 len pre vybran\u00fdch zamestnancov spolo\u010dnosti ORBISSON, s.r.o. a opr\u00e1vnen\u00e9ho spr\u00e1vcu na\u0161ich webov\u00fdch str\u00e1nok.<\/p><p>\u00a0<\/p>\t\t\t\t\t\t\t\t<\/div>\n\t\t\t\t<\/div>\n\t\t\t\t<div class=\"elementor-element elementor-element-1c4259d elementor-widget elementor-widget-heading\" data-id=\"1c4259d\" data-element_type=\"widget\" data-widget_type=\"heading.default\">\n\t\t\t\t<div class=\"elementor-widget-container\">\n\t\t\t\t\t<h2 class=\"elementor-heading-title elementor-size-default\">Ako kontrolova\u0165 nastavenie cookie?<\/h2>\t\t\t\t<\/div>\n\t\t\t\t<\/div>\n\t\t\t\t<div class=\"elementor-element elementor-element-60aed87 color-scheme-inherit text-left elementor-widget elementor-widget-text-editor\" data-id=\"60aed87\" data-element_type=\"widget\" data-widget_type=\"text-editor.default\">\n\t\t\t\t<div class=\"elementor-widget-container\">\n\t\t\t\t\t\t\t\t\t<p>S\u00fabory cookie, ktor\u00e9 pou\u017e\u00edvame na na\u0161ich str\u00e1nkach, s\u00fa trval\u00e9 a do\u010dasn\u00e9. Trval\u00e9 cookies ost\u00e1vaj\u00fa vo va\u0161om zariaden\u00ed aj po opusten\u00ed na\u0161ich str\u00e1nok, do\u010dasn\u00e9 sa vyma\u017e\u00fa po ukon\u010den\u00ed n\u00e1v\u0161tevy\/zavret\u00ed prehliada\u010da. V\u0161etky cookies m\u00f4\u017eete kontrolova\u0165 a\/alebo zmaza\u0165 pod\u013ea uv\u00e1\u017eenia. M\u00f4\u017eete vymaza\u0165 v\u0161etky s\u00fabory cookie ulo\u017een\u00e9 vo svojom po\u010d\u00edta\u010di alebo inom zariaden\u00ed a v\u00e4\u010d\u0161inu prehliada\u010dov m\u00f4\u017eete nastavi\u0165 tak, aby ste im znemo\u017enili ich ukladanie. N\u00e1vod na blokovanie a zmazanie cookies n\u00e1jdete na domovsk\u00fdch str\u00e1nkach va\u0161ich prehliada\u010dov. Podrobnosti o odstra\u0148ovan\u00ed a odmietan\u00ed s\u00faborov cookie a \u010fal\u0161ie inform\u00e1cie o t\u00fdchto s\u00faboroch n\u00e1jdete aj na webovej lokalite www.aboutcookies.org alebo www.allaboutcookies.org.<\/p><p>Inform\u00e1cie o pou\u017e\u00edvan\u00ed s\u00faborov cookie v preh\u013ead\u00e1va\u010doch v mobiln\u00fdch telef\u00f3noch a podrobnosti o odmietnut\u00ed a odstr\u00e1nen\u00ed tak\u00fdchto s\u00faborov cookie n\u00e1jdete v pr\u00edru\u010dke k v\u00e1\u0161mu telef\u00f3nu alebo tabletu. Po blokovan\u00ed s\u00faborov cookie budete m\u00f4c\u0165 aj na\u010falej nav\u0161tevova\u0165 na\u0161e str\u00e1nky, av\u0161ak niektor\u00e9 funkcie nemusia fungova\u0165 spr\u00e1vne. Z\u00e1rove\u0148 sa nebud\u00fa uklada\u0165 va\u0161e preferovan\u00e9 nastavenia webovej lokality, nebudeme m\u00f4c\u0165 analyzova\u0165 n\u00e1v\u0161tevnos\u0165 na\u0161ich str\u00e1nok a prisp\u00f4sobova\u0165 ich nastavenia potreb\u00e1m u\u017e\u00edvate\u013eov.<\/p><p>Inform\u00e1cie o pou\u017e\u00edvan\u00ed s\u00faborov cookie v preh\u013ead\u00e1va\u010doch v mobiln\u00fdch telef\u00f3noch a podrobnosti o odmietnut\u00ed a odstr\u00e1nen\u00ed tak\u00fdchto s\u00faborov cookie n\u00e1jdete v pr\u00edru\u010dke k v\u00e1\u0161mu telef\u00f3nu alebo tabletu. Po blokovan\u00ed s\u00faborov cookie budete m\u00f4c\u0165 aj na\u010falej nav\u0161tevova\u0165 na\u0161e str\u00e1nky, av\u0161ak niektor\u00e9 funkcie nemusia fungova\u0165 spr\u00e1vne. Z\u00e1rove\u0148 sa nebud\u00fa uklada\u0165 va\u0161e preferovan\u00e9 nastavenia webovej lokality, nebudeme m\u00f4c\u0165 analyzova\u0165 n\u00e1v\u0161tevnos\u0165 na\u0161ich str\u00e1nok a prisp\u00f4sobova\u0165 ich nastavenia potreb\u00e1m u\u017e\u00edvate\u013eov.<\/p>\t\t\t\t\t\t\t\t<\/div>\n\t\t\t\t<\/div>\n\t\t\t\t\t<\/div>\n\t\t<\/div>\n\t\t\t\t\t<\/div>\n\t\t<\/section>\n\t\t\t\t<\/div>\n\t\t","protected":false},"excerpt":{"rendered":"<p>Z\u00e1sady pou\u017e\u00edvania s\u00faborov cookies Z\u00e1sady pou\u017e\u00edvania cookies na webov\u00fdch str\u00e1nkach spolo\u010dnosti ORBISSON, s.r.o. informuj\u00fa u\u017e\u00edvate\u013eov o vyu\u017e\u00edvan\u00ed t\u00fdchto s\u00faborov a<\/p>\n","protected":false},"author":1,"featured_media":0,"parent":0,"menu_order":0,"comment_status":"closed","ping_status":"closed","template":"","meta":{"_acf_changed":false,"footnotes":""},"class_list":["post-13123","page","type-page","status-publish","hentry"],"acf":[],"rankMath":{"parentDomain":"p2rbike.com","noFollowDomains":[],"noFollowExcludeDomains":[],"noFollowExternalLinks":false,"featuredImageNotice":"The featured image should be at least 200 by 200 pixels to be picked up by Facebook and other social media sites.","pluginReviewed":true,"postSettings":{"linkSuggestions":true,"useFocusKeyword":false},"frontEndScore":false,"postName":"pravidla-pouzivania-cookies","permalinkFormat":"https:\/\/b2b.p2rbike.com\/sk\/%pagename%\/","showLockModifiedDate":true,"assessor":{"focusKeywordLink":"https:\/\/b2b.p2rbike.com\/wp-admin\/edit.php?focus_keyword=%focus_keyword%&post_type=%post_type%","hasTOCPlugin":true,"primaryTaxonomy":false,"serpData":{"title":"","description":"","focusKeywords":"","pillarContent":false,"canonicalUrl":"","breadcrumbTitle":"","advancedRobots":{"max-snippet":"-1","max-video-preview":"-1","max-image-preview":"large"},"facebookTitle":"","facebookDescription":"","facebookImage":"","facebookImageID":"","facebookHasOverlay":false,"facebookImageOverlay":"","facebookAuthor":"","twitterCardType":"","twitterUseFacebook":true,"twitterTitle":"","twitterDescription":"","twitterImage":"","twitterImageID":"","twitterHasOverlay":false,"twitterImageOverlay":"","twitterPlayerUrl":"","twitterPlayerSize":"","twitterPlayerStream":"","twitterPlayerStreamCtype":"","twitterAppDescription":"","twitterAppIphoneName":"","twitterAppIphoneID":"","twitterAppIphoneUrl":"","twitterAppIpadName":"","twitterAppIpadID":"","twitterAppIpadUrl":"","twitterAppGoogleplayName":"","twitterAppGoogleplayID":"","twitterAppGoogleplayUrl":"","twitterAppCountry":"","robots":{"index":true},"twitterAuthor":"username","primaryTerm":0,"authorName":"lukas","titleTemplate":"%title% %sep% %sitename%","descriptionTemplate":"%excerpt%","showScoreFrontend":true,"lockModifiedDate":false},"powerWords":[],"diacritics":{"A":"[\\u0041\\u24B6\\uFF21\\u00C0\\u00C1\\u00C2\\u1EA6\\u1EA4\\u1EAA\\u1EA8\\u00C3\\u0100\\u0102\\u1EB0\\u1EAE\\u1EB4\\u1EB2\\u0226\\u01E0\\u00C4\\u01DE\\u1EA2\\u00C5\\u01FA\\u01CD\\u0200\\u0202\\u1EA0\\u1EAC\\u1EB6\\u1E00\\u0104\\u023A\\u2C6F]","AA":"[\\uA732]","AE":"[\\u00C6\\u01FC\\u01E2]","AO":"[\\uA734]","AU":"[\\uA736]","AV":"[\\uA738\\uA73A]","AY":"[\\uA73C]","B":"[\\u0042\\u24B7\\uFF22\\u1E02\\u1E04\\u1E06\\u0243\\u0182\\u0181]","C":"[\\u0043\\u24B8\\uFF23\\u0106\\u0108\\u010A\\u010C\\u00C7\\u1E08\\u0187\\u023B\\uA73E]","D":"[\\u0044\\u24B9\\uFF24\\u1E0A\\u010E\\u1E0C\\u1E10\\u1E12\\u1E0E\\u0110\\u018B\\u018A\\u0189\\uA779]","DZ":"[\\u01F1\\u01C4]","Dz":"[\\u01F2\\u01C5]","E":"[\\u0045\\u24BA\\uFF25\\u00C8\\u00C9\\u00CA\\u1EC0\\u1EBE\\u1EC4\\u1EC2\\u1EBC\\u0112\\u1E14\\u1E16\\u0114\\u0116\\u00CB\\u1EBA\\u011A\\u0204\\u0206\\u1EB8\\u1EC6\\u0228\\u1E1C\\u0118\\u1E18\\u1E1A\\u0190\\u018E]","F":"[\\u0046\\u24BB\\uFF26\\u1E1E\\u0191\\uA77B]","G":"[\\u0047\\u24BC\\uFF27\\u01F4\\u011C\\u1E20\\u011E\\u0120\\u01E6\\u0122\\u01E4\\u0193\\uA7A0\\uA77D\\uA77E]","H":"[\\u0048\\u24BD\\uFF28\\u0124\\u1E22\\u1E26\\u021E\\u1E24\\u1E28\\u1E2A\\u0126\\u2C67\\u2C75\\uA78D]","I":"[\\u0049\\u24BE\\uFF29\\u00CC\\u00CD\\u00CE\\u0128\\u012A\\u012C\\u0130\\u00CF\\u1E2E\\u1EC8\\u01CF\\u0208\\u020A\\u1ECA\\u012E\\u1E2C\\u0197]","J":"[\\u004A\\u24BF\\uFF2A\\u0134\\u0248]","K":"[\\u004B\\u24C0\\uFF2B\\u1E30\\u01E8\\u1E32\\u0136\\u1E34\\u0198\\u2C69\\uA740\\uA742\\uA744\\uA7A2]","L":"[\\u004C\\u24C1\\uFF2C\\u013F\\u0139\\u013D\\u1E36\\u1E38\\u013B\\u1E3C\\u1E3A\\u0141\\u023D\\u2C62\\u2C60\\uA748\\uA746\\uA780]","LJ":"[\\u01C7]","Lj":"[\\u01C8]","M":"[\\u004D\\u24C2\\uFF2D\\u1E3E\\u1E40\\u1E42\\u2C6E\\u019C]","N":"[\\u004E\\u24C3\\uFF2E\\u01F8\\u0143\\u00D1\\u1E44\\u0147\\u1E46\\u0145\\u1E4A\\u1E48\\u0220\\u019D\\uA790\\uA7A4]","NJ":"[\\u01CA]","Nj":"[\\u01CB]","O":"[\\u004F\\u24C4\\uFF2F\\u00D2\\u00D3\\u00D4\\u1ED2\\u1ED0\\u1ED6\\u1ED4\\u00D5\\u1E4C\\u022C\\u1E4E\\u014C\\u1E50\\u1E52\\u014E\\u022E\\u0230\\u00D6\\u022A\\u1ECE\\u0150\\u01D1\\u020C\\u020E\\u01A0\\u1EDC\\u1EDA\\u1EE0\\u1EDE\\u1EE2\\u1ECC\\u1ED8\\u01EA\\u01EC\\u00D8\\u01FE\\u0186\\u019F\\uA74A\\uA74C]","OI":"[\\u01A2]","OO":"[\\uA74E]","OU":"[\\u0222]","P":"[\\u0050\\u24C5\\uFF30\\u1E54\\u1E56\\u01A4\\u2C63\\uA750\\uA752\\uA754]","Q":"[\\u0051\\u24C6\\uFF31\\uA756\\uA758\\u024A]","R":"[\\u0052\\u24C7\\uFF32\\u0154\\u1E58\\u0158\\u0210\\u0212\\u1E5A\\u1E5C\\u0156\\u1E5E\\u024C\\u2C64\\uA75A\\uA7A6\\uA782]","S":"[\\u0053\\u24C8\\uFF33\\u1E9E\\u015A\\u1E64\\u015C\\u1E60\\u0160\\u1E66\\u1E62\\u1E68\\u0218\\u015E\\u2C7E\\uA7A8\\uA784]","T":"[\\u0054\\u24C9\\uFF34\\u1E6A\\u0164\\u1E6C\\u021A\\u0162\\u1E70\\u1E6E\\u0166\\u01AC\\u01AE\\u023E\\uA786]","TZ":"[\\uA728]","U":"[\\u0055\\u24CA\\uFF35\\u00D9\\u00DA\\u00DB\\u0168\\u1E78\\u016A\\u1E7A\\u016C\\u00DC\\u01DB\\u01D7\\u01D5\\u01D9\\u1EE6\\u016E\\u0170\\u01D3\\u0214\\u0216\\u01AF\\u1EEA\\u1EE8\\u1EEE\\u1EEC\\u1EF0\\u1EE4\\u1E72\\u0172\\u1E76\\u1E74\\u0244]","V":"[\\u0056\\u24CB\\uFF36\\u1E7C\\u1E7E\\u01B2\\uA75E\\u0245]","VY":"[\\uA760]","W":"[\\u0057\\u24CC\\uFF37\\u1E80\\u1E82\\u0174\\u1E86\\u1E84\\u1E88\\u2C72]","X":"[\\u0058\\u24CD\\uFF38\\u1E8A\\u1E8C]","Y":"[\\u0059\\u24CE\\uFF39\\u1EF2\\u00DD\\u0176\\u1EF8\\u0232\\u1E8E\\u0178\\u1EF6\\u1EF4\\u01B3\\u024E\\u1EFE]","Z":"[\\u005A\\u24CF\\uFF3A\\u0179\\u1E90\\u017B\\u017D\\u1E92\\u1E94\\u01B5\\u0224\\u2C7F\\u2C6B\\uA762]","a":"[\\u0061\\u24D0\\uFF41\\u1E9A\\u00E0\\u00E1\\u00E2\\u1EA7\\u1EA5\\u1EAB\\u1EA9\\u00E3\\u0101\\u0103\\u1EB1\\u1EAF\\u1EB5\\u1EB3\\u0227\\u01E1\\u00E4\\u01DF\\u1EA3\\u00E5\\u01FB\\u01CE\\u0201\\u0203\\u1EA1\\u1EAD\\u1EB7\\u1E01\\u0105\\u2C65\\u0250]","aa":"[\\uA733]","ae":"[\\u00E6\\u01FD\\u01E3]","ao":"[\\uA735]","au":"[\\uA737]","av":"[\\uA739\\uA73B]","ay":"[\\uA73D]","b":"[\\u0062\\u24D1\\uFF42\\u1E03\\u1E05\\u1E07\\u0180\\u0183\\u0253]","c":"[\\u0063\\u24D2\\uFF43\\u0107\\u0109\\u010B\\u010D\\u00E7\\u1E09\\u0188\\u023C\\uA73F\\u2184]","d":"[\\u0064\\u24D3\\uFF44\\u1E0B\\u010F\\u1E0D\\u1E11\\u1E13\\u1E0F\\u0111\\u018C\\u0256\\u0257\\uA77A]","dz":"[\\u01F3\\u01C6]","e":"[\\u0065\\u24D4\\uFF45\\u00E8\\u00E9\\u00EA\\u1EC1\\u1EBF\\u1EC5\\u1EC3\\u1EBD\\u0113\\u1E15\\u1E17\\u0115\\u0117\\u00EB\\u1EBB\\u011B\\u0205\\u0207\\u1EB9\\u1EC7\\u0229\\u1E1D\\u0119\\u1E19\\u1E1B\\u0247\\u025B\\u01DD]","f":"[\\u0066\\u24D5\\uFF46\\u1E1F\\u0192\\uA77C]","g":"[\\u0067\\u24D6\\uFF47\\u01F5\\u011D\\u1E21\\u011F\\u0121\\u01E7\\u0123\\u01E5\\u0260\\uA7A1\\u1D79\\uA77F]","h":"[\\u0068\\u24D7\\uFF48\\u0125\\u1E23\\u1E27\\u021F\\u1E25\\u1E29\\u1E2B\\u1E96\\u0127\\u2C68\\u2C76\\u0265]","hv":"[\\u0195]","i":"[\\u0069\\u24D8\\uFF49\\u00EC\\u00ED\\u00EE\\u0129\\u012B\\u012D\\u00EF\\u1E2F\\u1EC9\\u01D0\\u0209\\u020B\\u1ECB\\u012F\\u1E2D\\u0268\\u0131]","j":"[\\u006A\\u24D9\\uFF4A\\u0135\\u01F0\\u0249]","k":"[\\u006B\\u24DA\\uFF4B\\u1E31\\u01E9\\u1E33\\u0137\\u1E35\\u0199\\u2C6A\\uA741\\uA743\\uA745\\uA7A3]","l":"[\\u006C\\u24DB\\uFF4C\\u0140\\u013A\\u013E\\u1E37\\u1E39\\u013C\\u1E3D\\u1E3B\\u017F\\u0142\\u019A\\u026B\\u2C61\\uA749\\uA781\\uA747]","lj":"[\\u01C9]","m":"[\\u006D\\u24DC\\uFF4D\\u1E3F\\u1E41\\u1E43\\u0271\\u026F]","n":"[\\u006E\\u24DD\\uFF4E\\u01F9\\u0144\\u00F1\\u1E45\\u0148\\u1E47\\u0146\\u1E4B\\u1E49\\u019E\\u0272\\u0149\\uA791\\uA7A5]","nj":"[\\u01CC]","o":"[\\u006F\\u24DE\\uFF4F\\u00F2\\u00F3\\u00F4\\u1ED3\\u1ED1\\u1ED7\\u1ED5\\u00F5\\u1E4D\\u022D\\u1E4F\\u014D\\u1E51\\u1E53\\u014F\\u022F\\u0231\\u00F6\\u022B\\u1ECF\\u0151\\u01D2\\u020D\\u020F\\u01A1\\u1EDD\\u1EDB\\u1EE1\\u1EDF\\u1EE3\\u1ECD\\u1ED9\\u01EB\\u01ED\\u00F8\\u01FF\\u0254\\uA74B\\uA74D\\u0275]","oi":"[\\u01A3]","ou":"[\\u0223]","oo":"[\\uA74F]","p":"[\\u0070\\u24DF\\uFF50\\u1E55\\u1E57\\u01A5\\u1D7D\\uA751\\uA753\\uA755]","q":"[\\u0071\\u24E0\\uFF51\\u024B\\uA757\\uA759]","r":"[\\u0072\\u24E1\\uFF52\\u0155\\u1E59\\u0159\\u0211\\u0213\\u1E5B\\u1E5D\\u0157\\u1E5F\\u024D\\u027D\\uA75B\\uA7A7\\uA783]","s":"[\\u0073\\u24E2\\uFF53\\u015B\\u1E65\\u015D\\u1E61\\u0161\\u1E67\\u1E63\\u1E69\\u0219\\u015F\\u023F\\uA7A9\\uA785\\u1E9B]","ss":"[\\u00DF]","t":"[\\u0074\\u24E3\\uFF54\\u1E6B\\u1E97\\u0165\\u1E6D\\u021B\\u0163\\u1E71\\u1E6F\\u0167\\u01AD\\u0288\\u2C66\\uA787]","tz":"[\\uA729]","u":"[\\u0075\\u24E4\\uFF55\\u00F9\\u00FA\\u00FB\\u0169\\u1E79\\u016B\\u1E7B\\u016D\\u00FC\\u01DC\\u01D8\\u01D6\\u01DA\\u1EE7\\u016F\\u0171\\u01D4\\u0215\\u0217\\u01B0\\u1EEB\\u1EE9\\u1EEF\\u1EED\\u1EF1\\u1EE5\\u1E73\\u0173\\u1E77\\u1E75\\u0289]","v":"[\\u0076\\u24E5\\uFF56\\u1E7D\\u1E7F\\u028B\\uA75F\\u028C]","vy":"[\\uA761]","w":"[\\u0077\\u24E6\\uFF57\\u1E81\\u1E83\\u0175\\u1E87\\u1E85\\u1E98\\u1E89\\u2C73]","x":"[\\u0078\\u24E7\\uFF58\\u1E8B\\u1E8D]","y":"[\\u0079\\u24E8\\uFF59\\u1EF3\\u00FD\\u0177\\u1EF9\\u0233\\u1E8F\\u00FF\\u1EF7\\u1E99\\u1EF5\\u01B4\\u024F\\u1EFF]","z":"[\\u007A\\u24E9\\uFF5A\\u017A\\u1E91\\u017C\\u017E\\u1E93\\u1E95\\u01B6\\u0225\\u0240\\u2C6C\\uA763]"},"researchesTests":["contentHasTOC","contentHasShortParagraphs","contentHasAssets","keywordInTitle","keywordInMetaDescription","keywordInPermalink","keywordIn10Percent","keywordInContent","keywordInSubheadings","keywordInImageAlt","keywordDensity","keywordNotUsed","lengthContent","lengthPermalink","linksHasInternal","linksHasExternals","linksNotAllExternals","titleStartWithKeyword","titleSentiment","titleHasPowerWords","titleHasNumber","hasContentAI"],"hasRedirection":false,"hasBreadcrumb":false},"homeUrl":"https:\/\/b2b.p2rbike.com\/sk\/","objectID":13123,"objectType":"post","locale":"sk","localeFull":"sk_SK","overlayImages":{"play":{"name":"Play icon","url":"https:\/\/b2b.p2rbike.com\/wp-content\/plugins\/seo-by-rank-math\/assets\/admin\/img\/icon-play.png","path":"\/home\/u391825971\/domains\/b2b.p2rbike.com\/public_html\/wp-content\/plugins\/seo-by-rank-math\/assets\/admin\/img\/icon-play.png","position":"middle_center"},"gif":{"name":"GIF icon","url":"https:\/\/b2b.p2rbike.com\/wp-content\/plugins\/seo-by-rank-math\/assets\/admin\/img\/icon-gif.png","path":"\/home\/u391825971\/domains\/b2b.p2rbike.com\/public_html\/wp-content\/plugins\/seo-by-rank-math\/assets\/admin\/img\/icon-gif.png","position":"middle_center"}},"defautOgImage":"https:\/\/b2b.p2rbike.com\/wp-content\/uploads\/2022\/03\/logo-black_240x.png","customPermalinks":true,"isUserRegistered":true,"autoSuggestKeywords":true,"connectSiteUrl":"https:\/\/rankmath.com\/auth?site=https%3A%2F%2Fb2b.p2rbike.com%2Fsk%2F&r=https%3A%2F%2Fb2b.p2rbike.com%2Fsk%2Fwp-json%2Fwp%2Fv2%2Fpages%2F13123%3Fnonce%3Da0ab280b34","maxTags":5,"trendsIcon":"<svg viewBox=\"0 0 610 610\"><path d=\"M18.85,446,174.32,290.48l58.08,58.08L76.93,504a14.54,14.54,0,0,1-20.55,0L18.83,466.48a14.54,14.54,0,0,1,0-20.55Z\" style=\"fill:#4285f4\"\/><path d=\"M242.65,242.66,377.59,377.6l-47.75,47.75a14.54,14.54,0,0,1-20.55,0L174.37,290.43l47.75-47.75A14.52,14.52,0,0,1,242.65,242.66Z\" style=\"fill:#ea4335\"\/><polygon points=\"319.53 319.53 479.26 159.8 537.34 217.88 377.61 377.62 319.53 319.53\" style=\"fill:#fabb05\"\/><path d=\"M594.26,262.73V118.61h0a16.94,16.94,0,0,0-16.94-16.94H433.2a16.94,16.94,0,0,0-12,28.92L565.34,274.71h0a16.94,16.94,0,0,0,28.92-12Z\" style=\"fill:#34a853\"\/><rect width=\"610\" height=\"610\" style=\"fill:none\"\/><\/svg>","showScore":true,"siteFavIcon":"data:image\/png;base64,iVBORw0KGgoAAAANSUhEUgAAABAAAAAQCAYAAAAf8\/9hAAABs0lEQVR4AWL4\/\/8\/RRjO8Iucx+noO0MWUDo16FYABMGP6ZfUcRnWtm27jVPbtm3bttuH2t3eFPcY9pLz7NxiLjCyVd87pKnHyqXyxtCs8APd0rnyxiu4qSeA3QEDrAwBDrT1s1Rc\/OrjLZwqVmOSu6+Lamcpp2KKMA9PH1BYXMe1mUP5qotvXTywsOEEYHXxrY+3cqk6TMkYpNr2FeoY3KIr0RPtn9wQ2unlA+GMkRw6+9TFw4YTwDUzx\/JVvARj9KaedXRO8P5B1Du2S32smzqUrcKGEyA+uAgQjKX7zf0boWHGfn71jIKj2689gxp7OAGShNcBUmLMPVjZuiKcA2vuWHHDCQxMCz629kXAIU4ApY15QwggAFbfOP9DhgBJ+nWVJ1AZAfICAj1pAlY6hCADZnveQf7bQIwzVONGJonhLIlS9gr5mFg44Xd+4S3XHoGNPdJl1INIwKyEgHckEhgTe1bGiFY9GSFBYUwLh1IkiJUbY407E7syBSFxKTszEoiE\/YdrgCEayDmtaJwCI9uu8TKMuZSVfSa4BpGgzvomBR\/INhLGzrqDotp01ZR8pn\/1L0JN9d9XNyx0AAAAAElFTkSuQmCC","canUser":{"general":false,"advanced":false,"snippet":false,"social":false,"analysis":false,"analytics":false,"content_ai":false},"showKeywordIntent":true,"isPro":false,"is_front_page":false,"trendsUpgradeLink":"https:\/\/rankmath.com\/pricing\/?utm_source=Plugin&utm_medium=CE%20General%20Tab%20Trends&utm_campaign=WP","trendsUpgradeLabel":"Upgrade","trendsPreviewImage":"https:\/\/b2b.p2rbike.com\/wp-content\/plugins\/seo-by-rank-math\/assets\/admin\/img\/trends-preview.jpg","currentEditor":false,"homepageData":{"assessor":{"powerWords":[],"diacritics":true,"researchesTests":["contentHasTOC","contentHasShortParagraphs","contentHasAssets","keywordInTitle","keywordInMetaDescription","keywordInPermalink","keywordIn10Percent","keywordInContent","keywordInSubheadings","keywordInImageAlt","keywordDensity","keywordNotUsed","lengthContent","lengthPermalink","linksHasInternal","linksHasExternals","linksNotAllExternals","titleStartWithKeyword","titleSentiment","titleHasPowerWords","titleHasNumber","hasContentAI"],"hasBreadcrumb":false,"serpData":{"title":"%sitename% %page% %sep% %sitedesc%","description":"","titleTemplate":"%sitename% %page% %sep% %sitedesc%","descriptionTemplate":"","focusKeywords":"","breadcrumbTitle":"Home","robots":{"index":true},"advancedRobots":{"max-snippet":"-1","max-video-preview":"-1","max-image-preview":"large"},"facebookTitle":"","facebookDescription":"","facebookImage":"","facebookImageID":""}}},"tocTitle":"Table of Contents","tocExcludeHeadings":[],"listStyle":"ul"},"_links":{"self":[{"href":"https:\/\/b2b.p2rbike.com\/sk\/wp-json\/wp\/v2\/pages\/13123","targetHints":{"allow":["GET"]}}],"collection":[{"href":"https:\/\/b2b.p2rbike.com\/sk\/wp-json\/wp\/v2\/pages"}],"about":[{"href":"https:\/\/b2b.p2rbike.com\/sk\/wp-json\/wp\/v2\/types\/page"}],"author":[{"embeddable":true,"href":"https:\/\/b2b.p2rbike.com\/sk\/wp-json\/wp\/v2\/users\/1"}],"replies":[{"embeddable":true,"href":"https:\/\/b2b.p2rbike.com\/sk\/wp-json\/wp\/v2\/comments?post=13123"}],"version-history":[{"count":4,"href":"https:\/\/b2b.p2rbike.com\/sk\/wp-json\/wp\/v2\/pages\/13123\/revisions"}],"predecessor-version":[{"id":13161,"href":"https:\/\/b2b.p2rbike.com\/sk\/wp-json\/wp\/v2\/pages\/13123\/revisions\/13161"}],"wp:attachment":[{"href":"https:\/\/b2b.p2rbike.com\/sk\/wp-json\/wp\/v2\/media?parent=13123"}],"curies":[{"name":"wp","href":"https:\/\/api.w.org\/{rel}","templated":true}]}}