{"id":13376,"date":"2022-08-21T09:09:10","date_gmt":"2022-08-21T07:09:10","guid":{"rendered":"https:\/\/b2b.p2rbike.com\/product\/p2r-manit-16\/"},"modified":"2026-03-16T09:51:03","modified_gmt":"2026-03-16T08:51:03","slug":"p2r-manit-16-2","status":"publish","type":"product","link":"https:\/\/b2b.p2rbike.com\/sk\/produkt\/p2r-manit-16-2\/","title":{"rendered":"P2R MANIT 16"},"content":{"rendered":"<p><strong>Cyklistick\u00e9 n\u00e1radie MANIT 16<\/strong><\/p>\n<p><strong>16<\/strong>-funk\u010dn\u00fd multik\u013e\u00fa\u010d vyroben\u00fd z kvalitnej chr\u00f3m-vanadiovej ocele (Cr-V) Ergonomicky tvarovan\u00e9, minimalistick\u00e9 bo\u010dn\u00e9 steny s pre e\u0161te lep\u0161ie a bezpe\u010dnej\u0161ie dr\u017eanie a bezprobl\u00e9mov\u00e9 pren\u00e1\u0161anie v bra\u0161ni, v drese, v batohu<\/p>\n<p><strong>VLASTNOSTI:<\/strong>:<\/p>\n<ul>\n<li>\u2022 Imbus 2\/2,5\/3\/4\/5\/6\/8 mm<\/li>\n<li>\u2022 Kr\u00ed\u017eov\u00fd skrutkova\u010d PH2 (Philips)<\/li>\n<li>\u2022 Ploch\u00fd skrutkova\u010d No.5<\/li>\n<li>\u2022 Skrutkova\u010d pre kot\u00fa\u010de diskov\u00fdch b\u0155zd T25 (Torx)<\/li>\n<li>\u2022 Nitova\u010d re\u0165aze 7-11 r\u00fdchlost\u00ed<\/li>\n<li>\u2022 Centrovac\u00ed k\u013e\u00fa\u010d 13 (3,23)\/ 14 (3,32)\/ 15 (3,47)\/ 16 (3,96)\/ MAVIC<\/li>\n<li>\u2022 Otv\u00e1ra\u010d f\u013ea\u0161e<\/li>\n<\/ul>\n<p>ROZMERY: <strong>70*42*10mm<\/strong><\/p>\n<p>HMOTNOS\u0164: <strong>109 g<\/strong><\/p>\n<p>BALENIE: P2R karta<\/p>\n","protected":false},"excerpt":{"rendered":"<p>Cyklistick\u00e9 n\u00e1radie MANIT 16 16-funk\u010dn\u00fd multik\u013e\u00fa\u010d vyroben\u00fd z kvalitnej chr\u00f3m-vanadiovej ocele (Cr-V) Ergonomicky tvarovan\u00e9, minimalistick\u00e9 bo\u010dn\u00e9 steny s pre e\u0161te<\/p>\n","protected":false},"featured_media":12343,"template":"","meta":{"_acf_changed":false},"product_brand":[],"product_cat":[435,597],"product_tag":[],"class_list":{"0":"post-13376","1":"product","2":"type-product","3":"status-publish","4":"has-post-thumbnail","6":"product_cat-naradie","7":"product_cat-multikluce","9":"first","10":"instock","11":"taxable","12":"shipping-taxable","13":"purchasable","14":"product-type-simple"},"bundled_by":[],"bundle_stock_status":"instock","bundle_stock_quantity":114,"bundle_virtual":false,"bundle_layout":"","bundle_add_to_cart_form_location":"","bundle_editable_in_cart":false,"bundle_sold_individually_context":"","bundle_item_grouping":"","bundle_min_size":"","bundle_max_size":"","bundle_price":[],"bundled_items":[],"bundle_sell_ids":[],"acf":[],"_links":{"self":[{"href":"https:\/\/b2b.p2rbike.com\/sk\/wp-json\/wp\/v2\/product\/13376","targetHints":{"allow":["GET"]}}],"collection":[{"href":"https:\/\/b2b.p2rbike.com\/sk\/wp-json\/wp\/v2\/product"}],"about":[{"href":"https:\/\/b2b.p2rbike.com\/sk\/wp-json\/wp\/v2\/types\/product"}],"wp:featuredmedia":[{"embeddable":true,"href":"https:\/\/b2b.p2rbike.com\/sk\/wp-json\/wp\/v2\/media\/12343"}],"wp:attachment":[{"href":"https:\/\/b2b.p2rbike.com\/sk\/wp-json\/wp\/v2\/media?parent=13376"}],"wp:term":[{"taxonomy":"product_brand","embeddable":true,"href":"https:\/\/b2b.p2rbike.com\/sk\/wp-json\/wp\/v2\/product_brand?post=13376"},{"taxonomy":"product_cat","embeddable":true,"href":"https:\/\/b2b.p2rbike.com\/sk\/wp-json\/wp\/v2\/product_cat?post=13376"},{"taxonomy":"product_tag","embeddable":true,"href":"https:\/\/b2b.p2rbike.com\/sk\/wp-json\/wp\/v2\/product_tag?post=13376"}],"curies":[{"name":"wp","href":"https:\/\/api.w.org\/{rel}","templated":true}]}}