{"id":13383,"date":"2022-08-11T13:10:05","date_gmt":"2022-08-11T11:10:05","guid":{"rendered":"https:\/\/b2b.p2rbike.com\/product\/p2r-cityman-919-oem-1-par\/"},"modified":"2026-04-12T20:36:38","modified_gmt":"2026-04-12T18:36:38","slug":"p2r-cityman-919-oem-1-pair","status":"publish","type":"product","link":"https:\/\/b2b.p2rbike.com\/sk\/produkt\/p2r-cityman-919-oem-1-pair\/","title":{"rendered":"P2R CITYMAN 919 OEM, 1 p\u00e1r"},"content":{"rendered":"<p><strong>P2R CITYMAN 919 OEM, 1 p\u00e1r <\/strong><\/p>\n<p>VLASTNOSTI:<\/p>\n<ul>\n<li>Materi\u00e1l: vyroben\u00e9 z materi\u00e1lu <strong>AL<\/strong> (zl\u00fa\u010denina hlin\u00edka)<\/li>\n<li>Ur\u010den\u00e9 pre: <strong>CROSS\/TREKKING\/CITY<\/strong><\/li>\n<li>Proti-\u0161mykov\u00e9 pogumovanie<\/li>\n<li>Oska: b\u00f3rov\u00e1 oce\u013e<\/li>\n<li><strong>Patentovan\u00fd rota\u010dn\u00fd syst\u00e9m<\/strong> s klzn\u00fdmi lo\u017eiskami testovan\u00fd na 100 000 oto\u010den\u00ed osky ped\u00e1lov pre hladk\u00fd chod a dlh\u00fa \u017eivotnos\u0165<\/li>\n<li>Rozmer: <strong>106mm x 69,5mm<\/strong><\/li>\n<li>Hmotnos\u0165: <strong>407 g\/pair<\/strong><\/li>\n<li>BALENIE: 1 p\u00e1r (OEM)<\/li>\n<\/ul>\n","protected":false},"excerpt":{"rendered":"<p>P2R CITYMAN 919 OEM, 1 p\u00e1r VLASTNOSTI: Materi\u00e1l: vyroben\u00e9 z materi\u00e1lu AL (zl\u00fa\u010denina hlin\u00edka) Ur\u010den\u00e9 pre: CROSS\/TREKKING\/CITY Proti-\u0161mykov\u00e9 pogumovanie Oska:<\/p>\n","protected":false},"featured_media":13895,"template":"","meta":{"_acf_changed":false},"product_brand":[],"product_cat":[339,432,433],"product_tag":[],"class_list":{"0":"post-13383","1":"product","2":"type-product","3":"status-publish","4":"has-post-thumbnail","6":"product_cat-pedale","7":"product_cat-city_trekking","8":"product_cat-oem-balenie","10":"first","11":"instock","12":"sale","13":"taxable","14":"shipping-taxable","15":"purchasable","16":"product-type-simple"},"bundled_by":[],"bundle_stock_status":"instock","bundle_stock_quantity":255,"bundle_virtual":false,"bundle_layout":"","bundle_add_to_cart_form_location":"","bundle_editable_in_cart":false,"bundle_sold_individually_context":"","bundle_item_grouping":"","bundle_min_size":"","bundle_max_size":"","bundle_price":[],"bundled_items":[],"bundle_sell_ids":[],"acf":[],"_links":{"self":[{"href":"https:\/\/b2b.p2rbike.com\/sk\/wp-json\/wp\/v2\/product\/13383","targetHints":{"allow":["GET"]}}],"collection":[{"href":"https:\/\/b2b.p2rbike.com\/sk\/wp-json\/wp\/v2\/product"}],"about":[{"href":"https:\/\/b2b.p2rbike.com\/sk\/wp-json\/wp\/v2\/types\/product"}],"wp:featuredmedia":[{"embeddable":true,"href":"https:\/\/b2b.p2rbike.com\/sk\/wp-json\/wp\/v2\/media\/13895"}],"wp:attachment":[{"href":"https:\/\/b2b.p2rbike.com\/sk\/wp-json\/wp\/v2\/media?parent=13383"}],"wp:term":[{"taxonomy":"product_brand","embeddable":true,"href":"https:\/\/b2b.p2rbike.com\/sk\/wp-json\/wp\/v2\/product_brand?post=13383"},{"taxonomy":"product_cat","embeddable":true,"href":"https:\/\/b2b.p2rbike.com\/sk\/wp-json\/wp\/v2\/product_cat?post=13383"},{"taxonomy":"product_tag","embeddable":true,"href":"https:\/\/b2b.p2rbike.com\/sk\/wp-json\/wp\/v2\/product_tag?post=13383"}],"curies":[{"name":"wp","href":"https:\/\/api.w.org\/{rel}","templated":true}]}}