{"id":13385,"date":"2022-08-11T13:10:05","date_gmt":"2022-08-11T11:10:05","guid":{"rendered":"https:\/\/b2b.p2rbike.com\/product\/p2r-flatman-10\/"},"modified":"2026-04-08T15:21:03","modified_gmt":"2026-04-08T13:21:03","slug":"p2r-flatman-10","status":"publish","type":"product","link":"https:\/\/b2b.p2rbike.com\/sk\/produkt\/p2r-flatman-10\/","title":{"rendered":"P2R FLATMAN 10"},"content":{"rendered":"<p><strong>Ped\u00e1le P2R FLATMAN 10 <\/strong><\/p>\n<p>VLASTNOSTI:<\/p>\n<ul>\n<li>Vyroben\u00e9 z materi\u00e1lu: <strong>AL<\/strong> (zl\u00fa\u010denina hlin\u00edka)<\/li>\n<li>Ur\u010den\u00e9 pre kateg\u00f3riu: <strong>BMX\/MTB\/TREKKING\/CROSS\/CITY<\/strong><\/li>\n<li>S\u00fa\u010das\u0165ou s\u00fa proti-\u0161mykov\u00e9 piny po celom obvode ped\u00e1lov<\/li>\n<li>Oska ped\u00e1lu: b\u00f3rov\u00e1 oce\u013e<\/li>\n<li><strong>Patentovan\u00fd rota\u010dn\u00fd syst\u00e9m<\/strong> s klzn\u00fdmi lo\u017eiskami testovan\u00fd na 100 000 oto\u010den\u00ed osky ped\u00e1lov pre hladk\u00fd chod a dlh\u00fa \u017eivotnos\u0165<\/li>\n<li>Rozmer: <strong>109mm x 110mm<\/strong><\/li>\n<li>Hmotnos\u0165: <strong>424 g\/pair<\/strong><\/li>\n<li>BALENIE: v dizajne P2R<\/li>\n<\/ul>\n","protected":false},"excerpt":{"rendered":"<p>Ped\u00e1le P2R FLATMAN 10 VLASTNOSTI: Vyroben\u00e9 z materi\u00e1lu: AL (zl\u00fa\u010denina hlin\u00edka) Ur\u010den\u00e9 pre kateg\u00f3riu: BMX\/MTB\/TREKKING\/CROSS\/CITY S\u00fa\u010das\u0165ou s\u00fa proti-\u0161mykov\u00e9 piny po<\/p>\n","protected":false},"featured_media":13891,"template":"","meta":{"_acf_changed":false},"product_brand":[],"product_cat":[339,340],"product_tag":[],"class_list":{"0":"post-13385","1":"product","2":"type-product","3":"status-publish","4":"has-post-thumbnail","6":"product_cat-pedale","7":"product_cat-mtb-sk","9":"first","10":"instock","11":"taxable","12":"shipping-taxable","13":"purchasable","14":"product-type-simple"},"bundled_by":[],"bundle_stock_status":"instock","bundle_stock_quantity":644,"bundle_virtual":false,"bundle_layout":"","bundle_add_to_cart_form_location":"","bundle_editable_in_cart":false,"bundle_sold_individually_context":"","bundle_item_grouping":"","bundle_min_size":"","bundle_max_size":"","bundle_price":[],"bundled_items":[],"bundle_sell_ids":[],"acf":[],"_links":{"self":[{"href":"https:\/\/b2b.p2rbike.com\/sk\/wp-json\/wp\/v2\/product\/13385","targetHints":{"allow":["GET"]}}],"collection":[{"href":"https:\/\/b2b.p2rbike.com\/sk\/wp-json\/wp\/v2\/product"}],"about":[{"href":"https:\/\/b2b.p2rbike.com\/sk\/wp-json\/wp\/v2\/types\/product"}],"wp:featuredmedia":[{"embeddable":true,"href":"https:\/\/b2b.p2rbike.com\/sk\/wp-json\/wp\/v2\/media\/13891"}],"wp:attachment":[{"href":"https:\/\/b2b.p2rbike.com\/sk\/wp-json\/wp\/v2\/media?parent=13385"}],"wp:term":[{"taxonomy":"product_brand","embeddable":true,"href":"https:\/\/b2b.p2rbike.com\/sk\/wp-json\/wp\/v2\/product_brand?post=13385"},{"taxonomy":"product_cat","embeddable":true,"href":"https:\/\/b2b.p2rbike.com\/sk\/wp-json\/wp\/v2\/product_cat?post=13385"},{"taxonomy":"product_tag","embeddable":true,"href":"https:\/\/b2b.p2rbike.com\/sk\/wp-json\/wp\/v2\/product_tag?post=13385"}],"curies":[{"name":"wp","href":"https:\/\/api.w.org\/{rel}","templated":true}]}}