{"id":13386,"date":"2022-08-11T13:10:05","date_gmt":"2022-08-11T11:10:05","guid":{"rendered":"https:\/\/b2b.p2rbike.com\/product\/p2r-mtbman-10\/"},"modified":"2026-03-26T11:02:11","modified_gmt":"2026-03-26T10:02:11","slug":"p2r-mtbman-10","status":"publish","type":"product","link":"https:\/\/b2b.p2rbike.com\/sk\/produkt\/p2r-mtbman-10\/","title":{"rendered":"P2R MTBMAN 10"},"content":{"rendered":"<p><strong>P2R MTBMAN 10<\/strong><\/p>\n<p>VLASTNOSTI:<\/p>\n<ul>\n<li>Materi\u00e1l: telo ped\u00e1lu z <strong>AL<\/strong>\/klietka z materi\u00e1lu <strong>oce\u013e<\/strong><\/li>\n<li>Ur\u010den\u00e9 prer: <strong>MTB\/CROSS\/TREKKING<\/strong><\/li>\n<li>Oska: b\u00f3rov\u00e1 oce\u013e<\/li>\n<li><strong>Patentovan\u00fd rota\u010dn\u00fd syst\u00e9m<\/strong> s klzn\u00fdmi lo\u017eiskami testovan\u00fd na 100 000 oto\u010den\u00ed osky ped\u00e1lov pre hladk\u00fd chod a dlh\u00fa \u017eivotnos\u0165<\/li>\n<li>Rozmer: <strong>99mm x 77.5mm<\/strong><\/li>\n<li>Hmotnos\u0165: <strong>330g\/pair<\/strong><\/li>\n<li>BALENIE: v dizajne P2R<\/li>\n<\/ul>\n","protected":false},"excerpt":{"rendered":"<p>P2R MTBMAN 10 VLASTNOSTI: Materi\u00e1l: telo ped\u00e1lu z AL\/klietka z materi\u00e1lu oce\u013e Ur\u010den\u00e9 prer: MTB\/CROSS\/TREKKING Oska: b\u00f3rov\u00e1 oce\u013e Patentovan\u00fd rota\u010dn\u00fd<\/p>\n","protected":false},"featured_media":13890,"template":"","meta":{"_acf_changed":false},"product_brand":[],"product_cat":[339,340],"product_tag":[],"class_list":{"0":"post-13386","1":"product","2":"type-product","3":"status-publish","4":"has-post-thumbnail","6":"product_cat-pedale","7":"product_cat-mtb-sk","9":"first","10":"instock","11":"taxable","12":"shipping-taxable","13":"purchasable","14":"product-type-simple"},"bundled_by":[],"bundle_stock_status":"instock","bundle_stock_quantity":187,"bundle_virtual":false,"bundle_layout":"","bundle_add_to_cart_form_location":"","bundle_editable_in_cart":false,"bundle_sold_individually_context":"","bundle_item_grouping":"","bundle_min_size":"","bundle_max_size":"","bundle_price":[],"bundled_items":[],"bundle_sell_ids":[],"acf":[],"_links":{"self":[{"href":"https:\/\/b2b.p2rbike.com\/sk\/wp-json\/wp\/v2\/product\/13386","targetHints":{"allow":["GET"]}}],"collection":[{"href":"https:\/\/b2b.p2rbike.com\/sk\/wp-json\/wp\/v2\/product"}],"about":[{"href":"https:\/\/b2b.p2rbike.com\/sk\/wp-json\/wp\/v2\/types\/product"}],"wp:featuredmedia":[{"embeddable":true,"href":"https:\/\/b2b.p2rbike.com\/sk\/wp-json\/wp\/v2\/media\/13890"}],"wp:attachment":[{"href":"https:\/\/b2b.p2rbike.com\/sk\/wp-json\/wp\/v2\/media?parent=13386"}],"wp:term":[{"taxonomy":"product_brand","embeddable":true,"href":"https:\/\/b2b.p2rbike.com\/sk\/wp-json\/wp\/v2\/product_brand?post=13386"},{"taxonomy":"product_cat","embeddable":true,"href":"https:\/\/b2b.p2rbike.com\/sk\/wp-json\/wp\/v2\/product_cat?post=13386"},{"taxonomy":"product_tag","embeddable":true,"href":"https:\/\/b2b.p2rbike.com\/sk\/wp-json\/wp\/v2\/product_tag?post=13386"}],"curies":[{"name":"wp","href":"https:\/\/api.w.org\/{rel}","templated":true}]}}