{"id":13399,"date":"2022-08-11T13:10:05","date_gmt":"2022-08-11T11:10:05","guid":{"rendered":"https:\/\/b2b.p2rbike.com\/product\/p2r-b-multiman-5-in-1\/"},"modified":"2024-04-18T10:26:31","modified_gmt":"2024-04-18T08:26:31","slug":"p2r-b-multiman-br4-tool-2","status":"publish","type":"product","link":"https:\/\/b2b.p2rbike.com\/sk\/produkt\/p2r-b-multiman-br4-tool-2\/","title":{"rendered":"P2R B-MULTIMAN (5 in 1)"},"content":{"rendered":"<p>Brzdov\u00e9 n\u00e1radie <strong>5 in 1<\/strong><\/p>\n<p><strong>VLASTNOSTI<\/strong>::<\/p>\n<ul>\n<li><strong>Stla\u010denie hydraulick\u00e9ho brzdov\u00e9ho piesta<\/strong>: na roztiahnutie do\u0161ti\u010diek a stla\u010denie piestov<\/li>\n<li>Poskytuje <strong>pred\u013a\u017eenie d\u013a\u017eky imbusov\u00e9ho k\u013e\u00fa\u010da 5mm<\/strong>: na zv\u00fd\u0161enie p\u00e1kov\u00e9ho efektu (dosiahnutie vy\u0161\u0161ieho tlaku pri uvo\u013e\u0148ovan\u00ed skrutiek)<\/li>\n<li>Dr\u00e1\u017eka v prednej \u010dasti: <strong>pre vyrovn\u00e1vanie ohnut\u00fdch rotorov<\/strong>&amp;nbsp;<\/li>\n<li>Meranie &#8222;<strong>minim\u00e1lnej<\/strong>&#8220; hr\u00fabky rotora (umo\u017e\u0148uje kontrolova\u0165 rotory r\u00f4znych zna\u010diek) a <strong>brzdov\u00fdch platni\u010diek<\/strong><\/li>\n<li>K\u013e\u00fa\u010d: utiahnutie a uvo\u013enenie skrutiek rotorov typu CL (<strong>centerlock<\/strong>)<\/li>\n<li>Meranie opotrebovania rotora kot\u00fa\u010dovej brzdy<strong><\/strong><\/li>\n<\/ul>\n<p>Materi\u00e1l: <strong>SUS410<\/strong> oce\u013e<\/p>\n<p>HMOTNOS\u0164: <strong>135 g<\/strong><\/p>\n<p>BALENIE: P2R baliaca karta<\/p>\n","protected":false},"excerpt":{"rendered":"<p>Brzdov\u00e9 n\u00e1radie 5 in 1 VLASTNOSTI:: Stla\u010denie hydraulick\u00e9ho brzdov\u00e9ho piesta: na roztiahnutie do\u0161ti\u010diek a stla\u010denie piestov Poskytuje pred\u013a\u017eenie d\u013a\u017eky imbusov\u00e9ho<\/p>\n","protected":false},"featured_media":12415,"template":"","meta":{"_acf_changed":false},"product_brand":[],"product_cat":[351,360],"product_tag":[],"class_list":{"0":"post-13399","1":"product","2":"type-product","3":"status-publish","4":"has-post-thumbnail","6":"product_cat-brzdove-prislusenstvo","7":"product_cat-naradie-pre-servis-brzd","9":"first","10":"instock","11":"taxable","12":"shipping-taxable","13":"purchasable","14":"product-type-simple"},"bundled_by":[],"bundle_stock_status":"instock","bundle_stock_quantity":62,"bundle_virtual":false,"bundle_layout":"","bundle_add_to_cart_form_location":"","bundle_editable_in_cart":false,"bundle_sold_individually_context":"","bundle_item_grouping":"","bundle_min_size":"","bundle_max_size":"","bundle_price":[],"bundled_items":[],"bundle_sell_ids":[],"acf":[],"_links":{"self":[{"href":"https:\/\/b2b.p2rbike.com\/sk\/wp-json\/wp\/v2\/product\/13399","targetHints":{"allow":["GET"]}}],"collection":[{"href":"https:\/\/b2b.p2rbike.com\/sk\/wp-json\/wp\/v2\/product"}],"about":[{"href":"https:\/\/b2b.p2rbike.com\/sk\/wp-json\/wp\/v2\/types\/product"}],"wp:featuredmedia":[{"embeddable":true,"href":"https:\/\/b2b.p2rbike.com\/sk\/wp-json\/wp\/v2\/media\/12415"}],"wp:attachment":[{"href":"https:\/\/b2b.p2rbike.com\/sk\/wp-json\/wp\/v2\/media?parent=13399"}],"wp:term":[{"taxonomy":"product_brand","embeddable":true,"href":"https:\/\/b2b.p2rbike.com\/sk\/wp-json\/wp\/v2\/product_brand?post=13399"},{"taxonomy":"product_cat","embeddable":true,"href":"https:\/\/b2b.p2rbike.com\/sk\/wp-json\/wp\/v2\/product_cat?post=13399"},{"taxonomy":"product_tag","embeddable":true,"href":"https:\/\/b2b.p2rbike.com\/sk\/wp-json\/wp\/v2\/product_tag?post=13399"}],"curies":[{"name":"wp","href":"https:\/\/api.w.org\/{rel}","templated":true}]}}