{"id":13401,"date":"2022-08-11T13:10:05","date_gmt":"2022-08-11T11:10:05","guid":{"rendered":"https:\/\/b2b.p2rbike.com\/product\/p2r-rotorman\/"},"modified":"2024-09-12T11:23:48","modified_gmt":"2024-09-12T09:23:48","slug":"p2r-rotorman-rwct-tool-2","status":"publish","type":"product","link":"https:\/\/b2b.p2rbike.com\/sk\/produkt\/p2r-rotorman-rwct-tool-2\/","title":{"rendered":"P2R ROTORMAN"},"content":{"rendered":"<p>N\u00e1radie na meranie <strong>MINIM\u00c1LNEJ<\/strong> hr\u00fabky brzdov\u00e9ho rotora<\/p>\n<p><strong>KOMPATIBILITA<\/strong>: vhodn\u00e9 pre v\u00e4\u010d\u0161inu pou\u017e\u00edvan\u00fdch hydraulick\u00fdch brzdn\u00fdch syst\u00e9mov<\/p>\n<ul>\n<li>SHIMANO<\/li>\n<li>HOPE<\/li>\n<li>SRAM<\/li>\n<li>AVID<\/li>\n<li>MAGURA<\/li>\n<li>TEKTRO<\/li>\n<li>TRP<\/li>\n<\/ul>\n<p>MATERI\u00c1L: vyroben\u00e9 zo zl\u00fa\u010deniny hlin\u00edka (<strong>7075 Alloy<\/strong>) technol\u00f3giou CNC-obr\u00e1bania<\/p>\n<p>ROZMERY: <strong>100 x 29 x 10mm<\/strong><\/p>\n<p>HMOTNOS\u0164: <strong>93 g<\/strong><\/p>\n<p>BALENIE: P2R baliaca karta<\/p>\n","protected":false},"excerpt":{"rendered":"<p>N\u00e1radie na meranie MINIM\u00c1LNEJ hr\u00fabky brzdov\u00e9ho rotora KOMPATIBILITA: vhodn\u00e9 pre v\u00e4\u010d\u0161inu pou\u017e\u00edvan\u00fdch hydraulick\u00fdch brzdn\u00fdch syst\u00e9mov SHIMANO HOPE SRAM AVID MAGURA<\/p>\n","protected":false},"featured_media":12413,"template":"","meta":{"_acf_changed":false},"product_brand":[],"product_cat":[351,360],"product_tag":[],"class_list":{"0":"post-13401","1":"product","2":"type-product","3":"status-publish","4":"has-post-thumbnail","6":"product_cat-brzdove-prislusenstvo","7":"product_cat-naradie-pre-servis-brzd","9":"first","10":"instock","11":"taxable","12":"shipping-taxable","13":"purchasable","14":"product-type-simple"},"bundled_by":[],"bundle_stock_status":"instock","bundle_stock_quantity":61,"bundle_virtual":false,"bundle_layout":"","bundle_add_to_cart_form_location":"","bundle_editable_in_cart":false,"bundle_sold_individually_context":"","bundle_item_grouping":"","bundle_min_size":"","bundle_max_size":"","bundle_price":[],"bundled_items":[],"bundle_sell_ids":[],"acf":[],"_links":{"self":[{"href":"https:\/\/b2b.p2rbike.com\/sk\/wp-json\/wp\/v2\/product\/13401","targetHints":{"allow":["GET"]}}],"collection":[{"href":"https:\/\/b2b.p2rbike.com\/sk\/wp-json\/wp\/v2\/product"}],"about":[{"href":"https:\/\/b2b.p2rbike.com\/sk\/wp-json\/wp\/v2\/types\/product"}],"wp:featuredmedia":[{"embeddable":true,"href":"https:\/\/b2b.p2rbike.com\/sk\/wp-json\/wp\/v2\/media\/12413"}],"wp:attachment":[{"href":"https:\/\/b2b.p2rbike.com\/sk\/wp-json\/wp\/v2\/media?parent=13401"}],"wp:term":[{"taxonomy":"product_brand","embeddable":true,"href":"https:\/\/b2b.p2rbike.com\/sk\/wp-json\/wp\/v2\/product_brand?post=13401"},{"taxonomy":"product_cat","embeddable":true,"href":"https:\/\/b2b.p2rbike.com\/sk\/wp-json\/wp\/v2\/product_cat?post=13401"},{"taxonomy":"product_tag","embeddable":true,"href":"https:\/\/b2b.p2rbike.com\/sk\/wp-json\/wp\/v2\/product_tag?post=13401"}],"curies":[{"name":"wp","href":"https:\/\/api.w.org\/{rel}","templated":true}]}}