{"id":13403,"date":"2022-08-11T13:10:05","date_gmt":"2022-08-11T11:10:05","guid":{"rendered":"https:\/\/b2b.p2rbike.com\/product\/p2r-threestop-3stop-brzdove-klatiky\/"},"modified":"2025-04-24T14:20:12","modified_gmt":"2025-04-24T12:20:12","slug":"p2r-threestop-3stop-brake-shoes","status":"publish","type":"product","link":"https:\/\/b2b.p2rbike.com\/sk\/produkt\/p2r-threestop-3stop-brake-shoes\/","title":{"rendered":"P2R THREESTOP (3 zmesov\u00e9) brzdov\u00e9 kl\u00e1tiky, 72MM"},"content":{"rendered":"<p><strong>P2R THREESTOP <\/strong><\/p>\n<p>Asymetrick\u00e9 brzdov\u00e9 kl\u00e1tiky so \u0161\u00edrkou 72mm, vyvinut\u00e9 pre dosiahnutie maxim\u00e1lneho brzdn\u00e9ho \u00fa\u010dinku, pri s\u00fa\u010dasnej redukcii ne\u017eiad\u00facich zvukov pri brzden\u00ed (\u0161kr\u00edpanie) za ka\u017ed\u00e9ho po\u010dasia<\/p>\n<p><strong>KOMPATIBILITA<\/strong>: vhodn\u00e9 pre bicykle MTB, Trekking a Cross, ktor\u00e9 pou\u017e\u00edvaj\u00fa V-typ brzdy<\/p>\n<p><strong>VLASTNOSTI<\/strong>:<\/p>\n<ul>\n<li><strong>ALL-WEATHER<\/strong> <strong> 3 zmensov\u00e9<\/strong> brzdov\u00e9 kl\u00e1tiky vyvinut\u00e9 pre maxim\u00e1lnu \u00fa\u010dinnos\u0165 za ka\u017ed\u00fdch poveternostn\u00fdch podmienok &#8230; \u010derven\u00e1 zmes pre maxim\u00e1lnu \u00fa\u010dinnos\u0165 pri suchom po\u010das\u00ed\/siv\u00e1 zmes pre maxim\u00e1lnu \u00fa\u010dinnos\u0165 pri da\u017edivom a vlhkom po\u010das\u00ed (aj pri hmlistom po\u010das\u00ed) a \u010dierna \u010das\u0165 s dr\u00e1\u017ekami pre odvod vody a ne\u010dist\u00f4t z r\u00e1fika kolesa pre zabezpe\u010denie maxim\u00e1lneho brzdn\u00e9ho \u00fa\u010dinku.<\/li>\n<\/ul>\n<p>D\u0139\u017dKA: <strong>72mm<\/strong><\/p>\n<p>HMOTNOS\u0164: <strong>50 g\/p\u00e1r<\/strong><\/p>\n<p>BALENIE: P2R baliaca karta<\/p>\n<p>&nbsp;<\/p>\n","protected":false},"excerpt":{"rendered":"<p>P2R THREESTOP Asymetrick\u00e9 brzdov\u00e9 kl\u00e1tiky so \u0161\u00edrkou 72mm, vyvinut\u00e9 pre dosiahnutie maxim\u00e1lneho brzdn\u00e9ho \u00fa\u010dinku, pri s\u00fa\u010dasnej redukcii ne\u017eiad\u00facich zvukov pri<\/p>\n","protected":false},"featured_media":12409,"template":"","meta":{"_acf_changed":false},"product_brand":[],"product_cat":[351,359],"product_tag":[],"class_list":{"0":"post-13403","1":"product","2":"type-product","3":"status-publish","4":"has-post-thumbnail","6":"product_cat-brzdove-prislusenstvo","7":"product_cat-brzdove-klatiky","9":"first","10":"instock","11":"taxable","12":"shipping-taxable","13":"purchasable","14":"product-type-simple"},"bundled_by":[],"bundle_stock_status":"instock","bundle_stock_quantity":4169,"bundle_virtual":false,"bundle_layout":"","bundle_add_to_cart_form_location":"","bundle_editable_in_cart":false,"bundle_sold_individually_context":"","bundle_item_grouping":"","bundle_min_size":"","bundle_max_size":"","bundle_price":[],"bundled_items":[],"bundle_sell_ids":[],"acf":[],"_links":{"self":[{"href":"https:\/\/b2b.p2rbike.com\/sk\/wp-json\/wp\/v2\/product\/13403","targetHints":{"allow":["GET"]}}],"collection":[{"href":"https:\/\/b2b.p2rbike.com\/sk\/wp-json\/wp\/v2\/product"}],"about":[{"href":"https:\/\/b2b.p2rbike.com\/sk\/wp-json\/wp\/v2\/types\/product"}],"wp:featuredmedia":[{"embeddable":true,"href":"https:\/\/b2b.p2rbike.com\/sk\/wp-json\/wp\/v2\/media\/12409"}],"wp:attachment":[{"href":"https:\/\/b2b.p2rbike.com\/sk\/wp-json\/wp\/v2\/media?parent=13403"}],"wp:term":[{"taxonomy":"product_brand","embeddable":true,"href":"https:\/\/b2b.p2rbike.com\/sk\/wp-json\/wp\/v2\/product_brand?post=13403"},{"taxonomy":"product_cat","embeddable":true,"href":"https:\/\/b2b.p2rbike.com\/sk\/wp-json\/wp\/v2\/product_cat?post=13403"},{"taxonomy":"product_tag","embeddable":true,"href":"https:\/\/b2b.p2rbike.com\/sk\/wp-json\/wp\/v2\/product_tag?post=13403"}],"curies":[{"name":"wp","href":"https:\/\/api.w.org\/{rel}","templated":true}]}}