{"id":13404,"date":"2022-08-11T13:10:05","date_gmt":"2022-08-11T11:10:05","guid":{"rendered":"https:\/\/b2b.p2rbike.com\/product\/p2r-onestop-1stop-brzdove-klatiky\/"},"modified":"2026-02-02T12:00:25","modified_gmt":"2026-02-02T11:00:25","slug":"p2r-onestop-1stop-brake-shoes","status":"publish","type":"product","link":"https:\/\/b2b.p2rbike.com\/sk\/produkt\/p2r-onestop-1stop-brake-shoes\/","title":{"rendered":"P2R ONESTOP (1 zmesov\u00e9) brzdov\u00e9 kl\u00e1tiky, 72MM"},"content":{"rendered":"<p><strong>P2R ONESTOP<\/strong><\/p>\n<p>Asymetrick\u00e9 brzdov\u00e9 kl\u00e1tiky so \u0161\u00edrkou 72mm vyroben\u00e9 zo \u0161peci\u00e1lnej zmesi, ktor\u00e1 poskytuje maxim\u00e1lny brzdn\u00fd \u00fa\u010dinok za ka\u017ed\u00fdch poveternostn\u00fdch podmienok. R\u00fdchla a jednoduch\u00e1 v\u00fdmena pocou imbusovej skrutky 9mm.<\/p>\n<p><strong>KOMPATIBILITA<\/strong>: vhodn\u00e9 pre bicykle MTB, Trekking aj Cross s brzdami <b>typu-V<\/b>.<\/p>\n<p><strong>VLASTNOSTI<\/strong>:<\/p>\n<ul>\n<li><b>Anti-Squeal <\/b>&#8211; redukuje nepr\u00edjemn\u00e9 zvuky pri brzden\u00ed<\/li>\n<li><b>Dr\u00e1\u017eky<\/b>, ktor\u00e9 s\u00fa po celej brzdnej ploche kl\u00e1tikov zvy\u0161uj\u00fa brzdn\u00fd \u00fa\u010dinok a z\u00e1rove\u0148 \u010distia brzdn\u00e9 plochy r\u00e1fika. V\u00fd\u0161ka brzdnej plochy (opotrebenie\/zodratie) z\u00e1rove\u0148 jednoduch\u00fdm sp\u00f4sobom upozor\u0148uje na potrebu ich v\u00fdmeny.<\/li>\n<\/ul>\n<p>HMOTNOS\u0164: <b>50 g\/p\u00e1r<\/b><\/p>\n<p>BALENIE: P2R baliaca karta<\/p>\n","protected":false},"excerpt":{"rendered":"<p>P2R ONESTOP Asymetrick\u00e9 brzdov\u00e9 kl\u00e1tiky so \u0161\u00edrkou 72mm vyroben\u00e9 zo \u0161peci\u00e1lnej zmesi, ktor\u00e1 poskytuje maxim\u00e1lny brzdn\u00fd \u00fa\u010dinok za ka\u017ed\u00fdch poveternostn\u00fdch<\/p>\n","protected":false},"featured_media":12406,"template":"","meta":{"_acf_changed":false},"product_brand":[],"product_cat":[351,359],"product_tag":[],"class_list":{"0":"post-13404","1":"product","2":"type-product","3":"status-publish","4":"has-post-thumbnail","6":"product_cat-brzdove-prislusenstvo","7":"product_cat-brzdove-klatiky","9":"first","10":"instock","11":"taxable","12":"shipping-taxable","13":"purchasable","14":"product-type-simple"},"bundled_by":[],"bundle_stock_status":"instock","bundle_stock_quantity":1511,"bundle_virtual":false,"bundle_layout":"","bundle_add_to_cart_form_location":"","bundle_editable_in_cart":false,"bundle_sold_individually_context":"","bundle_item_grouping":"","bundle_min_size":"","bundle_max_size":"","bundle_price":[],"bundled_items":[],"bundle_sell_ids":[],"acf":[],"_links":{"self":[{"href":"https:\/\/b2b.p2rbike.com\/sk\/wp-json\/wp\/v2\/product\/13404","targetHints":{"allow":["GET"]}}],"collection":[{"href":"https:\/\/b2b.p2rbike.com\/sk\/wp-json\/wp\/v2\/product"}],"about":[{"href":"https:\/\/b2b.p2rbike.com\/sk\/wp-json\/wp\/v2\/types\/product"}],"wp:featuredmedia":[{"embeddable":true,"href":"https:\/\/b2b.p2rbike.com\/sk\/wp-json\/wp\/v2\/media\/12406"}],"wp:attachment":[{"href":"https:\/\/b2b.p2rbike.com\/sk\/wp-json\/wp\/v2\/media?parent=13404"}],"wp:term":[{"taxonomy":"product_brand","embeddable":true,"href":"https:\/\/b2b.p2rbike.com\/sk\/wp-json\/wp\/v2\/product_brand?post=13404"},{"taxonomy":"product_cat","embeddable":true,"href":"https:\/\/b2b.p2rbike.com\/sk\/wp-json\/wp\/v2\/product_cat?post=13404"},{"taxonomy":"product_tag","embeddable":true,"href":"https:\/\/b2b.p2rbike.com\/sk\/wp-json\/wp\/v2\/product_tag?post=13404"}],"curies":[{"name":"wp","href":"https:\/\/api.w.org\/{rel}","templated":true}]}}