{"id":13406,"date":"2022-08-11T13:10:05","date_gmt":"2022-08-11T11:10:05","guid":{"rendered":"https:\/\/b2b.p2rbike.com\/product\/p2r-pm-pm-180mm-203mm-adapter\/"},"modified":"2024-03-06T14:55:05","modified_gmt":"2024-03-06T13:55:05","slug":"p2r-pm-pm-180-230-adaptor-2","status":"publish","type":"product","link":"https:\/\/b2b.p2rbike.com\/sk\/produkt\/p2r-pm-pm-180-230-adaptor-2\/","title":{"rendered":"P2R PM-PM 180mm\/203mm adapt\u00e9r"},"content":{"rendered":"<p>Adapt\u00e9r pre brzdov\u00fd rotor<\/p>\n<p><strong>VLASTNOSTI<\/strong>:<\/p>\n<ul>\n<li>Vyroben\u00e9 z kalenej ocele technol\u00f3giou CNC-strojov\u00e9 obr\u00e1banie pre maxim\u00e1lnu presnos\u0165<\/li>\n<li>Umo\u017e\u0148uje zv\u00e4\u010d\u0161enie brzdov\u00e9ho rotora zo<strong>180mm na 203 mm<\/strong><\/li>\n<\/ul>\n<p><strong>KOMPATIBILITA<\/strong>:<\/p>\n<ul>\n<li>SHIMANO<\/li>\n<li>AVID<\/li>\n<li>TEKTRO<\/li>\n<\/ul>\n<p>HMOTNOS\u0164: 26 g<\/p>\n<p>BALENIE: P2R baliaca karta<\/p>\n<p>&nbsp;<\/p>\n","protected":false},"excerpt":{"rendered":"<p>Adapt\u00e9r pre brzdov\u00fd rotor VLASTNOSTI: Vyroben\u00e9 z kalenej ocele technol\u00f3giou CNC-strojov\u00e9 obr\u00e1banie pre maxim\u00e1lnu presnos\u0165 Umo\u017e\u0148uje zv\u00e4\u010d\u0161enie brzdov\u00e9ho rotora zo180mm<\/p>\n","protected":false},"featured_media":12564,"template":"","meta":{"_acf_changed":false},"product_brand":[],"product_cat":[351,353],"product_tag":[],"class_list":{"0":"post-13406","1":"product","2":"type-product","3":"status-publish","4":"has-post-thumbnail","6":"product_cat-brzdove-prislusenstvo","7":"product_cat-adapter-pre-brzdovy-kotuc","9":"first","10":"instock","11":"taxable","12":"shipping-taxable","13":"purchasable","14":"product-type-simple"},"bundled_by":[],"bundle_stock_status":"instock","bundle_stock_quantity":22,"bundle_virtual":false,"bundle_layout":"","bundle_add_to_cart_form_location":"","bundle_editable_in_cart":false,"bundle_sold_individually_context":"","bundle_item_grouping":"","bundle_min_size":"","bundle_max_size":"","bundle_price":[],"bundled_items":[],"bundle_sell_ids":[],"acf":[],"_links":{"self":[{"href":"https:\/\/b2b.p2rbike.com\/sk\/wp-json\/wp\/v2\/product\/13406","targetHints":{"allow":["GET"]}}],"collection":[{"href":"https:\/\/b2b.p2rbike.com\/sk\/wp-json\/wp\/v2\/product"}],"about":[{"href":"https:\/\/b2b.p2rbike.com\/sk\/wp-json\/wp\/v2\/types\/product"}],"wp:featuredmedia":[{"embeddable":true,"href":"https:\/\/b2b.p2rbike.com\/sk\/wp-json\/wp\/v2\/media\/12564"}],"wp:attachment":[{"href":"https:\/\/b2b.p2rbike.com\/sk\/wp-json\/wp\/v2\/media?parent=13406"}],"wp:term":[{"taxonomy":"product_brand","embeddable":true,"href":"https:\/\/b2b.p2rbike.com\/sk\/wp-json\/wp\/v2\/product_brand?post=13406"},{"taxonomy":"product_cat","embeddable":true,"href":"https:\/\/b2b.p2rbike.com\/sk\/wp-json\/wp\/v2\/product_cat?post=13406"},{"taxonomy":"product_tag","embeddable":true,"href":"https:\/\/b2b.p2rbike.com\/sk\/wp-json\/wp\/v2\/product_tag?post=13406"}],"curies":[{"name":"wp","href":"https:\/\/api.w.org\/{rel}","templated":true}]}}