{"id":13407,"date":"2022-08-11T13:09:39","date_gmt":"2022-08-11T11:09:39","guid":{"rendered":"https:\/\/b2b.p2rbike.com\/product\/p2r-pm-pm-adapter-pre-rotory-160mm-180mm-a-140mm-160mm\/"},"modified":"2026-02-23T14:51:27","modified_gmt":"2026-02-23T13:51:27","slug":"p2r-pm-pm-160-180-and-140-160-adaptor-2","status":"publish","type":"product","link":"https:\/\/b2b.p2rbike.com\/sk\/produkt\/p2r-pm-pm-160-180-and-140-160-adaptor-2\/","title":{"rendered":"P2R PM-PM adapt\u00e9r pre rotory 160mm\/180mm a 140mm\/160mm"},"content":{"rendered":"<p>Adapt\u00e9r pre brzdov\u00fd rotor<\/p>\n<p><strong>VLASTNOSTI<\/strong>:<\/p>\n<ul>\n<li>Vyroben\u00e9 z kalenej ocele technol\u00f3giou CNC-strojov\u00e9 obr\u00e1banie pre maxim\u00e1lnu presnos\u0165<\/li>\n<li>Umo\u017e\u0148uje pou\u017eitie v\u00e4\u010d\u0161ieho brzdov\u00e9ho rotora zo<strong>160mm na 180mm a zo 140mm na 160mm<\/strong><\/li>\n<\/ul>\n<p><strong>KOMPATIBILITA<\/strong>:<\/p>\n<ul>\n<li>SHIMANO<\/li>\n<li>AVID<\/li>\n<li>TEKTRO<\/li>\n<\/ul>\n<p>HMOTNOS\u0164: 30 g<\/p>\n<p>BALENIE: P2R baliaca karta<\/p>\n","protected":false},"excerpt":{"rendered":"<p>Adapt\u00e9r pre brzdov\u00fd rotor VLASTNOSTI: Vyroben\u00e9 z kalenej ocele technol\u00f3giou CNC-strojov\u00e9 obr\u00e1banie pre maxim\u00e1lnu presnos\u0165 Umo\u017e\u0148uje pou\u017eitie v\u00e4\u010d\u0161ieho brzdov\u00e9ho rotora<\/p>\n","protected":false},"featured_media":12567,"template":"","meta":{"_acf_changed":false},"product_brand":[],"product_cat":[351,353],"product_tag":[],"class_list":{"0":"post-13407","1":"product","2":"type-product","3":"status-publish","4":"has-post-thumbnail","6":"product_cat-brzdove-prislusenstvo","7":"product_cat-adapter-pre-brzdovy-kotuc","9":"first","10":"instock","11":"taxable","12":"shipping-taxable","13":"purchasable","14":"product-type-simple"},"bundled_by":[],"bundle_stock_status":"instock","bundle_stock_quantity":28,"bundle_virtual":false,"bundle_layout":"","bundle_add_to_cart_form_location":"","bundle_editable_in_cart":false,"bundle_sold_individually_context":"","bundle_item_grouping":"","bundle_min_size":"","bundle_max_size":"","bundle_price":[],"bundled_items":[],"bundle_sell_ids":[],"acf":[],"_links":{"self":[{"href":"https:\/\/b2b.p2rbike.com\/sk\/wp-json\/wp\/v2\/product\/13407","targetHints":{"allow":["GET"]}}],"collection":[{"href":"https:\/\/b2b.p2rbike.com\/sk\/wp-json\/wp\/v2\/product"}],"about":[{"href":"https:\/\/b2b.p2rbike.com\/sk\/wp-json\/wp\/v2\/types\/product"}],"wp:featuredmedia":[{"embeddable":true,"href":"https:\/\/b2b.p2rbike.com\/sk\/wp-json\/wp\/v2\/media\/12567"}],"wp:attachment":[{"href":"https:\/\/b2b.p2rbike.com\/sk\/wp-json\/wp\/v2\/media?parent=13407"}],"wp:term":[{"taxonomy":"product_brand","embeddable":true,"href":"https:\/\/b2b.p2rbike.com\/sk\/wp-json\/wp\/v2\/product_brand?post=13407"},{"taxonomy":"product_cat","embeddable":true,"href":"https:\/\/b2b.p2rbike.com\/sk\/wp-json\/wp\/v2\/product_cat?post=13407"},{"taxonomy":"product_tag","embeddable":true,"href":"https:\/\/b2b.p2rbike.com\/sk\/wp-json\/wp\/v2\/product_tag?post=13407"}],"curies":[{"name":"wp","href":"https:\/\/api.w.org\/{rel}","templated":true}]}}