{"id":13408,"date":"2022-08-11T13:09:39","date_gmt":"2022-08-11T11:09:39","guid":{"rendered":"https:\/\/b2b.p2rbike.com\/product\/p2r-dbr-02ss-brzdovy-rotor-203-mm-6-skrutiek\/"},"modified":"2024-07-13T11:44:30","modified_gmt":"2024-07-13T09:44:30","slug":"p2r-dbr-02ss-203mm-brake-rotor-6-bolts","status":"publish","type":"product","link":"https:\/\/b2b.p2rbike.com\/sk\/produkt\/p2r-dbr-02ss-203mm-brake-rotor-6-bolts\/","title":{"rendered":"P2R DBR-02SS, 203MM brzdov\u00fd rotor, 6 skrutiek (v balen\u00ed)"},"content":{"rendered":"<p><strong>P2R BRZDOV\u00dd ROTOR 203 mm, na 6 skrutiek<\/strong><\/p>\n<ul>\n<li>pre bicykle MTB, Cross, Trekking<\/li>\n<\/ul>\n<p><strong>VLASTNOSTI<\/strong>:<\/p>\n<ul>\n<li>Vyroben\u00e9 z nehrdzavej\u00facej ocele typ SUS410<\/li>\n<li>Presn\u00e9 jemn\u00e9 strihanie materi\u00e1lu a tepeln\u00e1 \u00faprava na HRC 40<\/li>\n<\/ul>\n<p><strong>DETAILY<\/strong>:<\/p>\n<ul>\n<li>priemer: 203 mm<\/li>\n<li>hmotnos\u0165: 246 g<\/li>\n<li>\u0161\u00edrka (hr\u00fabka steny rotora) 1,8 mm<\/li>\n<\/ul>\n<p><strong>KOMPATIBILITA<\/strong>:<\/p>\n<ul>\n<li>SHIMANO<\/li>\n<li>AVID<\/li>\n<li>TEKTRO<\/li>\n<\/ul>\n<p>BALENIE: P2R baliaca karta<\/p>\n<p>&nbsp;<\/p>\n","protected":false},"excerpt":{"rendered":"<p>P2R BRZDOV\u00dd ROTOR 203 mm, na 6 skrutiek pre bicykle MTB, Cross, Trekking VLASTNOSTI: Vyroben\u00e9 z nehrdzavej\u00facej ocele typ SUS410<\/p>\n","protected":false},"featured_media":12544,"template":"","meta":{"_acf_changed":false},"product_brand":[],"product_cat":[351,356,357],"product_tag":[],"class_list":{"0":"post-13408","1":"product","2":"type-product","3":"status-publish","4":"has-post-thumbnail","6":"product_cat-brzdove-prislusenstvo","7":"product_cat-brzdovy-rotor","8":"product_cat-s-uchytenim-pomocou-skrutiek","10":"first","11":"instock","12":"taxable","13":"shipping-taxable","14":"purchasable","15":"product-type-simple"},"bundled_by":[],"bundle_stock_status":"instock","bundle_stock_quantity":91,"bundle_virtual":false,"bundle_layout":"","bundle_add_to_cart_form_location":"","bundle_editable_in_cart":false,"bundle_sold_individually_context":"","bundle_item_grouping":"","bundle_min_size":"","bundle_max_size":"","bundle_price":[],"bundled_items":[],"bundle_sell_ids":[],"acf":[],"_links":{"self":[{"href":"https:\/\/b2b.p2rbike.com\/sk\/wp-json\/wp\/v2\/product\/13408","targetHints":{"allow":["GET"]}}],"collection":[{"href":"https:\/\/b2b.p2rbike.com\/sk\/wp-json\/wp\/v2\/product"}],"about":[{"href":"https:\/\/b2b.p2rbike.com\/sk\/wp-json\/wp\/v2\/types\/product"}],"wp:featuredmedia":[{"embeddable":true,"href":"https:\/\/b2b.p2rbike.com\/sk\/wp-json\/wp\/v2\/media\/12544"}],"wp:attachment":[{"href":"https:\/\/b2b.p2rbike.com\/sk\/wp-json\/wp\/v2\/media?parent=13408"}],"wp:term":[{"taxonomy":"product_brand","embeddable":true,"href":"https:\/\/b2b.p2rbike.com\/sk\/wp-json\/wp\/v2\/product_brand?post=13408"},{"taxonomy":"product_cat","embeddable":true,"href":"https:\/\/b2b.p2rbike.com\/sk\/wp-json\/wp\/v2\/product_cat?post=13408"},{"taxonomy":"product_tag","embeddable":true,"href":"https:\/\/b2b.p2rbike.com\/sk\/wp-json\/wp\/v2\/product_tag?post=13408"}],"curies":[{"name":"wp","href":"https:\/\/api.w.org\/{rel}","templated":true}]}}