{"id":13411,"date":"2022-08-11T13:09:39","date_gmt":"2022-08-11T11:09:39","guid":{"rendered":"https:\/\/b2b.p2rbike.com\/product\/p2r-dbr-20ss-203-mm-brzdovy-rotor-cl-centerlock\/"},"modified":"2022-08-11T13:09:39","modified_gmt":"2022-08-11T11:09:39","slug":"p2r-dbr-20ss-203mm-brake-rotor-cl-2","status":"publish","type":"product","link":"https:\/\/b2b.p2rbike.com\/sk\/produkt\/p2r-dbr-20ss-203mm-brake-rotor-cl-2\/","title":{"rendered":"P2R DBR-20SS, 203 mm brzdov\u00fd rotor, CL (Centerlock)"},"content":{"rendered":"<p><strong>P2R BRZDOV\u00dd ROTOR 203 mm Centerlock<\/strong><\/p>\n<p><strong>VLASTNOSTI<\/strong>:<\/p>\n<ul>\n<li>Brzdn\u00e1 \u010das\u0165 rotora vyroben\u00e1 z nehrdzavej\u00facej ocele typ SUS410<\/li>\n<li>Oce\u013eov\u00fd nosi\u010d rotora lisovan\u00fd za studena<\/li>\n<li>Vysok\u00e1 pevnos\u0165 a odolnos\u0165 rotora<\/li>\n<li>Dokonal\u00fd odvod tepla<\/li>\n<li>Indik\u00e1tor opotrebovania brzdnej plochy rotora<\/li>\n<li>Vyroben\u00e9 a schv\u00e1len\u00e9 medzin\u00e1rodnou cyklistickou feder\u00e1ciou UCI: okraj rotora je s br\u00fasen\u00fdmi\/skosen\u00fdmi hranami, ktor\u00e9 eliminuj\u00fa riziko poranenia pri manipul\u00e1cii a v\u00fdmene rotora<\/li>\n<\/ul>\n<p><strong>DETAILY<\/strong>:<\/p>\n<ul>\n<li>priemer: 203 mm<\/li>\n<li>hmotnos\u0165: 272 g<\/li>\n<li>\u0161\u00edrka (hr\u00fabka) steny rotora 1,8 mm<\/li>\n<\/ul>\n","protected":false},"excerpt":{"rendered":"<p>P2R BRZDOV\u00dd ROTOR 203 mm Centerlock VLASTNOSTI: Brzdn\u00e1 \u010das\u0165 rotora vyroben\u00e1 z nehrdzavej\u00facej ocele typ SUS410 Oce\u013eov\u00fd nosi\u010d rotora lisovan\u00fd<\/p>\n","protected":false},"featured_media":12525,"template":"","meta":{"_acf_changed":false},"product_brand":[],"product_cat":[351,356,358],"product_tag":[],"class_list":{"0":"post-13411","1":"product","2":"type-product","3":"status-publish","4":"has-post-thumbnail","6":"product_cat-brzdove-prislusenstvo","7":"product_cat-brzdovy-rotor","8":"product_cat-system-centerlock","10":"first","11":"instock","12":"taxable","13":"shipping-taxable","14":"purchasable","15":"product-type-simple"},"bundled_by":[],"bundle_stock_status":"instock","bundle_stock_quantity":96,"bundle_virtual":false,"bundle_layout":"","bundle_add_to_cart_form_location":"","bundle_editable_in_cart":false,"bundle_sold_individually_context":"","bundle_item_grouping":"","bundle_min_size":"","bundle_max_size":"","bundle_price":[],"bundled_items":[],"bundle_sell_ids":[],"acf":[],"_links":{"self":[{"href":"https:\/\/b2b.p2rbike.com\/sk\/wp-json\/wp\/v2\/product\/13411","targetHints":{"allow":["GET"]}}],"collection":[{"href":"https:\/\/b2b.p2rbike.com\/sk\/wp-json\/wp\/v2\/product"}],"about":[{"href":"https:\/\/b2b.p2rbike.com\/sk\/wp-json\/wp\/v2\/types\/product"}],"wp:featuredmedia":[{"embeddable":true,"href":"https:\/\/b2b.p2rbike.com\/sk\/wp-json\/wp\/v2\/media\/12525"}],"wp:attachment":[{"href":"https:\/\/b2b.p2rbike.com\/sk\/wp-json\/wp\/v2\/media?parent=13411"}],"wp:term":[{"taxonomy":"product_brand","embeddable":true,"href":"https:\/\/b2b.p2rbike.com\/sk\/wp-json\/wp\/v2\/product_brand?post=13411"},{"taxonomy":"product_cat","embeddable":true,"href":"https:\/\/b2b.p2rbike.com\/sk\/wp-json\/wp\/v2\/product_cat?post=13411"},{"taxonomy":"product_tag","embeddable":true,"href":"https:\/\/b2b.p2rbike.com\/sk\/wp-json\/wp\/v2\/product_tag?post=13411"}],"curies":[{"name":"wp","href":"https:\/\/api.w.org\/{rel}","templated":true}]}}