{"id":13419,"date":"2022-08-11T13:09:39","date_gmt":"2022-08-11T11:09:39","guid":{"rendered":"https:\/\/b2b.p2rbike.com\/product\/p2r-dbp-010r-magura-mt-5-7-brzdove-platnicky-organicke\/"},"modified":"2026-04-07T09:23:17","modified_gmt":"2026-04-07T07:23:17","slug":"p2r-dbp-010r-magura-mt-5-7-brakes-pads-organic","status":"publish","type":"product","link":"https:\/\/b2b.p2rbike.com\/sk\/produkt\/p2r-dbp-010r-magura-mt-5-7-brakes-pads-organic\/","title":{"rendered":"P2R DBP-010R MAGURA MT 5-7 brzdov\u00e9 platni\u010dky, organick\u00e9"},"content":{"rendered":"<p>P2R brzdov\u00e9 platni\u010dky vhodn\u00e9 pre hydraulick\u00e9 diskov\u00e9 brzdy Kombin\u00e1cia: kevlar, keramika a kompozitn\u00fd materi\u00e1l s vysokou trecou schopnos\u0165ou pon\u00fakaj\u00fa trvalo vysok\u00fd brzdn\u00fd \u00fa\u010dinok bez nutnosti zajazdenia (mierneho opotrebenia).<\/p>\n<p><strong>KOMPATIBILITA<\/strong>:<br \/>\n<b><\/b><\/p>\n<ul>\n<li><b>MAGURA: <\/b>Magura MT5\/MT7<\/li>\n<\/ul>\n<p><strong>VLASTNOSTI<\/strong>:<br \/>\n<b>Materi\u00e1l<\/b>: zadn\u00e1 stena vyroben\u00e1 z ocele <b>SAPH 440<\/b> pre maxim\u00e1lnu pevnos\u0165<br \/>\n<b>Du Pont Kevlar<\/b> \u2013 pre vy\u0161\u0161iu odolnos\u0165, dlh\u0161iu \u017eivotnos\u0165 a stabiln\u00fd vysok\u00fd brzdn\u00fd \u00fa\u010dinok. Redukuje\/eliminuje nepr\u00edjemn\u00e9 zvuky pri brzden\u00ed<\/p>\n<p>HMOTNOS\u0164: <strong>20 g<\/strong>\/p\u00e1r (4 ks v balen\u00ed), celkov\u00e1 hmotnos\u0165 <strong>40 g<\/strong>\/2 p\u00e1ry<\/p>\n<p>PACKAGING: P2R packging card<\/p>\n","protected":false},"excerpt":{"rendered":"<p>P2R brzdov\u00e9 platni\u010dky vhodn\u00e9 pre hydraulick\u00e9 diskov\u00e9 brzdy Kombin\u00e1cia: kevlar, keramika a kompozitn\u00fd materi\u00e1l s vysokou trecou schopnos\u0165ou pon\u00fakaj\u00fa trvalo<\/p>\n","protected":false},"featured_media":12403,"template":"","meta":{"_acf_changed":false},"product_brand":[],"product_cat":[351,355],"product_tag":[],"class_list":{"0":"post-13419","1":"product","2":"type-product","3":"status-publish","4":"has-post-thumbnail","6":"product_cat-brzdove-prislusenstvo","7":"product_cat-brzdove-platnicky","9":"first","10":"instock","11":"taxable","12":"shipping-taxable","13":"purchasable","14":"product-type-simple"},"bundled_by":[],"bundle_stock_status":"instock","bundle_stock_quantity":227,"bundle_virtual":false,"bundle_layout":"","bundle_add_to_cart_form_location":"","bundle_editable_in_cart":false,"bundle_sold_individually_context":"","bundle_item_grouping":"","bundle_min_size":"","bundle_max_size":"","bundle_price":[],"bundled_items":[],"bundle_sell_ids":[],"acf":[],"_links":{"self":[{"href":"https:\/\/b2b.p2rbike.com\/sk\/wp-json\/wp\/v2\/product\/13419","targetHints":{"allow":["GET"]}}],"collection":[{"href":"https:\/\/b2b.p2rbike.com\/sk\/wp-json\/wp\/v2\/product"}],"about":[{"href":"https:\/\/b2b.p2rbike.com\/sk\/wp-json\/wp\/v2\/types\/product"}],"wp:featuredmedia":[{"embeddable":true,"href":"https:\/\/b2b.p2rbike.com\/sk\/wp-json\/wp\/v2\/media\/12403"}],"wp:attachment":[{"href":"https:\/\/b2b.p2rbike.com\/sk\/wp-json\/wp\/v2\/media?parent=13419"}],"wp:term":[{"taxonomy":"product_brand","embeddable":true,"href":"https:\/\/b2b.p2rbike.com\/sk\/wp-json\/wp\/v2\/product_brand?post=13419"},{"taxonomy":"product_cat","embeddable":true,"href":"https:\/\/b2b.p2rbike.com\/sk\/wp-json\/wp\/v2\/product_cat?post=13419"},{"taxonomy":"product_tag","embeddable":true,"href":"https:\/\/b2b.p2rbike.com\/sk\/wp-json\/wp\/v2\/product_tag?post=13419"}],"curies":[{"name":"wp","href":"https:\/\/api.w.org\/{rel}","templated":true}]}}