{"id":13434,"date":"2022-08-11T13:09:07","date_gmt":"2022-08-11T11:09:07","guid":{"rendered":"https:\/\/b2b.p2rbike.com\/product\/p2r-thh-id-2-1-nb-2700-mm-hydraulicka-hadica-pre-hydraulicke-brzdy-sram-avid\/"},"modified":"2025-04-12T09:34:59","modified_gmt":"2025-04-12T07:34:59","slug":"p2r-thh-id-2-1-nb-2700-mm-hydraulic-hose-2","status":"publish","type":"product","link":"https:\/\/b2b.p2rbike.com\/sk\/produkt\/p2r-thh-id-2-1-nb-2700-mm-hydraulic-hose-2\/","title":{"rendered":"P2R THH-ID 2.1 NB, 2700 mm hydraulick\u00e1 hadica pre hydraulick\u00e9 brzdy SRAM\/AVID"},"content":{"rendered":"<ul>\n<li>Teflonov\u00e1 hadica s nylonov\u00fdm opleten\u00edm <strong>I.D. 2.1 mm \/O.D. 5 mm<\/strong> <\/li>\n<li>Vhodn\u00e9 pre hydraulick\u00e9 brzdy: <strong>SRAM\/AVID<\/strong> <\/li>\n<li>D\u013a\u017eka: <strong>2700 mm<\/strong> <\/li>\n<\/ul>\n","protected":false},"excerpt":{"rendered":"<p>Teflonov\u00e1 hadica s nylonov\u00fdm opleten\u00edm I.D. 2.1 mm \/O.D. 5 mm Vhodn\u00e9 pre hydraulick\u00e9 brzdy: SRAM\/AVID D\u013a\u017eka: 2700 mm<\/p>\n","protected":false},"featured_media":12661,"template":"","meta":{"_acf_changed":false},"product_brand":[],"product_cat":[362],"product_tag":[],"class_list":{"0":"post-13434","1":"product","2":"type-product","3":"status-publish","4":"has-post-thumbnail","6":"product_cat-hydraulicke-hadice","8":"first","9":"instock","10":"taxable","11":"shipping-taxable","12":"purchasable","13":"product-type-simple"},"bundled_by":[],"bundle_stock_status":"instock","bundle_stock_quantity":59,"bundle_virtual":false,"bundle_layout":"","bundle_add_to_cart_form_location":"","bundle_editable_in_cart":false,"bundle_sold_individually_context":"","bundle_item_grouping":"","bundle_min_size":"","bundle_max_size":"","bundle_price":[],"bundled_items":[],"bundle_sell_ids":[],"acf":[],"_links":{"self":[{"href":"https:\/\/b2b.p2rbike.com\/sk\/wp-json\/wp\/v2\/product\/13434","targetHints":{"allow":["GET"]}}],"collection":[{"href":"https:\/\/b2b.p2rbike.com\/sk\/wp-json\/wp\/v2\/product"}],"about":[{"href":"https:\/\/b2b.p2rbike.com\/sk\/wp-json\/wp\/v2\/types\/product"}],"wp:featuredmedia":[{"embeddable":true,"href":"https:\/\/b2b.p2rbike.com\/sk\/wp-json\/wp\/v2\/media\/12661"}],"wp:attachment":[{"href":"https:\/\/b2b.p2rbike.com\/sk\/wp-json\/wp\/v2\/media?parent=13434"}],"wp:term":[{"taxonomy":"product_brand","embeddable":true,"href":"https:\/\/b2b.p2rbike.com\/sk\/wp-json\/wp\/v2\/product_brand?post=13434"},{"taxonomy":"product_cat","embeddable":true,"href":"https:\/\/b2b.p2rbike.com\/sk\/wp-json\/wp\/v2\/product_cat?post=13434"},{"taxonomy":"product_tag","embeddable":true,"href":"https:\/\/b2b.p2rbike.com\/sk\/wp-json\/wp\/v2\/product_tag?post=13434"}],"curies":[{"name":"wp","href":"https:\/\/api.w.org\/{rel}","templated":true}]}}