{"id":13441,"date":"2022-08-11T13:09:07","date_gmt":"2022-08-11T11:09:07","guid":{"rendered":"https:\/\/b2b.p2rbike.com\/product\/p2r-mscs-r-ss-mtb-radiaci-kablovy-set-zadny-stainless-steel\/"},"modified":"2023-02-01T08:57:03","modified_gmt":"2023-02-01T07:57:03","slug":"p2r-mscs-r-ss-mtb-shifting-cable-set-rear-stainless-steel-2","status":"publish","type":"product","link":"https:\/\/b2b.p2rbike.com\/sk\/produkt\/p2r-mscs-r-ss-mtb-shifting-cable-set-rear-stainless-steel-2\/","title":{"rendered":"P2R MSCS R SS MTB radiaci k\u00e1blov\u00fd set zadn\u00fd (stainless steel)"},"content":{"rendered":"<ul>\n<li>Radiaci k\u00e1blov\u00fd set pre MTB (zadn\u00fd)<\/li>\n<\/ul>\n<p>Obsah balenia:<\/p>\n<ul>\n<li>Radiace lanko \u00f8 1.2 mm x 2100 (Stainless steel)<\/li>\n<li>Utesnen\u00e9 koncovky bowdenov, CNC opracovanie pre maxim\u00e1lnu presnos\u0165, materi\u00e1l AL (5 ks.)<\/li>\n<li>Utesnen\u00e1 \u010diapo\u010dka bowdenu (1 ks)<\/li>\n<li>Koncovka lanka (2 ks)<\/li>\n<li>Bowden \u00f8 4 mm DH-ST-SD 2000 mm<\/li>\n<\/ul>\n<p>&nbsp;<\/p>\n","protected":false},"excerpt":{"rendered":"<p>Radiaci k\u00e1blov\u00fd set pre MTB (zadn\u00fd) Obsah balenia: Radiace lanko \u00f8 1.2 mm x 2100 (Stainless steel) Utesnen\u00e9 koncovky bowdenov,<\/p>\n","protected":false},"featured_media":12662,"template":"","meta":{"_acf_changed":false},"product_brand":[],"product_cat":[351,379],"product_tag":[],"class_list":{"0":"post-13441","1":"product","2":"type-product","3":"status-publish","4":"has-post-thumbnail","6":"product_cat-brzdove-prislusenstvo","7":"product_cat-lanka-a-bowdeny-sk","9":"first","10":"instock","11":"taxable","12":"shipping-taxable","13":"purchasable","14":"product-type-simple"},"bundled_by":[],"bundle_stock_status":"instock","bundle_stock_quantity":479,"bundle_virtual":false,"bundle_layout":"","bundle_add_to_cart_form_location":"","bundle_editable_in_cart":false,"bundle_sold_individually_context":"","bundle_item_grouping":"","bundle_min_size":"","bundle_max_size":"","bundle_price":[],"bundled_items":[],"bundle_sell_ids":[],"acf":[],"_links":{"self":[{"href":"https:\/\/b2b.p2rbike.com\/sk\/wp-json\/wp\/v2\/product\/13441","targetHints":{"allow":["GET"]}}],"collection":[{"href":"https:\/\/b2b.p2rbike.com\/sk\/wp-json\/wp\/v2\/product"}],"about":[{"href":"https:\/\/b2b.p2rbike.com\/sk\/wp-json\/wp\/v2\/types\/product"}],"wp:featuredmedia":[{"embeddable":true,"href":"https:\/\/b2b.p2rbike.com\/sk\/wp-json\/wp\/v2\/media\/12662"}],"wp:attachment":[{"href":"https:\/\/b2b.p2rbike.com\/sk\/wp-json\/wp\/v2\/media?parent=13441"}],"wp:term":[{"taxonomy":"product_brand","embeddable":true,"href":"https:\/\/b2b.p2rbike.com\/sk\/wp-json\/wp\/v2\/product_brand?post=13441"},{"taxonomy":"product_cat","embeddable":true,"href":"https:\/\/b2b.p2rbike.com\/sk\/wp-json\/wp\/v2\/product_cat?post=13441"},{"taxonomy":"product_tag","embeddable":true,"href":"https:\/\/b2b.p2rbike.com\/sk\/wp-json\/wp\/v2\/product_tag?post=13441"}],"curies":[{"name":"wp","href":"https:\/\/api.w.org\/{rel}","templated":true}]}}