{"id":13443,"date":"2022-08-11T13:09:07","date_gmt":"2022-08-11T11:09:07","guid":{"rendered":"https:\/\/b2b.p2rbike.com\/product\/p2r-rbcs-fr-ss-brzdovy-kablovy-set-pre-cestne-bicykle-stainless-steel\/"},"modified":"2022-08-11T13:09:07","modified_gmt":"2022-08-11T11:09:07","slug":"p2r-rbcs-fr-ss-road-brake-cable-set-stainless-steel-2","status":"publish","type":"product","link":"https:\/\/b2b.p2rbike.com\/sk\/produkt\/p2r-rbcs-fr-ss-road-brake-cable-set-stainless-steel-2\/","title":{"rendered":"P2R RBCS F+R SS brzdov\u00fd k\u00e1blov\u00fd set pre cestn\u00e9 bicykle (stainless steel)"},"content":{"rendered":"<ul>\n<li>P2R brzdov\u00fd k\u00e1blov\u00fd set pre cestn\u00e9 bicykle (P + Z)<\/li>\n<\/ul>\n<p>Obsah balenia:<\/p>\n<ul>\n<li>Brzdov\u00e9 lanko \u00f8 1.6 mm x 1000 mm (Stainless steel)<\/li>\n<li>Brzdov\u00e9 lanko \u00f8 1.6 mm x 2050 mm (Stainless steel)<\/li>\n<li> Koncovka lanka (2 ks)<\/li>\n<li>Koncovka bowdenu a koncovka lanka (2 ks\/6 ks)<\/li>\n<li> Brzdov\u00fd bowden 2P \u00f8 5mm x 2200 mm<\/li>\n<\/ul>\n<p>&nbsp;<\/p>\n","protected":false},"excerpt":{"rendered":"<p>P2R brzdov\u00fd k\u00e1blov\u00fd set pre cestn\u00e9 bicykle (P + Z) Obsah balenia: Brzdov\u00e9 lanko \u00f8 1.6 mm x 1000 mm<\/p>\n","protected":false},"featured_media":12662,"template":"","meta":{"_acf_changed":false},"product_brand":[],"product_cat":[351,379],"product_tag":[],"class_list":{"0":"post-13443","1":"product","2":"type-product","3":"status-publish","4":"has-post-thumbnail","6":"product_cat-brzdove-prislusenstvo","7":"product_cat-lanka-a-bowdeny-sk","9":"first","10":"instock","11":"taxable","12":"shipping-taxable","13":"purchasable","14":"product-type-simple"},"bundled_by":[],"bundle_stock_status":"instock","bundle_stock_quantity":299,"bundle_virtual":false,"bundle_layout":"","bundle_add_to_cart_form_location":"","bundle_editable_in_cart":false,"bundle_sold_individually_context":"","bundle_item_grouping":"","bundle_min_size":"","bundle_max_size":"","bundle_price":[],"bundled_items":[],"bundle_sell_ids":[],"acf":[],"_links":{"self":[{"href":"https:\/\/b2b.p2rbike.com\/sk\/wp-json\/wp\/v2\/product\/13443","targetHints":{"allow":["GET"]}}],"collection":[{"href":"https:\/\/b2b.p2rbike.com\/sk\/wp-json\/wp\/v2\/product"}],"about":[{"href":"https:\/\/b2b.p2rbike.com\/sk\/wp-json\/wp\/v2\/types\/product"}],"wp:featuredmedia":[{"embeddable":true,"href":"https:\/\/b2b.p2rbike.com\/sk\/wp-json\/wp\/v2\/media\/12662"}],"wp:attachment":[{"href":"https:\/\/b2b.p2rbike.com\/sk\/wp-json\/wp\/v2\/media?parent=13443"}],"wp:term":[{"taxonomy":"product_brand","embeddable":true,"href":"https:\/\/b2b.p2rbike.com\/sk\/wp-json\/wp\/v2\/product_brand?post=13443"},{"taxonomy":"product_cat","embeddable":true,"href":"https:\/\/b2b.p2rbike.com\/sk\/wp-json\/wp\/v2\/product_cat?post=13443"},{"taxonomy":"product_tag","embeddable":true,"href":"https:\/\/b2b.p2rbike.com\/sk\/wp-json\/wp\/v2\/product_tag?post=13443"}],"curies":[{"name":"wp","href":"https:\/\/api.w.org\/{rel}","templated":true}]}}