{"id":13446,"date":"2022-08-11T13:09:07","date_gmt":"2022-08-11T11:09:07","guid":{"rendered":"https:\/\/b2b.p2rbike.com\/product\/p2r-bcec-1-6-koncovka-brzdoveho-lanka\/"},"modified":"2024-05-25T22:11:11","modified_gmt":"2024-05-25T20:11:11","slug":"p2r-bcec-1-6-brake-cable-end-cap-2","status":"publish","type":"product","link":"https:\/\/b2b.p2rbike.com\/sk\/produkt\/p2r-bcec-1-6-brake-cable-end-cap-2\/","title":{"rendered":"P2R BCEC 1.6 koncovka brzdov\u00e9ho lanka"},"content":{"rendered":"<p>Koncovka brzdov\u00e9ho lanka &#8211; AL materi\u00e1l (1,6mm)<\/p>\n<p>BALENIE: (f\u013ea\u0161a) 600 ks AL koncoviek (zl\u00fa\u010denina hlin\u00edka)<\/p>\n","protected":false},"excerpt":{"rendered":"<p>Koncovka brzdov\u00e9ho lanka &#8211; AL materi\u00e1l (1,6mm) BALENIE: (f\u013ea\u0161a) 600 ks AL koncoviek (zl\u00fa\u010denina hlin\u00edka)<\/p>\n","protected":false},"featured_media":12800,"template":"","meta":{"_acf_changed":false},"product_brand":[],"product_cat":[351,394],"product_tag":[],"class_list":{"0":"post-13446","1":"product","2":"type-product","3":"status-publish","4":"has-post-thumbnail","6":"product_cat-brzdove-prislusenstvo","7":"product_cat-koncovka-lanka","9":"first","10":"instock","11":"taxable","12":"shipping-taxable","13":"purchasable","14":"product-type-simple"},"bundled_by":[],"bundle_stock_status":"instock","bundle_stock_quantity":75,"bundle_virtual":false,"bundle_layout":"","bundle_add_to_cart_form_location":"","bundle_editable_in_cart":false,"bundle_sold_individually_context":"","bundle_item_grouping":"","bundle_min_size":"","bundle_max_size":"","bundle_price":[],"bundled_items":[],"bundle_sell_ids":[],"acf":[],"_links":{"self":[{"href":"https:\/\/b2b.p2rbike.com\/sk\/wp-json\/wp\/v2\/product\/13446","targetHints":{"allow":["GET"]}}],"collection":[{"href":"https:\/\/b2b.p2rbike.com\/sk\/wp-json\/wp\/v2\/product"}],"about":[{"href":"https:\/\/b2b.p2rbike.com\/sk\/wp-json\/wp\/v2\/types\/product"}],"wp:featuredmedia":[{"embeddable":true,"href":"https:\/\/b2b.p2rbike.com\/sk\/wp-json\/wp\/v2\/media\/12800"}],"wp:attachment":[{"href":"https:\/\/b2b.p2rbike.com\/sk\/wp-json\/wp\/v2\/media?parent=13446"}],"wp:term":[{"taxonomy":"product_brand","embeddable":true,"href":"https:\/\/b2b.p2rbike.com\/sk\/wp-json\/wp\/v2\/product_brand?post=13446"},{"taxonomy":"product_cat","embeddable":true,"href":"https:\/\/b2b.p2rbike.com\/sk\/wp-json\/wp\/v2\/product_cat?post=13446"},{"taxonomy":"product_tag","embeddable":true,"href":"https:\/\/b2b.p2rbike.com\/sk\/wp-json\/wp\/v2\/product_tag?post=13446"}],"curies":[{"name":"wp","href":"https:\/\/api.w.org\/{rel}","templated":true}]}}