{"id":13447,"date":"2022-08-11T13:09:07","date_gmt":"2022-08-11T11:09:07","guid":{"rendered":"https:\/\/b2b.p2rbike.com\/product\/zatka-p2r-pre-rukovate-1-ks\/"},"modified":"2026-04-20T12:57:24","modified_gmt":"2026-04-20T10:57:24","slug":"zatka-p2r-pre-rukovate-1-ks-2","status":"publish","type":"product","link":"https:\/\/b2b.p2rbike.com\/sk\/produkt\/zatka-p2r-pre-rukovate-1-ks-2\/","title":{"rendered":"Z\u00e1tka P2R pre rukov\u00e4te (1 ks)"},"content":{"rendered":"<p><strong>P2R z\u00e1tka pre rukov\u00e4te<\/strong><\/p>\n<p>\u2022 P2R koncovka pre rukov\u00e4te vyroben\u00e1 z pru\u017en\u00e9ho a odoln\u00e9ho <strong>PP<\/strong> materi\u00e1lu (poly-propyl\u00e9n)<br \/>\n\u2022 Vhodn\u00e1 pre <strong>v\u0161etky<\/strong> typy riadidiel<br \/>\n\u2022 Vonkaj\u0161\u00ed priemer <strong>24 mm<\/strong><br \/>\n\u2022 Balenie: OEM<\/p>\n","protected":false},"excerpt":{"rendered":"<p>P2R z\u00e1tka pre rukov\u00e4te \u2022 P2R koncovka pre rukov\u00e4te vyroben\u00e1 z pru\u017en\u00e9ho a odoln\u00e9ho PP materi\u00e1lu (poly-propyl\u00e9n) \u2022 Vhodn\u00e1 pre<\/p>\n","protected":false},"featured_media":11980,"template":"","meta":{"_acf_changed":false},"product_brand":[],"product_cat":[409],"product_tag":[],"class_list":{"0":"post-13447","1":"product","2":"type-product","3":"status-publish","4":"has-post-thumbnail","6":"product_cat-zatka-pre-rukovate","8":"first","9":"instock","10":"taxable","11":"shipping-taxable","12":"purchasable","13":"product-type-simple"},"bundled_by":[],"bundle_stock_status":"instock","bundle_stock_quantity":108,"bundle_virtual":false,"bundle_layout":"","bundle_add_to_cart_form_location":"","bundle_editable_in_cart":false,"bundle_sold_individually_context":"","bundle_item_grouping":"","bundle_min_size":"","bundle_max_size":"","bundle_price":[],"bundled_items":[],"bundle_sell_ids":[],"acf":[],"_links":{"self":[{"href":"https:\/\/b2b.p2rbike.com\/sk\/wp-json\/wp\/v2\/product\/13447","targetHints":{"allow":["GET"]}}],"collection":[{"href":"https:\/\/b2b.p2rbike.com\/sk\/wp-json\/wp\/v2\/product"}],"about":[{"href":"https:\/\/b2b.p2rbike.com\/sk\/wp-json\/wp\/v2\/types\/product"}],"wp:featuredmedia":[{"embeddable":true,"href":"https:\/\/b2b.p2rbike.com\/sk\/wp-json\/wp\/v2\/media\/11980"}],"wp:attachment":[{"href":"https:\/\/b2b.p2rbike.com\/sk\/wp-json\/wp\/v2\/media?parent=13447"}],"wp:term":[{"taxonomy":"product_brand","embeddable":true,"href":"https:\/\/b2b.p2rbike.com\/sk\/wp-json\/wp\/v2\/product_brand?post=13447"},{"taxonomy":"product_cat","embeddable":true,"href":"https:\/\/b2b.p2rbike.com\/sk\/wp-json\/wp\/v2\/product_cat?post=13447"},{"taxonomy":"product_tag","embeddable":true,"href":"https:\/\/b2b.p2rbike.com\/sk\/wp-json\/wp\/v2\/product_tag?post=13447"}],"curies":[{"name":"wp","href":"https:\/\/api.w.org\/{rel}","templated":true}]}}