{"id":13454,"date":"2022-08-11T13:08:41","date_gmt":"2022-08-11T11:08:41","guid":{"rendered":"https:\/\/b2b.p2rbike.com\/product\/p2r-shockman-slc-orange\/"},"modified":"2025-08-18T17:39:59","modified_gmt":"2025-08-18T15:39:59","slug":"p2r-shockman-slc-orange-2","status":"publish","type":"product","link":"https:\/\/b2b.p2rbike.com\/sk\/produkt\/p2r-shockman-slc-orange-2\/","title":{"rendered":"P2R SHOCKMAN SLC orange"},"content":{"rendered":"<p><strong>P2R Silk\u00f3nov\u00e9 rukov\u00e4te<\/strong><\/p>\n<p><strong>P2R SHOCKMAN SLC<\/strong> predstavuje vrcholn\u00fa kvalitu v kateg\u00f3rii <strong>100% silik\u00f3nov\u00e9 rukov\u00e4te<\/strong> (gripy).<br \/>\n\u0160peci\u00e1lne pripraven\u00e1 zmes predl\u017euje \u017eivotnos\u0165 rukov\u00e4t\u00ed, poskytuje maxim\u00e1lny komfort, tlm\u00ed vibr\u00e1cie z ter\u00e9nu, zabra\u0148uje nechcen\u00e9mu pret\u00e1\u010daniu rukov\u00e4t\u00ed a t\u00fdm umo\u017e\u0148uje maxim\u00e1lnu ovl\u00e1date\u013enos\u0165 bicykla za ka\u017ed\u00fdch podmienok<\/p>\n<p><strong>POZN\u00c1MKA<\/strong>: povrch riadidiel pred mont\u00e1\u017eou riadne o\u010distite a odmastite vhodn\u00fdm pr\u00edpravkom.<\/p>\n<p><strong>VLASTNOSTI<\/strong>:<br \/>\n\u2022 Celkov\u00e1 d\u013a\u017eka rukov\u00e4te <strong>130 mm<\/strong><br \/>\nHr\u00fabka steny rukov\u00e4te: <strong>6 mm<\/strong><br \/>\nHmotnos\u0165: <strong>70 gramov<\/strong>\/p\u00e1r<\/p>\n<p><strong>KOMPATIBILITA<\/strong>: vhodn\u00e9 pre v\u0161etky be\u017en\u00e9 typy riadidiel<\/p>\n<p><strong>PR\u00cdSLU\u0160ENSTVO<\/strong>:<br \/>\n\u2022 2 x z\u00e1tka pre rukov\u00e4te<\/p>\n<p><strong>FAREBN\u00c9 ALTERNAT\u00cdVY:<\/strong><br \/>\n\u2022 black<br \/>\n\u2022 blue<br \/>\n\u2022 red<br \/>\n\u2022 orange<br \/>\n\u2022 pink<\/p>\n","protected":false},"excerpt":{"rendered":"<p>P2R Silk\u00f3nov\u00e9 rukov\u00e4te P2R SHOCKMAN SLC predstavuje vrcholn\u00fa kvalitu v kateg\u00f3rii 100% silik\u00f3nov\u00e9 rukov\u00e4te (gripy). \u0160peci\u00e1lne pripraven\u00e1 zmes predl\u017euje \u017eivotnos\u0165<\/p>\n","protected":false},"featured_media":11972,"template":"","meta":{"_acf_changed":false},"product_brand":[],"product_cat":[408,410],"product_tag":[],"class_list":{"0":"post-13454","1":"product","2":"type-product","3":"status-publish","4":"has-post-thumbnail","6":"product_cat-rukovate","7":"product_cat-silikonove-rukovate","9":"first","10":"instock","11":"taxable","12":"shipping-taxable","13":"purchasable","14":"product-type-simple"},"bundled_by":[],"bundle_stock_status":"instock","bundle_stock_quantity":37,"bundle_virtual":false,"bundle_layout":"","bundle_add_to_cart_form_location":"","bundle_editable_in_cart":false,"bundle_sold_individually_context":"","bundle_item_grouping":"","bundle_min_size":"","bundle_max_size":"","bundle_price":[],"bundled_items":[],"bundle_sell_ids":[],"acf":[],"_links":{"self":[{"href":"https:\/\/b2b.p2rbike.com\/sk\/wp-json\/wp\/v2\/product\/13454","targetHints":{"allow":["GET"]}}],"collection":[{"href":"https:\/\/b2b.p2rbike.com\/sk\/wp-json\/wp\/v2\/product"}],"about":[{"href":"https:\/\/b2b.p2rbike.com\/sk\/wp-json\/wp\/v2\/types\/product"}],"wp:featuredmedia":[{"embeddable":true,"href":"https:\/\/b2b.p2rbike.com\/sk\/wp-json\/wp\/v2\/media\/11972"}],"wp:attachment":[{"href":"https:\/\/b2b.p2rbike.com\/sk\/wp-json\/wp\/v2\/media?parent=13454"}],"wp:term":[{"taxonomy":"product_brand","embeddable":true,"href":"https:\/\/b2b.p2rbike.com\/sk\/wp-json\/wp\/v2\/product_brand?post=13454"},{"taxonomy":"product_cat","embeddable":true,"href":"https:\/\/b2b.p2rbike.com\/sk\/wp-json\/wp\/v2\/product_cat?post=13454"},{"taxonomy":"product_tag","embeddable":true,"href":"https:\/\/b2b.p2rbike.com\/sk\/wp-json\/wp\/v2\/product_tag?post=13454"}],"curies":[{"name":"wp","href":"https:\/\/api.w.org\/{rel}","templated":true}]}}