{"id":13460,"date":"2022-08-11T13:08:41","date_gmt":"2022-08-11T11:08:41","guid":{"rendered":"https:\/\/b2b.p2rbike.com\/product\/p2r-talix-15-mbd\/"},"modified":"2026-04-08T09:58:22","modified_gmt":"2026-04-08T07:58:22","slug":"p2r-talix-15-mbd-2","status":"publish","type":"product","link":"https:\/\/b2b.p2rbike.com\/sk\/produkt\/p2r-talix-15-mbd-2\/","title":{"rendered":"P2R TALIX 15 MBD"},"content":{"rendered":"<p><strong>BEZPE\u010cNOSTN\u00c9 OSVETLENIE<\/strong><\/p>\n<p><strong>P2R TALIX 15 MBD<\/strong> vyroben\u00e9 zo zliatiny hlin\u00edka, bezpe\u010dnostn\u00e9 svetlo kompaktnej ve\u013ekosti s technol\u00f3giou <strong>COB LED<\/strong>, \u0161peci\u00e1lne vyvinut\u00e9 pre va\u0161u maxim\u00e1lnu bezpe\u010dnos\u0165 a vidite\u013enos\u0165 na ceste, s nieko\u013ek\u00fdmi TOP funkciami:<\/p>\n<ul>\n<li>braking sensor<\/li>\n<li>dark sensor<\/li>\n<li>sleeping mode<\/li>\n<li>memory effect<\/li>\n<li>smart sensor<\/li>\n<\/ul>\n<p>automaticky nastav\u00ed bezpe\u010dnostn\u00e9 osvetlenie do u\u017e\u00edvate\u013esk\u00e9ho re\u017eimu. Vlastnosti tohoto v\u00fdnimo\u010dn\u00e9ho osvetlenia si m\u00f4\u017ee vychutna\u0165 naozaj ka\u017ed\u00fd, bez oh\u013eadu na to, ak\u00fd typ bicykla pou\u017e\u00edva, v ka\u017edom po\u010das\u00ed \u010di f\u00e1ze d\u0148a\/noci so v\u0161etk\u00fdmi \u010dlenmi svojej rodiny.<\/p>\n<p><strong>NASTAVENIE:<\/strong><\/p>\n<p>Po namontovan\u00ed svetla na sedlovku (st\u013apik sedla) a pri prvom pohybe s bicyklom, 1x stla\u010denie tla\u010didla ON\/OFF aktivuje smart senzor (zelen\u00e1 di\u00f3da blik\u00e1 cca 90 sek\u00fand), ktor\u00fd automaticky nastav\u00ed v\u0161etky parametre pre najlep\u0161iu funkciu .<\/p>\n<p><strong>VLASTNOSTI<\/strong>:<\/p>\n<p><strong>BRAKING SENSOR<\/strong>: v akomko\u013evek zvolenom <strong>re\u017eime<\/strong> signalizuje brzdenie V\u00e1\u0161ho bicykla a informuje vodi\u010dov za vami pomocou zv\u00fd\u0161enej intenzity svietenia COB di\u00f3d (kr\u00e1tkodobo zv\u00fd\u0161ia internzitu a\u017e na <strong>200%<\/strong> v\u00fdkonu) po dobu 5 sek\u00fand.<\/p>\n<p><strong>Dark sensor<\/strong>: po\u010das denn\u00e9ho svetla tento m\u00f3d automaticky vyp\u00edna re\u017eim svietenia a \u0161etr\u00ed bat\u00e9riu pri zachovan\u00ed funkcie indik\u00e1cia brzdenia Pri zn\u00ed\u017eenej vidite\u013enosti, alebo ve\u010der a pri prvom pohybe s bicyklom, senzor automaticky v\u010faka memory funkcii aktivuje osvetlenie v poslednom re\u017eime (st\u00e1le svietenie\/blikanie) so zachovanou funkciou indik\u00e1cie brzdenia.<\/p>\n<p><strong>Sleeping mode<\/strong>: ke\u010f bicykel zostane bez pohybu (nez\u00e1le\u017e\u00ed na tom cez de\u0148 alebo v noci), po uplynut\u00ed \u010dasu 120 sek\u00fand sa automaticky prepne do re\u017eimu sp\u00e1nku a \u0161etr\u00ed kapacitu bat\u00e9rie a\u017e do 1. pohybu s bicyklom.<\/p>\n<p><strong>MONT\u00c1\u017d<\/strong>: ToolFree &#8211; silik\u00f3nov\u00fd dr\u017eiak umo\u017e\u0148uje mont\u00e1\u017e bez n\u00e1radia na v\u00e4\u010d\u0161inu dostupn\u00fdch sedloviek. \u0160tvorcov\u00e1 z\u00e1klad\u0148a dr\u017eiaku umo\u017e\u0148uje mont\u00e1\u017e svetla vertik\u00e1lne alebo horizont\u00e1lne<\/p>\n<p><strong>DETAILY:<\/strong><br \/>\nMaxim\u00e1lny sveteln\u00fd v\u00fdkon: <strong>25 lm<\/strong> (pri detekcii brzdenia). \u0160tandardn\u00fd sveteln\u00fd v\u00fdkon: 15 lm<br \/>\nZdroj svetla: <strong>COB LED di\u00f3dy<\/strong><br \/>\n<strong>FUNKCIE<\/strong>:: 100% st\u00e1le svietenie (<strong>3 h<\/strong>), blikanie (<strong>12 h<\/strong>)<br \/>\n<strong>V\u00ddDR\u017d BAT\u00c9RIE<\/strong>: St\u00e1le svietenie 100% (<strong>2h<\/strong>) &#8211; 50% (<strong>4h<\/strong>) &#8211; 25% (<strong>8h<\/strong>)- Blikanie 100% (<strong>5h<\/strong>), 50% (<strong>10h<\/strong>), 25% (<strong>20h<\/strong>)<br \/>\n<strong>Nab\u00edjanie bat\u00e9rie<\/strong> indik\u00e1cia tzv. d\u00fdchan\u00edm (<strong>1h 30 min<\/strong>), Pln\u00e9 nabitie \u2013 zelen\u00e1 LED di\u00f3da v zadnej \u010dasti sa rozvieti<br \/>\nTyp bat\u00e9rie: <strong>Li-pol 3.7V 320mAh<\/strong><br \/>\n\u010cas nab\u00edjania: <strong>1.5 h<\/strong><\/p>\n<p>ROZMERY: <strong>69 x 20 x 16 mm<\/strong> (<strong>iba<\/strong> telo svetla)<br \/>\nHMOTNOS\u0164: <strong>31 g<\/strong> (<strong>iba<\/strong> telo osvetlenia)<br \/>\n<strong>IPX5<\/strong> &#8211; vodeodoln\u00e9<\/p>\n<p>SVETELN\u00dd V\u00ddKON::<br \/>\n\u2022 St\u00e1le svietenie \/ blikanie 15 Lumen<br \/>\n\u2022 indi\u00e1cia brzdenia zv\u00fd\u0161i v\u00fdkon po dobu 5 sek\u00fand (a\u017e na 25 L\u00famenov)<\/p>\n<p>Typ LED di\u00f3d: <strong>COB LED<\/strong><\/p>\n<p>ROZMERY: <strong>69 x 20 x 16 mm<\/strong><\/p>\n<p>HMOTNOS\u0164: <strong>31 g<\/strong><\/p>\n<p>PR\u00cdSLU\u0160ENSTVO: Micro USB k\u00e1bel (s\u00fa\u010das\u0165ou balenia)<\/p>\n<p>BALENIE: v dizajne P2R<\/p>\n","protected":false},"excerpt":{"rendered":"<p>BEZPE\u010cNOSTN\u00c9 OSVETLENIE P2R TALIX 15 MBD vyroben\u00e9 zo zliatiny hlin\u00edka, bezpe\u010dnostn\u00e9 svetlo kompaktnej ve\u013ekosti s technol\u00f3giou COB LED, \u0161peci\u00e1lne vyvinut\u00e9<\/p>\n","protected":false},"featured_media":13888,"template":"","meta":{"_acf_changed":false},"product_brand":[],"product_cat":[418,426],"product_tag":[],"class_list":{"0":"post-13460","1":"product","2":"type-product","3":"status-publish","4":"has-post-thumbnail","6":"product_cat-osvetlenie","7":"product_cat-bezpecnostne-osvetlenie","9":"first","10":"instock","11":"sale","12":"taxable","13":"shipping-taxable","14":"purchasable","15":"product-type-simple"},"bundled_by":[],"bundle_stock_status":"instock","bundle_stock_quantity":995,"bundle_virtual":false,"bundle_layout":"","bundle_add_to_cart_form_location":"","bundle_editable_in_cart":false,"bundle_sold_individually_context":"","bundle_item_grouping":"","bundle_min_size":"","bundle_max_size":"","bundle_price":[],"bundled_items":[],"bundle_sell_ids":[],"acf":[],"_links":{"self":[{"href":"https:\/\/b2b.p2rbike.com\/sk\/wp-json\/wp\/v2\/product\/13460","targetHints":{"allow":["GET"]}}],"collection":[{"href":"https:\/\/b2b.p2rbike.com\/sk\/wp-json\/wp\/v2\/product"}],"about":[{"href":"https:\/\/b2b.p2rbike.com\/sk\/wp-json\/wp\/v2\/types\/product"}],"wp:featuredmedia":[{"embeddable":true,"href":"https:\/\/b2b.p2rbike.com\/sk\/wp-json\/wp\/v2\/media\/13888"}],"wp:attachment":[{"href":"https:\/\/b2b.p2rbike.com\/sk\/wp-json\/wp\/v2\/media?parent=13460"}],"wp:term":[{"taxonomy":"product_brand","embeddable":true,"href":"https:\/\/b2b.p2rbike.com\/sk\/wp-json\/wp\/v2\/product_brand?post=13460"},{"taxonomy":"product_cat","embeddable":true,"href":"https:\/\/b2b.p2rbike.com\/sk\/wp-json\/wp\/v2\/product_cat?post=13460"},{"taxonomy":"product_tag","embeddable":true,"href":"https:\/\/b2b.p2rbike.com\/sk\/wp-json\/wp\/v2\/product_tag?post=13460"}],"curies":[{"name":"wp","href":"https:\/\/api.w.org\/{rel}","templated":true}]}}