{"id":13461,"date":"2022-08-11T13:08:41","date_gmt":"2022-08-11T11:08:41","guid":{"rendered":"https:\/\/b2b.p2rbike.com\/product\/p2r-fotton-400-new\/"},"modified":"2026-04-08T07:56:59","modified_gmt":"2026-04-08T05:56:59","slug":"p2r-fotton-400-new-2","status":"publish","type":"product","link":"https:\/\/b2b.p2rbike.com\/sk\/produkt\/p2r-fotton-400-new-2\/","title":{"rendered":"P2R FOTTON 400"},"content":{"rendered":"<p><strong>PREDN\u00c9 OSVETLENIE<\/strong><\/p>\n<p><strong>P2R FOTTON 400<\/strong> (nov\u00fd model v s\u00e9rii P2R FOTTON) je predn\u00e9, <strong>USB C typ, nab\u00edjate\u013en\u00e9 osvetlenie<\/strong> Je vyroben\u00e9 zo zliatiny hlin\u00edka a ur\u010den\u00e9 v\u0161etk\u00fdm cyklistom, ktor\u00ed chc\u00fa by\u0165 na ceste dobre viden\u00ed a z\u00e1rove\u0148 ma\u0165 svetlo dostato\u010dne siln\u00e9 na jazdu v ak\u00fdchko\u013evek sveteln\u00fdch podmienkach, \u010di u\u017e za denn\u00e9ho svetla, alebo po\u010das zn\u00ed\u017eenej vidite\u013enosti, kedy poskytne spo\u013eahliv\u00e9 osvetlenie ter\u00e9nu pred Vami aj po stran\u00e1ch bicykla a zabezpe\u010d\u00ed tak spo\u013eahliv\u00e9 a bezpe\u010dn\u00e9 jazdenie aj mimo osvetlen\u00fdch ul\u00edc mesta.<br \/>\nOptimalizovan\u00fd tvar sveteln\u00e9ho ku\u017ee\u013ea predur\u010duje tento model pre \u0161irok\u00e9 spektrum pou\u017eitia, nielen na bicykli, ale aj v dom\u00e1cnosti, gar\u00e1\u017ei, \u010di kempe.<br \/>\nFunkcia pam\u00e4te posledn\u00e9ho pou\u017eit\u00e9ho re\u017eimu pon\u00faka op\u00e4tovn\u00e9 zapnutie vo Va\u0161om ob\u013e\u00fabenom re\u017eime.<\/p>\n<p><strong>VLASTNOSTI<\/strong>:<br \/>\nV\u00fdkon osvetlenia: <strong>400 lm<\/strong><br \/>\nZdroj svetla: <strong>1 x CREE XP-G2 SuperBright<\/strong><\/p>\n<p><strong>Volite\u013en\u00e9 re\u017eimy:<\/strong><br \/>\nSt\u00e1le svietenie: 100%, 70%, 30%<br \/>\nBlikanie 100%<\/p>\n<p><strong>V\u00fddr\u017e bat\u00e9rie:<\/strong><br \/>\nV z\u00e1vislosti od zvolen\u00e9ho re\u017eimu svietenia: 100% (<strong>1 h 30 min<\/strong>) &#8211; 70% (<strong>2 h<\/strong>) &#8211; 30% (<strong>4 h 30 min<\/strong>)<br \/>\nBlikanie: 100% (<strong>3 h<\/strong> )<\/p>\n<p>\u010cas nab\u00edjania: <strong>2 h<\/strong><br \/>\nTyp bat\u00e9rie: <strong>Li-pol 1200 mAh<\/strong><\/p>\n<p><strong>Indik\u00e1tor<\/strong>:<br \/>\nmodr\u00e9 &#8211; nab\u00edjanie<br \/>\n\u010derven\u00e9 &#8211; objav\u00ed sa, pokia\u013e kapacita nabitia dosiahne kritick\u00fa hodnotu 10%&gt;<\/p>\n<p><strong>DETAILY<\/strong>:<br \/>\nRozmery: <strong>70,5 x 30 x 30,5 mm<\/strong> (iba telo svetla)<br \/>\nHmotnos\u0165: <strong>94 g<\/strong> (svetlo + dr\u017eiak)<br \/>\n<strong>IPX4<\/strong> &#8211; vodeodoln\u00e9<\/p>\n<p><strong>PR\u00cdSLU\u0160ENSTVO<\/strong>:<br \/>\nC typ USB k\u00e1bel<\/p>\n<p><strong>KOMPATIBILITA<\/strong>:<br \/>\ntool-free in\u0161tal\u00e1cia pre v\u00e4\u010d\u0161inu dostupn\u00fdch riadidiel s priemerom 25.4mm &#8211; 31.8mm<\/p>\n<p><strong>BALENIE<\/strong>: v dizajne P2R<\/p>\n","protected":false},"excerpt":{"rendered":"<p>PREDN\u00c9 OSVETLENIE P2R FOTTON 400 (nov\u00fd model v s\u00e9rii P2R FOTTON) je predn\u00e9, USB C typ, nab\u00edjate\u013en\u00e9 osvetlenie Je vyroben\u00e9<\/p>\n","protected":false},"featured_media":11959,"template":"","meta":{"_acf_changed":false},"product_brand":[],"product_cat":[418,419],"product_tag":[],"class_list":{"0":"post-13461","1":"product","2":"type-product","3":"status-publish","4":"has-post-thumbnail","6":"product_cat-osvetlenie","7":"product_cat-predne-osvetlenie","9":"first","10":"instock","11":"taxable","12":"shipping-taxable","13":"purchasable","14":"product-type-simple"},"bundled_by":[],"bundle_stock_status":"instock","bundle_stock_quantity":494,"bundle_virtual":false,"bundle_layout":"","bundle_add_to_cart_form_location":"","bundle_editable_in_cart":false,"bundle_sold_individually_context":"","bundle_item_grouping":"","bundle_min_size":"","bundle_max_size":"","bundle_price":[],"bundled_items":[],"bundle_sell_ids":[],"acf":[],"_links":{"self":[{"href":"https:\/\/b2b.p2rbike.com\/sk\/wp-json\/wp\/v2\/product\/13461","targetHints":{"allow":["GET"]}}],"collection":[{"href":"https:\/\/b2b.p2rbike.com\/sk\/wp-json\/wp\/v2\/product"}],"about":[{"href":"https:\/\/b2b.p2rbike.com\/sk\/wp-json\/wp\/v2\/types\/product"}],"wp:featuredmedia":[{"embeddable":true,"href":"https:\/\/b2b.p2rbike.com\/sk\/wp-json\/wp\/v2\/media\/11959"}],"wp:attachment":[{"href":"https:\/\/b2b.p2rbike.com\/sk\/wp-json\/wp\/v2\/media?parent=13461"}],"wp:term":[{"taxonomy":"product_brand","embeddable":true,"href":"https:\/\/b2b.p2rbike.com\/sk\/wp-json\/wp\/v2\/product_brand?post=13461"},{"taxonomy":"product_cat","embeddable":true,"href":"https:\/\/b2b.p2rbike.com\/sk\/wp-json\/wp\/v2\/product_cat?post=13461"},{"taxonomy":"product_tag","embeddable":true,"href":"https:\/\/b2b.p2rbike.com\/sk\/wp-json\/wp\/v2\/product_tag?post=13461"}],"curies":[{"name":"wp","href":"https:\/\/api.w.org\/{rel}","templated":true}]}}