{"id":13474,"date":"2022-08-11T13:08:11","date_gmt":"2022-08-11T11:08:11","guid":{"rendered":"https:\/\/b2b.p2rbike.com\/product\/p2r-freyo-red\/"},"modified":"2026-04-08T16:39:49","modified_gmt":"2026-04-08T14:39:49","slug":"p2r-freyo-red-2","status":"publish","type":"product","link":"https:\/\/b2b.p2rbike.com\/sk\/produkt\/p2r-freyo-red-2\/","title":{"rendered":"P2R FREYO red"},"content":{"rendered":"<p>Sada osvetlenia <strong>P2R FREYO<\/strong> sa sklad\u00e1 z dvoch kompaktn\u00fdch svetiel, predn\u00e9ho svetla a zadn\u00e9ho bezpe\u010dnostn\u00e9ho svetla, vyroben\u00fdch z UV stabiln\u00e9ho silik\u00f3nov\u00e9ho materi\u00e1lu, ktor\u00fd poskytuje odolnos\u0165, flexibilitu a umo\u017e\u0148uje pou\u017e\u00edva\u0165 t\u00fato sadu osvetlenia na <strong>r\u00f4zne \u00fa\u010dely<\/strong> pou\u017eitia, ako napr\u00edklad pre <strong>bicykel, balan\u010dn\u00fd bicykel, ko\u010d\u00edk, nordic walking palice, beh, jazdu na kolieskov\u00fdch kor\u010duliach at\u010f.<\/strong><br \/>\nD\u00f4razne sa odpor\u00fa\u010da pou\u017e\u00edva\u0165 najm\u00e4 <strong>na jazdu v meste s mestsk\u00fdm pouli\u010dn\u00fdm osvetlen\u00edm<\/strong>, ale poskytuje dostato\u010dn\u00fd v\u00fdkon upozor\u0148uje v\u0161etk\u00fdch na va\u0161u pr\u00edtomnos\u0165 na ceste a<strong> zvy\u0161uje va\u0161u vidite\u013enos\u0165<\/strong> a bezpe\u010dnos\u0165 kedyko\u013evek a kdeko\u013evek jazd\u00edte na bicykli alebo rob\u00edte svoj ob\u013e\u00faben\u00fd \u0161port. Vyzna\u010duje sa jednoduchou a r\u00fdchlou mont\u00e1\u017eou, univerz\u00e1lnos\u0165ou a odolnos\u0165ou v\u010faka silik\u00f3nov\u00e9ho materi\u00e1lu, z ktor\u00e9ho je telo osvetlenia vyroben\u00e9.<\/p>\n<p><strong>\u0160PECIFIK\u00c1CIA<\/strong>:<br \/>\n&#8211; \u013dahk\u00e9 a kompaktn\u00e9 telo vyroben\u00e9 z <strong>UV stabiln\u00e9ho silik\u00f3nov\u00e9ho materi\u00e1lu<\/strong><br \/>\n&#8211; Optick\u00e1 \u0161o\u0161ovka poskytuje \u0161irok\u00fd uhol vidite\u013enosti <strong>a\u017e do 220\u00b0<\/strong><br \/>\n&#8211; Univerz\u00e1lny silik\u00f3nov\u00fd dr\u017eiak <strong>bez pou\u017eitia n\u00e1radia<\/strong> umo\u017e\u0148uje r\u00fdchlu a jednoduch\u00fa mont\u00e1\u017e na v\u0161etky typy a ve\u013ekosti riadidiel, podsedlovky, trubiek, p\u00fatok at\u010f.<\/p>\n<p><strong>DETAILY<\/strong>:<br \/>\n&#8211; Zdroj svetla: <strong>2x LED SuperBright<\/strong><br \/>\n&#8211; <strong>Funkcie<\/strong>: 100%, Blikanie 1, Blikanie 2<br \/>\n&#8211; Bat\u00e9ria: <strong>2x CR 2032 3V<\/strong> (s\u00fa\u010das\u0165ou balenia)<br \/>\n&#8211; Stupe\u0148 vodotesnosti: <strong>IPX4<\/strong><br \/>\n&#8211; Meranie: 1,5 mm: <strong>47 x 29 x 15 mm<\/strong><br \/>\n&#8211; Hmotnos\u0165: 20g (1 ks)<\/p>\n<p><strong>DOSTUPN\u00c9 FARBY:<\/strong><br \/>\n\u010dierna, \u010derven\u00e1, limetkov\u00e1, svetlomodr\u00e1, ru\u017eov\u00e1<\/p>\n<p><strong>BALENIE:<\/strong><br \/>\nP2R karta<\/p>\n","protected":false},"excerpt":{"rendered":"<p>Sada osvetlenia P2R FREYO sa sklad\u00e1 z dvoch kompaktn\u00fdch svetiel, predn\u00e9ho svetla a zadn\u00e9ho bezpe\u010dnostn\u00e9ho svetla, vyroben\u00fdch z UV stabiln\u00e9ho<\/p>\n","protected":false},"featured_media":11899,"template":"","meta":{"_acf_changed":false},"product_brand":[],"product_cat":[418,421],"product_tag":[],"class_list":{"0":"post-13474","1":"product","2":"type-product","3":"status-publish","4":"has-post-thumbnail","6":"product_cat-osvetlenie","7":"product_cat-set-osvetlenia","9":"first","10":"instock","11":"sale","12":"taxable","13":"shipping-taxable","14":"purchasable","15":"product-type-simple"},"bundled_by":[],"bundle_stock_status":"instock","bundle_stock_quantity":835,"bundle_virtual":false,"bundle_layout":"","bundle_add_to_cart_form_location":"","bundle_editable_in_cart":false,"bundle_sold_individually_context":"","bundle_item_grouping":"","bundle_min_size":"","bundle_max_size":"","bundle_price":[],"bundled_items":[],"bundle_sell_ids":[],"acf":[],"_links":{"self":[{"href":"https:\/\/b2b.p2rbike.com\/sk\/wp-json\/wp\/v2\/product\/13474","targetHints":{"allow":["GET"]}}],"collection":[{"href":"https:\/\/b2b.p2rbike.com\/sk\/wp-json\/wp\/v2\/product"}],"about":[{"href":"https:\/\/b2b.p2rbike.com\/sk\/wp-json\/wp\/v2\/types\/product"}],"wp:featuredmedia":[{"embeddable":true,"href":"https:\/\/b2b.p2rbike.com\/sk\/wp-json\/wp\/v2\/media\/11899"}],"wp:attachment":[{"href":"https:\/\/b2b.p2rbike.com\/sk\/wp-json\/wp\/v2\/media?parent=13474"}],"wp:term":[{"taxonomy":"product_brand","embeddable":true,"href":"https:\/\/b2b.p2rbike.com\/sk\/wp-json\/wp\/v2\/product_brand?post=13474"},{"taxonomy":"product_cat","embeddable":true,"href":"https:\/\/b2b.p2rbike.com\/sk\/wp-json\/wp\/v2\/product_cat?post=13474"},{"taxonomy":"product_tag","embeddable":true,"href":"https:\/\/b2b.p2rbike.com\/sk\/wp-json\/wp\/v2\/product_tag?post=13474"}],"curies":[{"name":"wp","href":"https:\/\/api.w.org\/{rel}","templated":true}]}}