{"id":13480,"date":"2022-08-11T13:08:41","date_gmt":"2022-08-11T11:08:41","guid":{"rendered":"https:\/\/b2b.p2rbike.com\/product\/p2r-spectic-08\/"},"modified":"2026-04-20T11:55:03","modified_gmt":"2026-04-20T09:55:03","slug":"p2r-spectic-08-2","status":"publish","type":"product","link":"https:\/\/b2b.p2rbike.com\/sk\/produkt\/p2r-spectic-08-2\/","title":{"rendered":"P2R SPECTIC 08"},"content":{"rendered":"<p>USB nab\u00edjate\u013en\u00e9 bezpe\u010dnostn\u00e9 osvetlenie <strong>P2R SPECTIC 08<\/strong><\/p>\n<p>S 3 r\u00f4znymi typmi\/ve\u013ekos\u0165ami <strong>O-kr\u00fa\u017ekov<\/strong> v sete, tento model pon\u00faka ve\u013emi jednoduch\u00e9 a r\u00fdchle uchytenie pre v\u0161etky typy a priemery sedloviek (st\u013apik sedla).<\/p>\n<p>SPECTIC 08 v m\u00f3de &#8222;chasing&#8220; prekvap\u00ed svojou \u00fa\u017easnou v\u00fddr\u017eou bat\u00e9rie a\u017e <strong>8 hod\u00edn<\/strong>. Toto je \u010das, ktor\u00fd posta\u010duje na ak\u00fdko\u013evek cyklistick\u00fd v\u00fdlet, na doch\u00e1dzanie do pr\u00e1ce a V\u00e1\u0161 n\u00e1vrat domov v\u017edy so zabezpe\u010denou vidite\u013enos\u0165ou a bezpe\u010dnos\u0165ou.<\/p>\n<p>Odolnos\u0165ou vo\u010di vode <strong>IPX-4<\/strong> je SPECTIC 08 mo\u017en\u00e9 pou\u017e\u00edva\u0165 v ak\u00fdchko\u013evek poveternostn\u00fdch podmienkach.<\/p>\n<p>Jednoduch\u00e9 a r\u00fdchle uchytenie na sedlovku (st\u013apik sedla) pomocou O-kr\u00fa\u017ekov s r\u00f4znou ve\u013ekos\u0165ou, ktor\u00e9 zaberie iba p\u00e1r sek\u00fand \u010dasu, je Va\u0161a bezpe\u010dnos\u0165 dokonale zabezpe\u010den\u00e1<\/p>\n<p><strong>DETAILY:<\/strong><br \/>\nSveteln\u00fd v\u00fdkon: <strong>8 Lm<\/strong><br \/>\nZdroj svetla: <strong>5 x SMD LED di\u00f3d<\/strong><br \/>\nTyp bat\u00e9rie: <strong>Li-pol 200mAh<\/strong><br \/>\nV\u00fddr\u017e bat\u00e9rie: 100% (<strong>3 h)<\/strong>, blikanie (<strong>6 h<\/strong>), v\u00fdber di\u00f3d (<strong>8 h<\/strong>)<br \/>\nRozmer: <strong>84 x 22 x 20 mm<\/strong><br \/>\nHmotnos\u0165: <strong>15 g<\/strong><br \/>\n<strong>IPX4<\/strong> &#8211; vodeodoln\u00e9<\/p>\n<p><strong>PR\u00cdSLU\u0160ENSTVO<\/strong>:<br \/>\nMicro USB nab\u00edjac\u00ed k\u00e1bel (je s\u00fa\u010das\u0165ou balenia)<br \/>\nO-rings (3 ks) s r\u00f4znou ve\u013ekos\u0165ou pre mont\u00e1\u017e bezpe\u010dnostn\u00e9ho osvetlenia (s\u00fa s\u00fa\u010das\u0165ou balenia)<\/p>\n<p><strong>KOMPATIBILITA<\/strong>:<br \/>\nVhodn\u00e9 pre v\u0161etky be\u017en\u00e9 typy a rozmery sedloviek (st\u013apik sedla). V\u010faka \u0161t\u00edhlemu telu dokonale sed\u00ed aj na sedlovk\u00e1ch typu AERO.<\/p>\n<p><strong>BALENIE<\/strong>: v dizajne P2R<\/p>\n","protected":false},"excerpt":{"rendered":"<p>USB nab\u00edjate\u013en\u00e9 bezpe\u010dnostn\u00e9 osvetlenie P2R SPECTIC 08 S 3 r\u00f4znymi typmi\/ve\u013ekos\u0165ami O-kr\u00fa\u017ekov v sete, tento model pon\u00faka ve\u013emi jednoduch\u00e9 a<\/p>\n","protected":false},"featured_media":11917,"template":"","meta":{"_acf_changed":false},"product_brand":[],"product_cat":[418,426],"product_tag":[],"class_list":{"0":"post-13480","1":"product","2":"type-product","3":"status-publish","4":"has-post-thumbnail","6":"product_cat-osvetlenie","7":"product_cat-bezpecnostne-osvetlenie","9":"first","10":"instock","11":"taxable","12":"shipping-taxable","13":"purchasable","14":"product-type-simple"},"bundled_by":[],"bundle_stock_status":"instock","bundle_stock_quantity":920,"bundle_virtual":false,"bundle_layout":"","bundle_add_to_cart_form_location":"","bundle_editable_in_cart":false,"bundle_sold_individually_context":"","bundle_item_grouping":"","bundle_min_size":"","bundle_max_size":"","bundle_price":[],"bundled_items":[],"bundle_sell_ids":[],"acf":[],"_links":{"self":[{"href":"https:\/\/b2b.p2rbike.com\/sk\/wp-json\/wp\/v2\/product\/13480","targetHints":{"allow":["GET"]}}],"collection":[{"href":"https:\/\/b2b.p2rbike.com\/sk\/wp-json\/wp\/v2\/product"}],"about":[{"href":"https:\/\/b2b.p2rbike.com\/sk\/wp-json\/wp\/v2\/types\/product"}],"wp:featuredmedia":[{"embeddable":true,"href":"https:\/\/b2b.p2rbike.com\/sk\/wp-json\/wp\/v2\/media\/11917"}],"wp:attachment":[{"href":"https:\/\/b2b.p2rbike.com\/sk\/wp-json\/wp\/v2\/media?parent=13480"}],"wp:term":[{"taxonomy":"product_brand","embeddable":true,"href":"https:\/\/b2b.p2rbike.com\/sk\/wp-json\/wp\/v2\/product_brand?post=13480"},{"taxonomy":"product_cat","embeddable":true,"href":"https:\/\/b2b.p2rbike.com\/sk\/wp-json\/wp\/v2\/product_cat?post=13480"},{"taxonomy":"product_tag","embeddable":true,"href":"https:\/\/b2b.p2rbike.com\/sk\/wp-json\/wp\/v2\/product_tag?post=13480"}],"curies":[{"name":"wp","href":"https:\/\/api.w.org\/{rel}","templated":true}]}}