{"id":13489,"date":"2022-08-11T13:08:11","date_gmt":"2022-08-11T11:08:11","guid":{"rendered":"https:\/\/b2b.p2rbike.com\/product\/p2r-ambid-kodovy-retazovy-4x1100mm-black\/"},"modified":"2026-04-08T16:39:45","modified_gmt":"2026-04-08T14:39:45","slug":"p2r-ambid-coding-chain-4x1100mm-black-2","status":"publish","type":"product","link":"https:\/\/b2b.p2rbike.com\/sk\/produkt\/p2r-ambid-coding-chain-4x1100mm-black-2\/","title":{"rendered":"P2R AMBID k\u00f3dov\u00fd re\u0165azov\u00fd 4x1100mm black"},"content":{"rendered":"<p><strong>RE\u0164AZOV\u00dd Z\u00c1MOK S \u010c\u00cdSELN\u00ddM K\u00d3DOM<\/strong><\/p>\n<p><strong>P2R P2R AMBID 4<\/strong> je re\u0165azov\u00fd vysoko kvalitn\u00fd oce\u013eov\u00fd z\u00e1mok s v\u00fdborn\u00fdm pomerom jeho hmotnosti k dosahovanej \u00farovni bezpe\u010dnosti<\/p>\n<p><strong>VLASTNOSTI<\/strong>:<br \/>\n\u2022 Level bezpe\u010dnosti <strong>5<\/strong><br \/>\n\u2022 Testovan\u00e9 v <strong>MTL<\/strong> (certifikovan\u00e9 laborat\u00f3rium v\u00fdrobcu)<br \/>\n\u2022 <strong>Nylonov\u00fd n\u00e1vlek<\/strong> chr\u00e1ni pred po\u0161kraban\u00edm a po\u0161koden\u00edm r\u00e1mu bicykla<br \/>\n\u2022 <strong>Reflexn\u00e1 potla\u010d<\/strong> P2R pre zv\u00fd\u0161enie vidite\u013enosti a bezpe\u010dnosti<\/p>\n<p><strong>DETAILY<\/strong>:<br \/>\n\u2022 D\u013a\u017eka <strong>1100 mm<\/strong><br \/>\n\u2022 Priemer oka \u010dl\u00e1nku <strong>4 mm<\/strong><br \/>\n\u2022 <strong>Volite\u013en\u00fd<\/strong> <strong>k\u00f3d<\/strong> z\u00e1mku<\/p>\n<p>MO\u017dNOSTI PRE Z\u00c1KAZN\u00cdKA:<br \/>\nFARBA: \u010dierna, \u010derven\u00e1<\/p>\n","protected":false},"excerpt":{"rendered":"<p>RE\u0164AZOV\u00dd Z\u00c1MOK S \u010c\u00cdSELN\u00ddM K\u00d3DOM P2R P2R AMBID 4 je re\u0165azov\u00fd vysoko kvalitn\u00fd oce\u013eov\u00fd z\u00e1mok s v\u00fdborn\u00fdm pomerom jeho hmotnosti<\/p>\n","protected":false},"featured_media":13881,"template":"","meta":{"_acf_changed":false},"product_brand":[],"product_cat":[428,429,430],"product_tag":[],"class_list":{"0":"post-13489","1":"product","2":"type-product","3":"status-publish","4":"has-post-thumbnail","6":"product_cat-zamky","7":"product_cat-retazove-zamky","8":"product_cat-kodove-zamky","10":"first","11":"instock","12":"taxable","13":"shipping-taxable","14":"purchasable","15":"product-type-simple"},"bundled_by":[],"bundle_stock_status":"instock","bundle_stock_quantity":983,"bundle_virtual":false,"bundle_layout":"","bundle_add_to_cart_form_location":"","bundle_editable_in_cart":false,"bundle_sold_individually_context":"","bundle_item_grouping":"","bundle_min_size":"","bundle_max_size":"","bundle_price":[],"bundled_items":[],"bundle_sell_ids":[],"acf":[],"_links":{"self":[{"href":"https:\/\/b2b.p2rbike.com\/sk\/wp-json\/wp\/v2\/product\/13489","targetHints":{"allow":["GET"]}}],"collection":[{"href":"https:\/\/b2b.p2rbike.com\/sk\/wp-json\/wp\/v2\/product"}],"about":[{"href":"https:\/\/b2b.p2rbike.com\/sk\/wp-json\/wp\/v2\/types\/product"}],"wp:featuredmedia":[{"embeddable":true,"href":"https:\/\/b2b.p2rbike.com\/sk\/wp-json\/wp\/v2\/media\/13881"}],"wp:attachment":[{"href":"https:\/\/b2b.p2rbike.com\/sk\/wp-json\/wp\/v2\/media?parent=13489"}],"wp:term":[{"taxonomy":"product_brand","embeddable":true,"href":"https:\/\/b2b.p2rbike.com\/sk\/wp-json\/wp\/v2\/product_brand?post=13489"},{"taxonomy":"product_cat","embeddable":true,"href":"https:\/\/b2b.p2rbike.com\/sk\/wp-json\/wp\/v2\/product_cat?post=13489"},{"taxonomy":"product_tag","embeddable":true,"href":"https:\/\/b2b.p2rbike.com\/sk\/wp-json\/wp\/v2\/product_tag?post=13489"}],"curies":[{"name":"wp","href":"https:\/\/api.w.org\/{rel}","templated":true}]}}