{"id":13495,"date":"2022-08-11T13:07:45","date_gmt":"2022-08-11T11:07:45","guid":{"rendered":"https:\/\/b2b.p2rbike.com\/product\/p2r-avenir-retazovy-4x1100mm-blue\/"},"modified":"2026-05-05T10:03:49","modified_gmt":"2026-05-05T08:03:49","slug":"p2r-avenir-key-chain-4x1100mm-blue-2","status":"publish","type":"product","link":"https:\/\/b2b.p2rbike.com\/sk\/produkt\/p2r-avenir-key-chain-4x1100mm-blue-2\/","title":{"rendered":"P2R AVENIR re\u0165azov\u00fd 4x1100mm blue"},"content":{"rendered":"<p><strong>RE\u0164AZOV\u00dd Z\u00c1MOK<\/strong><\/p>\n<p><strong>P2R P2R AVENIR 4<\/strong> je re\u0165azov\u00fd vysoko kvalitn\u00fd oce\u013eov\u00fd z\u00e1mok s v\u00fdborn\u00fdm pomerom jeho hmotnosti k dosahovanej \u00farovni bezpe\u010dnosti<\/p>\n<p><strong>VLASTNOSTI<\/strong>:<br \/>\n\u2022 Level bezpe\u010dnosti <strong>5<\/strong><br \/>\n\u2022 Testovan\u00e9 v <strong>MTL<\/strong> (certifikovan\u00e9 laborat\u00f3rium v\u00fdrobcu)<br \/>\n\u2022 <strong>Nylonov\u00fd n\u00e1vlek<\/strong> chr\u00e1ni pred po\u0161kraban\u00edm a po\u0161koden\u00edm r\u00e1mu bicykla<br \/>\n\u2022 <strong>Reflexn\u00e1 potla\u010d<\/strong> P2R pre zv\u00fd\u0161enie vidite\u013enosti a bezpe\u010dnosti<\/p>\n<p><strong>DETAILY<\/strong>:<br \/>\n\u2022 D\u013a\u017eka <strong>1100 mm<\/strong><br \/>\n\u2022 Priemer oka \u010dl\u00e1nku <strong>4 mm<\/strong><br \/>\n\u2022 3 ks k\u013e\u00fa\u010dov<\/p>\n<p><strong>MO\u017dNOSTI PRE Z\u00c1KAZN\u00cdKA:<\/strong><br \/>\nFARBA: \u010dierna, modr\u00e1, ru\u017eov\u00e1, \u010derven\u00e1, \u017elt\u00e1<\/p>\n","protected":false},"excerpt":{"rendered":"<p>RE\u0164AZOV\u00dd Z\u00c1MOK P2R P2R AVENIR 4 je re\u0165azov\u00fd vysoko kvalitn\u00fd oce\u013eov\u00fd z\u00e1mok s v\u00fdborn\u00fdm pomerom jeho hmotnosti k dosahovanej \u00farovni<\/p>\n","protected":false},"featured_media":11843,"template":"","meta":{"_acf_changed":false},"product_brand":[],"product_cat":[428,429],"product_tag":[],"class_list":{"0":"post-13495","1":"product","2":"type-product","3":"status-publish","4":"has-post-thumbnail","6":"product_cat-zamky","7":"product_cat-retazove-zamky","9":"first","10":"instock","11":"taxable","12":"shipping-taxable","13":"purchasable","14":"product-type-simple"},"bundled_by":[],"bundle_stock_status":"instock","bundle_stock_quantity":294,"bundle_virtual":false,"bundle_layout":"","bundle_add_to_cart_form_location":"","bundle_editable_in_cart":false,"bundle_sold_individually_context":"","bundle_item_grouping":"","bundle_min_size":"","bundle_max_size":"","bundle_price":[],"bundled_items":[],"bundle_sell_ids":[],"acf":[],"_links":{"self":[{"href":"https:\/\/b2b.p2rbike.com\/sk\/wp-json\/wp\/v2\/product\/13495","targetHints":{"allow":["GET"]}}],"collection":[{"href":"https:\/\/b2b.p2rbike.com\/sk\/wp-json\/wp\/v2\/product"}],"about":[{"href":"https:\/\/b2b.p2rbike.com\/sk\/wp-json\/wp\/v2\/types\/product"}],"wp:featuredmedia":[{"embeddable":true,"href":"https:\/\/b2b.p2rbike.com\/sk\/wp-json\/wp\/v2\/media\/11843"}],"wp:attachment":[{"href":"https:\/\/b2b.p2rbike.com\/sk\/wp-json\/wp\/v2\/media?parent=13495"}],"wp:term":[{"taxonomy":"product_brand","embeddable":true,"href":"https:\/\/b2b.p2rbike.com\/sk\/wp-json\/wp\/v2\/product_brand?post=13495"},{"taxonomy":"product_cat","embeddable":true,"href":"https:\/\/b2b.p2rbike.com\/sk\/wp-json\/wp\/v2\/product_cat?post=13495"},{"taxonomy":"product_tag","embeddable":true,"href":"https:\/\/b2b.p2rbike.com\/sk\/wp-json\/wp\/v2\/product_tag?post=13495"}],"curies":[{"name":"wp","href":"https:\/\/api.w.org\/{rel}","templated":true}]}}