{"id":13504,"date":"2022-08-11T13:07:45","date_gmt":"2022-08-11T11:07:45","guid":{"rendered":"https:\/\/b2b.p2rbike.com\/product\/spiro-spiralovy-zamok-12x1200mm\/"},"modified":"2026-04-08T16:39:47","modified_gmt":"2026-04-08T14:39:47","slug":"spiro-spiral-12x1200mm-2","status":"publish","type":"product","link":"https:\/\/b2b.p2rbike.com\/sk\/produkt\/spiro-spiral-12x1200mm-2\/","title":{"rendered":"SPIRO \u0161pir\u00e1lov\u00fd z\u00e1mok 12x1200mm"},"content":{"rendered":"<p><strong>\u0160PIR\u00c1LOV\u00dd Z\u00c1MOK<\/strong><\/p>\n<p><strong>P2R SPIRO<\/strong> je \u0161pir\u00e1lov\u00fd vysoko kvalitn\u00fd oce\u013eov\u00fd z\u00e1mok s v\u00fdborn\u00fdm pomerom jeho hmotnosti k dosahovanej \u00farovni bezpe\u010dnosti<\/p>\n<p><strong>VLASTNOSTI<\/strong>:<br \/>\n\u2022 Level bezpe\u010dnosti <strong>4<\/strong><br \/>\n\u2022 Testovan\u00e9 v <strong>MTL<\/strong> (certifikovan\u00e9 laborat\u00f3rium v\u00fdrobcu)<br \/>\n\u2022 Povrchov\u00e1 \u00faprava chr\u00e1ni pred po\u0161kraban\u00edm a po\u0161koden\u00edm r\u00e1mu<\/p>\n<p><strong>DETAILY<\/strong>:<br \/>\n\u2022 Vonkaj\u0161\u00ed priemer <strong>12 mm<\/strong><br \/>\n\u2022 D\u013a\u017eka <strong>1200 mm<\/strong><br \/>\n\u2022 Vinut\u00e9 oce\u013eov\u00e9 lanko s priemerom <strong>5,6 mm<\/strong><br \/>\n\u2022 Cylindrick\u00e1 vlo\u017eka s 3 ks k\u013e\u00fa\u010dov, z toho 1ks s <strong>LED di\u00f3dou<\/strong> pre jednoduch\u0161ie manipul\u00e1ciu<br \/>\n\u2022 Dr\u017eiak na sedlovku<\/p>\n<p><strong>BALENIE<\/strong>: v dizajne P2R<\/p>\n","protected":false},"excerpt":{"rendered":"<p>\u0160PIR\u00c1LOV\u00dd Z\u00c1MOK P2R SPIRO je \u0161pir\u00e1lov\u00fd vysoko kvalitn\u00fd oce\u013eov\u00fd z\u00e1mok s v\u00fdborn\u00fdm pomerom jeho hmotnosti k dosahovanej \u00farovni bezpe\u010dnosti VLASTNOSTI:<\/p>\n","protected":false},"featured_media":11829,"template":"","meta":{"_acf_changed":false},"product_brand":[],"product_cat":[428,431],"product_tag":[],"class_list":{"0":"post-13504","1":"product","2":"type-product","3":"status-publish","4":"has-post-thumbnail","6":"product_cat-zamky","7":"product_cat-spiralove-zamky","9":"first","10":"instock","11":"taxable","12":"shipping-taxable","13":"purchasable","14":"product-type-simple"},"bundled_by":[],"bundle_stock_status":"instock","bundle_stock_quantity":420,"bundle_virtual":false,"bundle_layout":"","bundle_add_to_cart_form_location":"","bundle_editable_in_cart":false,"bundle_sold_individually_context":"","bundle_item_grouping":"","bundle_min_size":"","bundle_max_size":"","bundle_price":[],"bundled_items":[],"bundle_sell_ids":[],"acf":[],"_links":{"self":[{"href":"https:\/\/b2b.p2rbike.com\/sk\/wp-json\/wp\/v2\/product\/13504","targetHints":{"allow":["GET"]}}],"collection":[{"href":"https:\/\/b2b.p2rbike.com\/sk\/wp-json\/wp\/v2\/product"}],"about":[{"href":"https:\/\/b2b.p2rbike.com\/sk\/wp-json\/wp\/v2\/types\/product"}],"wp:featuredmedia":[{"embeddable":true,"href":"https:\/\/b2b.p2rbike.com\/sk\/wp-json\/wp\/v2\/media\/11829"}],"wp:attachment":[{"href":"https:\/\/b2b.p2rbike.com\/sk\/wp-json\/wp\/v2\/media?parent=13504"}],"wp:term":[{"taxonomy":"product_brand","embeddable":true,"href":"https:\/\/b2b.p2rbike.com\/sk\/wp-json\/wp\/v2\/product_brand?post=13504"},{"taxonomy":"product_cat","embeddable":true,"href":"https:\/\/b2b.p2rbike.com\/sk\/wp-json\/wp\/v2\/product_cat?post=13504"},{"taxonomy":"product_tag","embeddable":true,"href":"https:\/\/b2b.p2rbike.com\/sk\/wp-json\/wp\/v2\/product_tag?post=13504"}],"curies":[{"name":"wp","href":"https:\/\/api.w.org\/{rel}","templated":true}]}}