{"id":13518,"date":"2022-08-11T13:07:19","date_gmt":"2022-08-11T11:07:19","guid":{"rendered":"https:\/\/b2b.p2rbike.com\/product\/p2r-rodeo-s-m-55-58cm-black-redmattshine\/"},"modified":"2026-04-22T08:34:15","modified_gmt":"2026-04-22T06:34:15","slug":"p2r-rodeo-s-m-55-58cm-black-redmattshine-2","status":"publish","type":"product","link":"https:\/\/b2b.p2rbike.com\/sk\/produkt\/p2r-rodeo-s-m-55-58cm-black-redmattshine-2\/","title":{"rendered":"P2R RODEO, S\/M (55-58cm), Black-red,matt&amp;shine"},"content":{"rendered":"<p><strong>ROAD RACING MODEL<\/strong><\/p>\n<p>P2R RODEO je kr\u00e1sny a \u0161t\u00fdlov\u00fd road racing model, ur\u010den\u00fd v\u0161etk\u00fdm t\u00fdm, ktor\u00ed miluj\u00fa slobodu a \u00fa\u017easn\u00fd pocit z jazdy.<br \/>\nDefinuje ho <strong>3-jit\u00e1 in-mould kon\u0161trukcia<\/strong>, ktor\u00e1 vynik\u00e1 technologickou dokonalos\u0165ou, modern\u00fd tvar, ve\u013ek\u00e9 vetracie otvory, v\u00fd\u0161kovo nastavite\u013en\u00fd up\u00ednac\u00ed syst\u00e9m a \u010dist\u00fd road-racing design, v ktorom vyniknete kdeko\u013evek a kedyko\u013evek budete jazdi\u0165 na bicykli.<\/p>\n<p><strong>VLASTNOSTI<\/strong>:<br \/>\n\u2022 3-jit\u00e1 kon\u0161trukcia in-mould &#8211; pre pevn\u00e9 spojenie EPS (polystyr\u00e9nov\u00e1 vrstva) a PC \u0161krupiny<br \/>\n\u2022 Vetranie: 17 ve\u013ek\u00fdch otvorov pre optim\u00e1lne vetranie<br \/>\n\u2022 Hmotnos\u0165: S\/M (55-58 cm) &#8211; <strong>220 g<\/strong>, M\/L (59-61 cm) &#8211; <strong>240 g<\/strong><br \/>\n\u2022 Pracka pre nastavenie d\u013a\u017eky popruhov: jednoduch\u00fdm pohybom<br \/>\n\u2022 Dial ring system: jednoduch\u00e9 a spo\u013eahliv\u00e9 nastavenie aj v rukaviciach<br \/>\n\u2022 Vn\u00fatorn\u00e9 <strong>anti-bakteri\u00e1lne<\/strong> v\u00fdstelky: poskytuj\u00fa pocit sucha a \u010distoty<br \/>\n\u2022 Reflexn\u00e9 detaily: pre vy\u0161\u0161iu bezpe\u010dnos\u0165 a vidite\u013enos\u0165 pre vodi\u010dov<br \/>\n\u2022 <strong>CE certifik\u00e1t<\/strong>: garancia, \u017ee model sp\u013a\u0148a pr\u00edsne normy EU<\/p>\n<p>BALENIE: prilba RODEO, u\u017e\u00edvate\u013esk\u00fd manual<\/p>\n<p><strong>FAREBN\u00c9 ALTERNAT\u00cdVY:<\/strong><br \/>\n\u2022 Black-black, matt &amp; shine<br \/>\n\u2022 Black-fluo, matt &amp; shine<br \/>\n\u2022 Black-magenta, matt &amp; shine<br \/>\n\u2022 Black-red, matt &amp; shine<br \/>\n\u2022 white-black-red, matt &amp; shine<\/p>\n","protected":false},"excerpt":{"rendered":"<p>ROAD RACING MODEL P2R RODEO je kr\u00e1sny a \u0161t\u00fdlov\u00fd road racing model, ur\u010den\u00fd v\u0161etk\u00fdm t\u00fdm, ktor\u00ed miluj\u00fa slobodu a \u00fa\u017easn\u00fd<\/p>\n","protected":false},"featured_media":11787,"template":"","meta":{"_acf_changed":false},"product_brand":[],"product_cat":[411,416],"product_tag":[],"class_list":{"0":"post-13518","1":"product","2":"type-product","3":"status-publish","4":"has-post-thumbnail","6":"product_cat-prilby","7":"product_cat-cestne-prilby","9":"first","10":"instock","11":"sale","12":"taxable","13":"shipping-taxable","14":"purchasable","15":"product-type-simple"},"bundled_by":[],"bundle_stock_status":"instock","bundle_stock_quantity":39,"bundle_virtual":false,"bundle_layout":"","bundle_add_to_cart_form_location":"","bundle_editable_in_cart":false,"bundle_sold_individually_context":"","bundle_item_grouping":"","bundle_min_size":"","bundle_max_size":"","bundle_price":[],"bundled_items":[],"bundle_sell_ids":[],"acf":[],"_links":{"self":[{"href":"https:\/\/b2b.p2rbike.com\/sk\/wp-json\/wp\/v2\/product\/13518","targetHints":{"allow":["GET"]}}],"collection":[{"href":"https:\/\/b2b.p2rbike.com\/sk\/wp-json\/wp\/v2\/product"}],"about":[{"href":"https:\/\/b2b.p2rbike.com\/sk\/wp-json\/wp\/v2\/types\/product"}],"wp:featuredmedia":[{"embeddable":true,"href":"https:\/\/b2b.p2rbike.com\/sk\/wp-json\/wp\/v2\/media\/11787"}],"wp:attachment":[{"href":"https:\/\/b2b.p2rbike.com\/sk\/wp-json\/wp\/v2\/media?parent=13518"}],"wp:term":[{"taxonomy":"product_brand","embeddable":true,"href":"https:\/\/b2b.p2rbike.com\/sk\/wp-json\/wp\/v2\/product_brand?post=13518"},{"taxonomy":"product_cat","embeddable":true,"href":"https:\/\/b2b.p2rbike.com\/sk\/wp-json\/wp\/v2\/product_cat?post=13518"},{"taxonomy":"product_tag","embeddable":true,"href":"https:\/\/b2b.p2rbike.com\/sk\/wp-json\/wp\/v2\/product_tag?post=13518"}],"curies":[{"name":"wp","href":"https:\/\/api.w.org\/{rel}","templated":true}]}}