{"id":13524,"date":"2022-08-11T13:07:19","date_gmt":"2022-08-11T11:07:19","guid":{"rendered":"https:\/\/b2b.p2rbike.com\/product\/p2r-dapp-s-51-54cm-fresh-orangeshine\/"},"modified":"2024-04-25T07:16:08","modified_gmt":"2024-04-25T05:16:08","slug":"p2r-dapp-s-51-54cm-fresh-orangeshine-2","status":"publish","type":"product","link":"https:\/\/b2b.p2rbike.com\/sk\/produkt\/p2r-dapp-s-51-54cm-fresh-orangeshine-2\/","title":{"rendered":"P2R DAPP, S (51-54cm), Fresh orange,shine"},"content":{"rendered":"<p><strong>BMX PRILBA \/ MULTI \u0160PORT PRILBA<\/strong><\/p>\n<p>Model <strong>P2R DAPP<\/strong> je vyvinut\u00fd \u0161peci\u00e1lne pre <strong>BMX jazdcov<\/strong>, ktor\u00fdch po\u017eiadavky a pripomienky sme plne preniesli do v\u00fdvoja tohoto modelu.<br \/>\n<strong>Vo ve\u013ekosti S<\/strong> je model P2R DAPP ve\u013emi vhodn\u00fd aj pre na\u0161ich najmen\u0161\u00edch jazdcov a v\u00fdborne podpor\u00ed ich multi-\u0161portov\u00e9 aktivity (po\u010dn\u00fac <strong>odr\u00e1\u017eadlom<\/strong>).<\/p>\n<p><strong>VLASTNOSTI<\/strong>:<br \/>\n\u2022 Vyroben\u00fd technol\u00f3giou <strong>ABS<\/strong> &#8211; pevn\u00e1 kon\u0161trukcia a pred\u013a\u017een\u00fd tvar v zadnej \u010dasti poskytuje v\u00fdborn\u00fa ochranu<br \/>\n<strong>\u2022 12 vetrac\u00edch otvorov<\/strong> &#8211; pre dokonal\u00fd odvod prebyto\u010dn\u00e9ho tepla z obvodu hlavy a optim\u00e1lny teplotn\u00fd komfort<br \/>\n<strong>\u2022 Optimalizovan\u00fd tvar otvoru<\/strong> &#8211; prilbu takmer nec\u00edtite, \u010d\u00edm zvy\u0161uje komfort pri nosen\u00ed<br \/>\n\u2022 Dostupn\u00e1 v 3 ve\u013ekostiach &#8211; <strong>S, M, L<\/strong><br \/>\n<strong>\u2022 Nastavovac\u00ed syst\u00e9m<\/strong> &#8211; v\u00fd\u0161kovo nastavite\u013en\u00fd syst\u00e9m pre jednoduch\u00e9 a bezpe\u010dn\u00e9 nastavenie k ve\u013ekosti hlavy jazdca<br \/>\n\u2022 Vn\u00fatorn\u00e9 antibakteri\u00e1lne v\u00fdstelky &#8211; pre maxim\u00e1lny komfort<br \/>\n\u2022 Hmotnos\u0165 : S &#8211; <strong>336 g<\/strong>, M &#8211; <strong>376 g<\/strong>, S &#8211; <strong>403 g<\/strong><br \/>\n<strong>\u2022 CE certifik\u00e1t<\/strong>, ktor\u00fd je garantom bezpe\u010dnosti a kvalitn\u00e9ho spracovania v s\u00falade s Eur\u00f3pskymi normami<\/p>\n<p>OBSAH BALENIA: prilba P2R DAPP, n\u00e1vod na pou\u017e\u00edvanie<\/p>\n","protected":false},"excerpt":{"rendered":"<p>BMX PRILBA \/ MULTI \u0160PORT PRILBA Model P2R DAPP je vyvinut\u00fd \u0161peci\u00e1lne pre BMX jazdcov, ktor\u00fdch po\u017eiadavky a pripomienky sme<\/p>\n","protected":false},"featured_media":11757,"template":"","meta":{"_acf_changed":false},"product_brand":[],"product_cat":[411,414],"product_tag":[],"class_list":{"0":"post-13524","1":"product","2":"type-product","3":"status-publish","4":"has-post-thumbnail","6":"product_cat-prilby","7":"product_cat-prilby-bmx","9":"first","10":"instock","11":"sale","12":"taxable","13":"shipping-taxable","14":"purchasable","15":"product-type-simple"},"bundled_by":[],"bundle_stock_status":"instock","bundle_stock_quantity":13,"bundle_virtual":false,"bundle_layout":"","bundle_add_to_cart_form_location":"","bundle_editable_in_cart":false,"bundle_sold_individually_context":"","bundle_item_grouping":"","bundle_min_size":"","bundle_max_size":"","bundle_price":[],"bundled_items":[],"bundle_sell_ids":[],"acf":[],"_links":{"self":[{"href":"https:\/\/b2b.p2rbike.com\/sk\/wp-json\/wp\/v2\/product\/13524","targetHints":{"allow":["GET"]}}],"collection":[{"href":"https:\/\/b2b.p2rbike.com\/sk\/wp-json\/wp\/v2\/product"}],"about":[{"href":"https:\/\/b2b.p2rbike.com\/sk\/wp-json\/wp\/v2\/types\/product"}],"wp:featuredmedia":[{"embeddable":true,"href":"https:\/\/b2b.p2rbike.com\/sk\/wp-json\/wp\/v2\/media\/11757"}],"wp:attachment":[{"href":"https:\/\/b2b.p2rbike.com\/sk\/wp-json\/wp\/v2\/media?parent=13524"}],"wp:term":[{"taxonomy":"product_brand","embeddable":true,"href":"https:\/\/b2b.p2rbike.com\/sk\/wp-json\/wp\/v2\/product_brand?post=13524"},{"taxonomy":"product_cat","embeddable":true,"href":"https:\/\/b2b.p2rbike.com\/sk\/wp-json\/wp\/v2\/product_cat?post=13524"},{"taxonomy":"product_tag","embeddable":true,"href":"https:\/\/b2b.p2rbike.com\/sk\/wp-json\/wp\/v2\/product_tag?post=13524"}],"curies":[{"name":"wp","href":"https:\/\/api.w.org\/{rel}","templated":true}]}}