{"id":13537,"date":"2022-08-11T13:06:52","date_gmt":"2022-08-11T11:06:52","guid":{"rendered":"https:\/\/b2b.p2rbike.com\/product\/p2r-fortex-m-l-59-61-cm-matte-turquoise-charcoal\/"},"modified":"2022-10-02T23:13:28","modified_gmt":"2022-10-02T21:13:28","slug":"p2r-fortex-m-l-59-61-cm-matte-turquoise-charcoal","status":"publish","type":"product","link":"https:\/\/b2b.p2rbike.com\/sk\/produkt\/p2r-fortex-m-l-59-61-cm-matte-turquoise-charcoal\/","title":{"rendered":"P2R FORTEX, M\/L (59-61 cm), Matte Turquoise\/Charcoal"},"content":{"rendered":"<p>TRAILOV\u00c1 PRILBA<\/p>\n<p>Model P2R FORTEX prin\u00e1\u0161a alternat\u00edvu pre v\u0161etk\u00fdch trailov\u00fdch jazdcov a nad\u0161encom adrenal\u00ednovej jazdy, ktor\u00ed h\u013eadaj\u00fa svoj vlastn\u00fd \u0161t\u00fdl a bezpe\u010dnos\u0165 na jednom mieste. Dne\u0161n\u00e9 trailov\u00e9 jazdenie je ove\u013ea r\u00fdchlej\u0161ie, ako kedyko\u013evek predt\u00fdm a preto je bezpe\u010dnos\u0165 jazdcov t\u00fdm najd\u00f4le\u017eitej\u0161\u00edm faktorom, ktor\u00fd na\u0161i in\u017einieri zva\u017eovali u\u017e d\u00e1vno pred t\u00fdm, ako sa za\u010dal v\u00fdvoj na\u0161ej novej trailovej prilby. Pridaj sa preto k n\u00e1m a zadov\u00e1\u017e si spr\u00e1vnu trailov\u00fa prilbu, ktor\u00e1 \u0165a ochr\u00e1ni pri ka\u017edom traily.<\/p>\n<p>VLASTNOSTI:<br \/>\n\u2022 Vyroben\u00fd technol\u00f3giou Double in-mold &#8211; model m\u00e1 2 \u010dasti \u0161krupiny, vrchn\u00fa a spodn\u00fa, ktor\u00e9 s\u00fa sp\u00e1jan\u00e9 pri vysokej teplote a dizajnovo aj tvarovo na seba n\u00e1dherne nadv\u00e4zuj\u00fa a prin\u00e1\u0161aj\u00fa t\u00fa najvy\u0161\u0161iu mieru pevnosti a bezpe\u010dnosti<br \/>\n\u2022 Pred\u013a\u017een\u00e1 zadn\u00e1 \u010das\u0165 prilby: v\u00fdborne kop\u00edruje tvar hlavy a prin\u00e1\u0161a zv\u00fd\u0161en\u00fa ochranu tylovej \u010dasti<br \/>\n\u2022 \u0160t\u00edt : umo\u017e\u0148uje nieko\u013eko\u00farov\u0148ov\u00e9 nastavenie poz\u00edcie na prilbe<br \/>\n\u2022 Clip pre okuliare: spo\u013eahlivo zabezpe\u010d\u00ed t\u00fa spr\u00e1vnu polohu okuliarov po cel\u00fd \u010das jazdenia<br \/>\n\u2022 Nastavovac\u00ed syst\u00e9m: horizont\u00e1lne nastavenie polohy syst\u00e9mu a\u017e v 3 stup\u0148och, pre lep\u0161ie a bezpe\u010dnej\u0161ie upevnenie na temene hlavy (aj v rukaviciach)<br \/>\n\u2022 Hmotnos\u0165: S\/M &#8211; 265 g, M\/L &#8211; 300 g<br \/>\n\u2022 23 vetrac\u00edch otvorov, ktor\u00e9 zabezpe\u010duj\u00fa dokonal\u00fd odvod prebyto\u010dn\u00e9ho tepla z obvodu hlavy<br \/>\n\u2022 PBPA (perfect buckle position adjustment) eliminuje kr\u00ed\u017eenie popruhov pre maxim\u00e1lny komfort pri nosen\u00ed.<br \/>\n\u2022 vn\u00fatorn\u00e9 antibakteri\u00e1lne v\u00fdstelky z materi\u00e1lu COOLMAX so sie\u0165kou proti hmyzu pre maxim\u00e1lnu ochranu<br \/>\n\u2022 CE certifik\u00e1t, ktor\u00fd je garantom bezpe\u010dnosti a kvalitn\u00e9ho spracovania v s\u00falade s Eur\u00f3pskymi normami<\/p>\n<p>BALENIE: prilba FORTEX, n\u00e1vod na pou\u017e\u00edvanie<\/p>\n<p>FAREBN\u00c9 ALTERNAT\u00cdVY:<br \/>\n\u2022 Matte Army Green\/Charcoal<br \/>\n\u2022 Matte Black<br \/>\n\u2022 Matte Lime\/Charcoal<br \/>\n\u2022 Matte Ocean Blue\/Charcoal<br \/>\n\u2022 Matte Sky Blue<br \/>\n\u2022 Matte Turquoise\/Charcoal<\/p>\n","protected":false},"excerpt":{"rendered":"<p>TRAILOV\u00c1 PRILBA Model P2R FORTEX prin\u00e1\u0161a alternat\u00edvu pre v\u0161etk\u00fdch trailov\u00fdch jazdcov a nad\u0161encom adrenal\u00ednovej jazdy, ktor\u00ed h\u013eadaj\u00fa svoj vlastn\u00fd \u0161t\u00fdl<\/p>\n","protected":false},"featured_media":9663,"template":"","meta":{"_acf_changed":false},"product_brand":[],"product_cat":[411,417],"product_tag":[],"class_list":{"0":"post-13537","1":"product","2":"type-product","3":"status-publish","4":"has-post-thumbnail","6":"product_cat-prilby","7":"product_cat-trailove-prilby","9":"first","10":"outofstock","11":"taxable","12":"shipping-taxable","13":"purchasable","14":"product-type-simple"},"bundled_by":[],"bundle_stock_status":"outofstock","bundle_stock_quantity":0,"bundle_virtual":false,"bundle_layout":"","bundle_add_to_cart_form_location":"","bundle_editable_in_cart":false,"bundle_sold_individually_context":"","bundle_item_grouping":"","bundle_min_size":"","bundle_max_size":"","bundle_price":[],"bundled_items":[],"bundle_sell_ids":[],"acf":[],"_links":{"self":[{"href":"https:\/\/b2b.p2rbike.com\/sk\/wp-json\/wp\/v2\/product\/13537","targetHints":{"allow":["GET"]}}],"collection":[{"href":"https:\/\/b2b.p2rbike.com\/sk\/wp-json\/wp\/v2\/product"}],"about":[{"href":"https:\/\/b2b.p2rbike.com\/sk\/wp-json\/wp\/v2\/types\/product"}],"wp:featuredmedia":[{"embeddable":true,"href":"https:\/\/b2b.p2rbike.com\/sk\/wp-json\/wp\/v2\/media\/9663"}],"wp:attachment":[{"href":"https:\/\/b2b.p2rbike.com\/sk\/wp-json\/wp\/v2\/media?parent=13537"}],"wp:term":[{"taxonomy":"product_brand","embeddable":true,"href":"https:\/\/b2b.p2rbike.com\/sk\/wp-json\/wp\/v2\/product_brand?post=13537"},{"taxonomy":"product_cat","embeddable":true,"href":"https:\/\/b2b.p2rbike.com\/sk\/wp-json\/wp\/v2\/product_cat?post=13537"},{"taxonomy":"product_tag","embeddable":true,"href":"https:\/\/b2b.p2rbike.com\/sk\/wp-json\/wp\/v2\/product_tag?post=13537"}],"curies":[{"name":"wp","href":"https:\/\/api.w.org\/{rel}","templated":true}]}}