{"id":13623,"date":"2022-08-11T13:06:52","date_gmt":"2022-08-11T11:06:52","guid":{"rendered":"https:\/\/b2b.p2rbike.com\/product\/p2r-zenero-s-m-55-58-cm-charcoal-turquoise\/"},"modified":"2024-08-11T22:20:27","modified_gmt":"2024-08-11T20:20:27","slug":"p2r-zenero-s-m-55-58-cm-charcoal-turquoise-2","status":"publish","type":"product","link":"https:\/\/b2b.p2rbike.com\/sk\/produkt\/p2r-zenero-s-m-55-58-cm-charcoal-turquoise-2\/","title":{"rendered":"P2R ZENERO, S\/M (55-58 cm), Charcoal\/Turquoise"},"content":{"rendered":"<p><strong>XC\/MTB MODEL<\/strong><\/p>\n<p><strong>P2R ZENERO<\/strong> je najnov\u0161\u00ed model prilby v kolekcii P2R, ktor\u00fd sa p\u00fd\u0161i nielen svojimi kr\u00e1snymi l\u00edniami, ale aj TOP technick\u00fdmi a dizajnov\u00fdmi vlastnos\u0165ami, ktor\u00e9 boli vyvinut\u00e9 v spolupr\u00e1ci s profesion\u00e1lnymi jazdcami XC kateg\u00f3rie. Svoje uplatnenie n\u00e1jde pri jazde v meste, po cest\u00e1ch na vidieku a takisto pri jazde po lesn\u00fdch trailoch.<br \/>\n\u010cist\u00e9 l\u00ednie dizajnu s &#8222;<strong>PATENTOVAN\u00ddM<\/strong>&#8220; up\u00ednan\u00edm \u0161t\u00edtu na magnet, TOP technick\u00e1 \u0161pecifik\u00e1cia, horizont\u00e1lne nastavite\u013en\u00fd nov\u00fd nastavovac\u00ed syst\u00e9m, PBPA &#8211; nastavenie popruhov, \u0161peci\u00e1lne dizajnov\u00e9 plastov\u00e9 bo\u010dn\u00e9 \u010dasti pre zlep\u0161enie vlastnost\u00ed vetrania<\/p>\n<p><strong>VLASTNOSTI<\/strong>:<\/p>\n<p>1. Vyroben\u00fd technol\u00f3giou <strong>DOUBLE in-mold<\/strong>&#8211; prilba m\u00e1 spodn\u00fd aj vrchn\u00fd shell chr\u00e1niaci pred po\u0161koden\u00edm alebo po\u0161kriaban\u00edm Vrchn\u00fd shell pokr\u00fdva v\u0161etky \u010dasti prilby vr\u00e1tane vetrac\u00edch otvorov. Spodn\u00fd shell chr\u00e1ni pred po\u0161koden\u00edm pri polo\u017een\u00ed prilby na zem, alebo pri n\u00e1hodnom p\u00e1de.<br \/>\n2. <strong>\u0160t\u00edt<\/strong>: nov\u00fd, inovat\u00edvny sp\u00f4sob uchytenia \u0161t\u00edtu pomocnou magnetu. EPS (polystyr\u00e9n) je bez otvorov a uchytenie \u0161t\u00edtu je tak ot\u00e1zka iba nieko\u013ek\u00fdch sek\u00fand.<br \/>\n3. Hmotnos\u0165 : S\/M (55-58cm) &#8211; <strong>270 g<\/strong>, M\/L (59-61 cm) &#8211; <strong>310 g<\/strong><br \/>\n4. <strong>Plastov\u00e9 dizajnov\u00e9 prekrytie otvorov<\/strong>: \u0161peci\u00e1lne vyvinut\u00e9 dizajnov\u00e9 prekrytie bo\u010dn\u00fdch vetrac\u00edch otvorov pre <strong>zlep\u0161enie vlastnost\u00ed vetrania<\/strong> po\u010das hor\u00facich letn\u00fdch dn\u00ed,<br \/>\n5. <strong>23 vetrac\u00edch otvorov<\/strong> &#8211; zabezpe\u010duj\u00fa dokonal\u00fd odvod prebyto\u010dn\u00e9ho tepla z obvodu hlavy<br \/>\n6. P2R <strong>PBPA<\/strong> (perfect buckle position adjustment) &#8211; eliminuje prekr\u00fd\u017eenie popruhov v oblasti ucha a chr\u00e1ni tak ucho pred poranen\u00edm (zodret\u00edm ko\u017ee)<br \/>\n7. <strong>Reflexn\u00e9 prvky<\/strong> v zadnej \u010dasti prilby pre vy\u0161\u0161iu bezpe\u010dnos\u0165 jazdca za zn\u00ed\u017eenej vidite\u013enosti<br \/>\n8. vn\u00fatorn\u00e9 antibakteri\u00e1lne v\u00fdstelky z materi\u00e1lu <strong>COOLMAX<\/strong> so sie\u0165kou proti hmyzu, ktor\u00e1 zabra\u0148uje ne\u017eiad\u00facemu vletu hmyzu do priestoru prilby<br \/>\n9.<strong>CE certifik\u00e1t<\/strong>&#8211; je garantom bezpe\u010dnosti a kvalitn\u00e9ho spracovania v s\u00falade s Eur\u00f3pskymi normami<\/p>\n<p>BALENIE: prilba ZENERO, n\u00e1vod na pou\u017e\u00edvanie<\/p>\n<p><strong>FAREBN\u00c9 ALTERNAT\u00cdVY<\/strong>:<br \/>\n\u2022 Army green<br \/>\n\u2022 Charcoal\/Turquoise<br \/>\n\u2022 Matte Black<br \/>\n\u2022 Matte Iceberg<br \/>\n\u2022 Satin Red\/Satin Purple<br \/>\n\u2022 Matte Orange\/White<\/p>\n","protected":false},"excerpt":{"rendered":"<p>XC\/MTB MODEL P2R ZENERO je najnov\u0161\u00ed model prilby v kolekcii P2R, ktor\u00fd sa p\u00fd\u0161i nielen svojimi kr\u00e1snymi l\u00edniami, ale aj<\/p>\n","protected":false},"featured_media":11647,"template":"","meta":{"_acf_changed":false},"product_brand":[],"product_cat":[411,415],"product_tag":[],"class_list":{"0":"post-13623","1":"product","2":"type-product","3":"status-publish","4":"has-post-thumbnail","6":"product_cat-prilby","7":"product_cat-prilby-xc-mtb","9":"first","10":"instock","11":"sale","12":"taxable","13":"shipping-taxable","14":"purchasable","15":"product-type-simple"},"bundled_by":[],"bundle_stock_status":"instock","bundle_stock_quantity":35,"bundle_virtual":false,"bundle_layout":"","bundle_add_to_cart_form_location":"","bundle_editable_in_cart":false,"bundle_sold_individually_context":"","bundle_item_grouping":"","bundle_min_size":"","bundle_max_size":"","bundle_price":[],"bundled_items":[],"bundle_sell_ids":[],"acf":[],"_links":{"self":[{"href":"https:\/\/b2b.p2rbike.com\/sk\/wp-json\/wp\/v2\/product\/13623","targetHints":{"allow":["GET"]}}],"collection":[{"href":"https:\/\/b2b.p2rbike.com\/sk\/wp-json\/wp\/v2\/product"}],"about":[{"href":"https:\/\/b2b.p2rbike.com\/sk\/wp-json\/wp\/v2\/types\/product"}],"wp:featuredmedia":[{"embeddable":true,"href":"https:\/\/b2b.p2rbike.com\/sk\/wp-json\/wp\/v2\/media\/11647"}],"wp:attachment":[{"href":"https:\/\/b2b.p2rbike.com\/sk\/wp-json\/wp\/v2\/media?parent=13623"}],"wp:term":[{"taxonomy":"product_brand","embeddable":true,"href":"https:\/\/b2b.p2rbike.com\/sk\/wp-json\/wp\/v2\/product_brand?post=13623"},{"taxonomy":"product_cat","embeddable":true,"href":"https:\/\/b2b.p2rbike.com\/sk\/wp-json\/wp\/v2\/product_cat?post=13623"},{"taxonomy":"product_tag","embeddable":true,"href":"https:\/\/b2b.p2rbike.com\/sk\/wp-json\/wp\/v2\/product_tag?post=13623"}],"curies":[{"name":"wp","href":"https:\/\/api.w.org\/{rel}","templated":true}]}}