{"id":13641,"date":"2022-08-11T13:02:02","date_gmt":"2022-08-11T11:02:02","guid":{"rendered":"https:\/\/b2b.p2rbike.com\/product\/p2r-aquila-550-clear-glacier-blue-black\/"},"modified":"2026-03-17T13:05:22","modified_gmt":"2026-03-17T12:05:22","slug":"p2r-aquila-550-clear-glacier-blue-black","status":"publish","type":"product","link":"https:\/\/b2b.p2rbike.com\/sk\/produkt\/p2r-aquila-550-clear-glacier-blue-black\/","title":{"rendered":"P2R AQUILA 550, clear glacier blue-black"},"content":{"rendered":"<p><strong>CYKLISTICK\u00c1 F\u013dA\u0160A<\/strong><\/p>\n<p>P2R AQUILA 550 v origin\u00e1lnom dizajne vyroben\u00e1 zo 100% recyklovan\u00e9ho materi\u00e1lu.<\/p>\n<p><strong>VLASTNOSTI<\/strong>:<br \/>\nVyroben\u00e1 z materi\u00e1lu polypropyl\u00e9n (PP) &#8211; umo\u017e\u0148uje \u013eahk\u00e9 stla\u010denie f\u013ea\u0161e, \u010d\u00edm u\u013eah\u010duje a ur\u00fdch\u013euje pitie<br \/>\n\u2022 N\u00e1ustok f\u013ea\u0161e z m\u00e4kk\u00e9ho plastu s pogumovan\u00edm (prijemn\u00fd pre Va\u0161e \u00fasta)<br \/>\n\u2022 Mierka pre presn\u00e9 mie\u0161anie a kontrolu mno\u017estva n\u00e1poja<br \/>\n\u2022 \u0160irok\u00fd otvor <strong>47mm<\/strong> pre jednoduch\u00e9 \u010distenie a r\u00fdchle dop\u013a\u0148anie tekut\u00edn<br \/>\n\u2022 Vhodn\u00e9 aj pre tepl\u00e9 n\u00e1poje a\u017e do <strong>50\u00b0C<\/strong><br \/>\n\u2022 bez l\u00e1tok <strong>BPA<\/strong> (Bisfenol A)<\/p>\n<p><strong>DETAILY<\/strong>:<br \/>\n\u2022 Objem: <strong>550 ml<\/strong><br \/>\n\u2022 \u0160\u00edrka: <strong>70 mm<\/strong><br \/>\n\u2022 Hmotnos\u0165: <strong>54 g<\/strong><\/p>\n<p><strong>BALENIE<\/strong>:<br \/>\n\u2022 v dizajne P2R<\/p>\n<p><strong>FAREBN\u00c9 ALTERNAT\u00cdVY<\/strong>:<br \/>\n\u2022 black-lime<br \/>\n\u2022 black-orange<br \/>\n\u2022 black-pink<br \/>\n\u2022 black-red<br \/>\n\u2022 black-silver<br \/>\n\u2022 black-sky blue<br \/>\n\u2022 black-white<br \/>\n\u2022 clear fresh green-black<br \/>\n\u2022 clear glacier blue-black<br \/>\n\u2022 clear glacier blue-pink<br \/>\n\u2022 clear ripe orange-black<br \/>\n\u2022 pink-black<\/p>\n","protected":false},"excerpt":{"rendered":"<p>CYKLISTICK\u00c1 F\u013dA\u0160A P2R AQUILA 550 v origin\u00e1lnom dizajne vyroben\u00e1 zo 100% recyklovan\u00e9ho materi\u00e1lu. VLASTNOSTI: Vyroben\u00e1 z materi\u00e1lu polypropyl\u00e9n (PP) &#8211;<\/p>\n","protected":false},"featured_media":27055,"template":"","meta":{"_acf_changed":false},"product_brand":[],"product_cat":[349,712],"product_tag":[],"class_list":{"0":"post-13641","1":"product","2":"type-product","3":"status-publish","4":"has-post-thumbnail","6":"product_cat-flase","7":"product_cat-bottles-2-sk","9":"first","10":"instock","11":"taxable","12":"shipping-taxable","13":"purchasable","14":"product-type-simple"},"bundled_by":[],"bundle_stock_status":"instock","bundle_stock_quantity":189,"bundle_virtual":false,"bundle_layout":"","bundle_add_to_cart_form_location":"","bundle_editable_in_cart":false,"bundle_sold_individually_context":"","bundle_item_grouping":"","bundle_min_size":"","bundle_max_size":"","bundle_price":[],"bundled_items":[],"bundle_sell_ids":[],"acf":[],"_links":{"self":[{"href":"https:\/\/b2b.p2rbike.com\/sk\/wp-json\/wp\/v2\/product\/13641","targetHints":{"allow":["GET"]}}],"collection":[{"href":"https:\/\/b2b.p2rbike.com\/sk\/wp-json\/wp\/v2\/product"}],"about":[{"href":"https:\/\/b2b.p2rbike.com\/sk\/wp-json\/wp\/v2\/types\/product"}],"wp:featuredmedia":[{"embeddable":true,"href":"https:\/\/b2b.p2rbike.com\/sk\/wp-json\/wp\/v2\/media\/27055"}],"wp:attachment":[{"href":"https:\/\/b2b.p2rbike.com\/sk\/wp-json\/wp\/v2\/media?parent=13641"}],"wp:term":[{"taxonomy":"product_brand","embeddable":true,"href":"https:\/\/b2b.p2rbike.com\/sk\/wp-json\/wp\/v2\/product_brand?post=13641"},{"taxonomy":"product_cat","embeddable":true,"href":"https:\/\/b2b.p2rbike.com\/sk\/wp-json\/wp\/v2\/product_cat?post=13641"},{"taxonomy":"product_tag","embeddable":true,"href":"https:\/\/b2b.p2rbike.com\/sk\/wp-json\/wp\/v2\/product_tag?post=13641"}],"curies":[{"name":"wp","href":"https:\/\/api.w.org\/{rel}","templated":true}]}}