{"id":13671,"date":"2022-08-11T13:02:27","date_gmt":"2022-08-11T11:02:27","guid":{"rendered":"https:\/\/b2b.p2rbike.com\/product\/p2r-termica-600-ml-black-orange\/"},"modified":"2026-03-17T13:05:18","modified_gmt":"2026-03-17T12:05:18","slug":"p2r-termica-600-ml-black-orange-2","status":"publish","type":"product","link":"https:\/\/b2b.p2rbike.com\/sk\/produkt\/p2r-termica-600-ml-black-orange-2\/","title":{"rendered":"P2R TERMICA, 600 ml black-orange"},"content":{"rendered":"<p><strong>CYKLISTICK\u00c1 TERMO F\u013dA\u0160A<\/strong><\/p>\n<p>P2R TERMICA 600 &#8211; v origin\u00e1lnom dizajne, vyroben\u00e1 zo 100% recyklovan\u00e9ho materi\u00e1lu, pon\u00faka ide\u00e1lne rie\u0161enie pre letn\u00e9 outdoorov\u00e9 aktivity V\u010faka d\u00f4sledne premyslen\u00e9mu dizajnu, ju m\u00f4\u017ee\u0161 pou\u017ei\u0165 ako termo-f\u013ea\u0161u, ktor\u00e1 udr\u017e\u00ed tvoj n\u00e1poj dlh\u0161ie chladn\u00fdm, alebo ako \u0161tandardn\u00fa f\u013ea\u0161u, kedy sa zv\u00fd\u0161i jej celkov\u00fd objem.<\/p>\n<p><strong>VLASTNOSTI<\/strong>:<br \/>\n\u2022 Termo, alebo \u0161tandardn\u00e1 &#8230; term\u00e1lne vlastnosti s\u00fa dan\u00e9 kombin\u00e1ciou foam peny s alu f\u00f3liou, ktor\u00e9 udr\u017eia n\u00e1poj chladn\u00fdm, alebo tepl\u00fdm dl\u0161ie o cca 4 hodiny.<br \/>\n\u2022 600 ml alebo 500 ml &#8211; vo verzii \u0161tandardnej cyklo f\u013ea\u0161e sa kapacita f\u013ea\u0161e zv\u00fd\u0161i z 500 ml na objedm 600 ml<br \/>\n\u2022 Vyroben\u00e1 z materi\u00e1lu polypropyl\u00e9n (PP) &#8211; umo\u017e\u0148uje \u013eahk\u00e9 stla\u010denie f\u013ea\u0161e, \u010d\u00edm u\u013eah\u010duje a ur\u00fdch\u013euje pitie cyklistu.<br \/>\n\u2022 N\u00e1ustok f\u013ea\u0161e z m\u00e4kk\u00e9ho plastu s pogumovan\u00edm (prijemn\u00fd pre Va\u0161e \u00fasta)<br \/>\n\u2022 Kryt n\u00e1ustku chr\u00e1ni n\u00e1ustok pred prachom a ne\u010distotami<br \/>\n\u2022 \u02c7\u0160irok\u00fd otvor 60 mm pre \u013eahk\u00e9 \u010distenie a jednoduch\u00e9 nalievanie n\u00e1poja<br \/>\n\u2022 Vhodn\u00fd aj pre tepl\u00e9 n\u00e1poje do 50\u00b0C<br \/>\n\u2022 BPA free (Bisfenol A) &#8211; bez l\u00e1tok BPA<\/p>\n<p><strong>DETAILY<\/strong>:<br \/>\n\u2022 Objem: 550 ml alebo 600 ml<br \/>\n\u2022 \u0160\u00edrka: 70 mm<br \/>\n\u2022 Hmotnos\u0165: 120 g (verzia termo f\u013ea\u0161a) a 73 g (\u0161tandardn\u00e1 f\u013ea\u0161a)<\/p>\n<p>BALENIE:<br \/>\n\u2022 v dizajne P2R<\/p>\n<p>FAREBN\u00c9 ALTERNAT\u00cdVY:<br \/>\n\u2022 black-white<br \/>\n\u2022 black-fluo<br \/>\n\u2022 black-orange<\/p>\n","protected":false},"excerpt":{"rendered":"<p>CYKLISTICK\u00c1 TERMO F\u013dA\u0160A P2R TERMICA 600 &#8211; v origin\u00e1lnom dizajne, vyroben\u00e1 zo 100% recyklovan\u00e9ho materi\u00e1lu, pon\u00faka ide\u00e1lne rie\u0161enie pre letn\u00e9<\/p>\n","protected":false},"featured_media":12246,"template":"","meta":{"_acf_changed":false},"product_brand":[],"product_cat":[349,350],"product_tag":[],"class_list":{"0":"post-13671","1":"product","2":"type-product","3":"status-publish","4":"has-post-thumbnail","6":"product_cat-flase","7":"product_cat-termo-flase","9":"first","10":"instock","11":"taxable","12":"shipping-taxable","13":"purchasable","14":"product-type-simple"},"bundled_by":[],"bundle_stock_status":"instock","bundle_stock_quantity":61,"bundle_virtual":false,"bundle_layout":"","bundle_add_to_cart_form_location":"","bundle_editable_in_cart":false,"bundle_sold_individually_context":"","bundle_item_grouping":"","bundle_min_size":"","bundle_max_size":"","bundle_price":[],"bundled_items":[],"bundle_sell_ids":[],"acf":[],"_links":{"self":[{"href":"https:\/\/b2b.p2rbike.com\/sk\/wp-json\/wp\/v2\/product\/13671","targetHints":{"allow":["GET"]}}],"collection":[{"href":"https:\/\/b2b.p2rbike.com\/sk\/wp-json\/wp\/v2\/product"}],"about":[{"href":"https:\/\/b2b.p2rbike.com\/sk\/wp-json\/wp\/v2\/types\/product"}],"wp:featuredmedia":[{"embeddable":true,"href":"https:\/\/b2b.p2rbike.com\/sk\/wp-json\/wp\/v2\/media\/12246"}],"wp:attachment":[{"href":"https:\/\/b2b.p2rbike.com\/sk\/wp-json\/wp\/v2\/media?parent=13671"}],"wp:term":[{"taxonomy":"product_brand","embeddable":true,"href":"https:\/\/b2b.p2rbike.com\/sk\/wp-json\/wp\/v2\/product_brand?post=13671"},{"taxonomy":"product_cat","embeddable":true,"href":"https:\/\/b2b.p2rbike.com\/sk\/wp-json\/wp\/v2\/product_cat?post=13671"},{"taxonomy":"product_tag","embeddable":true,"href":"https:\/\/b2b.p2rbike.com\/sk\/wp-json\/wp\/v2\/product_tag?post=13671"}],"curies":[{"name":"wp","href":"https:\/\/api.w.org\/{rel}","templated":true}]}}