{"id":13689,"date":"2022-08-11T13:03:41","date_gmt":"2022-08-11T11:03:41","guid":{"rendered":"https:\/\/b2b.p2rbike.com\/product\/p2r-hugg-acid-grey-white\/"},"modified":"2024-05-27T15:06:16","modified_gmt":"2024-05-27T13:06:16","slug":"p2r-hugg-acid-grey-white-2","status":"publish","type":"product","link":"https:\/\/b2b.p2rbike.com\/sk\/produkt\/p2r-hugg-acid-grey-white-2\/","title":{"rendered":"P2R HUGG, acid grey -white"},"content":{"rendered":"<p>KO\u0160\u00cdK PRE F\u013dA\u0160U<\/p>\n<p>je extr\u00e9mne \u013eahk\u00fd, nylonov\u00fd ko\u0161\u00edk, ktor\u00fd sa p\u00fd\u0161i ve\u013ekou pru\u017enos\u0165ou materi\u00e1lu a z\u00e1rove\u0148 spo\u013eahlivou funkciou, pre ktor\u00fa bol vyvinut\u00fd.<br \/>\nJeho do dokonalosti premyslen\u00fd tvar pon\u00faka ide\u00e1lne rie\u0161enie pre v\u0161etk\u00fdch t\u00fdch, ktor\u00ed h\u013eadaj\u00fa pekn\u00fd \u0161portov\u00fd dizajn, ve\u013emi l\u00e1kav\u00fa hmotnos\u0165 a univerz\u00e1lnos\u0165 pre takmer v\u0161etky cyklistick\u00e9 f\u013ea\u0161e dostupn\u00e9 na trhu.<\/p>\n<p>VLASTNOSTI:<br \/>\n\u2022 Umo\u017e\u0148uje \u013eahk\u00e9 a r\u00fdchle vytiahnutie f\u013ea\u0161e pod &#8222;ak\u00fdmko\u013evek&#8220; uhlom<br \/>\n\u2022 Univerz\u00e1lny pre pravostrann\u00e9 alebo \u013eavostrann\u00e9 vy\u0165ahovanie f\u013ea\u0161e<br \/>\n\u2022 Vhodn\u00fd pre d\u00e1mske aj p\u00e1nske typy r\u00e1mov (pr\u00edtomnos\u0165 hornej r\u00e1movej trubky)<br \/>\n\u2022 Rovnako v\u00fdborne vhodn\u00fd pre mal\u00e9 ve\u013ekosti r\u00e1mov a r\u00e1my so slopingom<br \/>\n\u2022 P2R HUGG \u0165a chr\u00e1ni, preto\u017ee umo\u017e\u0148uje \u013eahko a intuit\u00edvne vytiahnu\u0165 f\u013ea\u0161u, \u010d\u00edm udr\u017euje tvoje s\u00fastredenie na bezpe\u010dn\u00e9 bicyklovanie \u2022 Mont\u00e1\u017e pomocou nerezov\u00fdch skrutiek<br \/>\n\u2022 2 kusy skrutiek s\u00fa s\u00fa\u010das\u0165ou balenia<\/p>\n<p>DETAILY: \u2022 Hmotnos\u0165: 33 g (iba ko\u0161\u00edk)<\/p>\n<p>BALENIE: \u2022 P2R karta<\/p>\n<p>MO\u017dNOS\u0164 PRE Z\u00c1KAZN\u00cdKA: M\u00f4\u017eete si k\u00fapi\u0165 aj f\u013ea\u0161u P2R AQUILA 550\/750 alebo P2R TERMICA 600 (ako set v rovnakej farbe)<\/p>\n<p>FAREBN\u00c9 ALTERNAT\u00cdVY:<br \/>\n\u2022 black-lime<br \/>\n\u2022 black-orange<br \/>\n\u2022 black-pink<br \/>\n\u2022 black-red<br \/>\n\u2022 black-silver<br \/>\n\u2022 black-sky blue<br \/>\n\u2022 black-white<br \/>\n\u2022 grey-glacier blue-white<br \/>\n\u2022 grey-wine red-white<br \/>\n\u2022 grey-pink orchid-white<br \/>\n\u2022 acid grey-white<br \/>\n\u2022 grey-fresh orange-white<br \/>\n\u2022 grey-sahara yellow-white<br \/>\n\u2022 grey-fluo yellow-white<\/p>\n","protected":false},"excerpt":{"rendered":"<p>KO\u0160\u00cdK PRE F\u013dA\u0160U je extr\u00e9mne \u013eahk\u00fd, nylonov\u00fd ko\u0161\u00edk, ktor\u00fd sa p\u00fd\u0161i ve\u013ekou pru\u017enos\u0165ou materi\u00e1lu a z\u00e1rove\u0148 spo\u013eahlivou funkciou, pre ktor\u00fa<\/p>\n","protected":false},"featured_media":27132,"template":"","meta":{"_acf_changed":false},"product_brand":[],"product_cat":[338],"product_tag":[],"class_list":{"0":"post-13689","1":"product","2":"type-product","3":"status-publish","4":"has-post-thumbnail","6":"product_cat-kosik-na-flasu","8":"first","9":"outofstock","10":"taxable","11":"shipping-taxable","12":"purchasable","13":"product-type-simple"},"bundled_by":[],"bundle_stock_status":"outofstock","bundle_stock_quantity":0,"bundle_virtual":false,"bundle_layout":"","bundle_add_to_cart_form_location":"","bundle_editable_in_cart":false,"bundle_sold_individually_context":"","bundle_item_grouping":"","bundle_min_size":"","bundle_max_size":"","bundle_price":[],"bundled_items":[],"bundle_sell_ids":[],"acf":[],"_links":{"self":[{"href":"https:\/\/b2b.p2rbike.com\/sk\/wp-json\/wp\/v2\/product\/13689","targetHints":{"allow":["GET"]}}],"collection":[{"href":"https:\/\/b2b.p2rbike.com\/sk\/wp-json\/wp\/v2\/product"}],"about":[{"href":"https:\/\/b2b.p2rbike.com\/sk\/wp-json\/wp\/v2\/types\/product"}],"wp:featuredmedia":[{"embeddable":true,"href":"https:\/\/b2b.p2rbike.com\/sk\/wp-json\/wp\/v2\/media\/27132"}],"wp:attachment":[{"href":"https:\/\/b2b.p2rbike.com\/sk\/wp-json\/wp\/v2\/media?parent=13689"}],"wp:term":[{"taxonomy":"product_brand","embeddable":true,"href":"https:\/\/b2b.p2rbike.com\/sk\/wp-json\/wp\/v2\/product_brand?post=13689"},{"taxonomy":"product_cat","embeddable":true,"href":"https:\/\/b2b.p2rbike.com\/sk\/wp-json\/wp\/v2\/product_cat?post=13689"},{"taxonomy":"product_tag","embeddable":true,"href":"https:\/\/b2b.p2rbike.com\/sk\/wp-json\/wp\/v2\/product_tag?post=13689"}],"curies":[{"name":"wp","href":"https:\/\/api.w.org\/{rel}","templated":true}]}}