{"id":21730,"date":"2023-01-17T14:24:34","date_gmt":"2023-01-17T13:24:34","guid":{"rendered":"https:\/\/b2b.p2rbike.com\/product\/p2r-e-midkick-50\/"},"modified":"2026-03-17T13:05:21","modified_gmt":"2026-03-17T12:05:21","slug":"p2r-e-midkick-50","status":"publish","type":"product","link":"https:\/\/b2b.p2rbike.com\/sk\/produkt\/p2r-e-midkick-50\/","title":{"rendered":"P2R E-MIDKICK 50"},"content":{"rendered":"<p><strong>STOJAN NA BICYKEL<\/strong><\/p>\n<p>Stredov\u00fd stojan P2R E-MIDKICK 50 je vyvinut\u00fd pre poskytnutie maxim\u00e1lnej stability pre takmer v\u0161etky bicykle vo ve\u013ekosti 24\u2033 \u2013 29\u2033 z kategorie e-BIKE: JUNIOR\/CITY\/MTB\/CROSS, ktor\u00e9 s\u00fa dostupn\u00e9 na trhu.<\/p>\n<p>Zosilnen\u00e1 kon\u0161trukcia stojanu umo\u017e\u0148uje zv\u00fd\u0161enie maxim\u00e1lnej nosnosti a\u017e na 30kg. Platforma stojanu je z d\u00f4vodu zabezpe\u010denia maxim\u00e1lnej stability bicykla pri jeho odstaven\u00ed mierne zv\u00e4\u010d\u0161en\u00e1 a je dizajnovan\u00e1 s proti-\u0161mykov\u00fdmi pinmi, ktor\u00e9 zlep\u0161uj\u00fa stabilitu a bezpe\u010dnos\u0165 bicykla na ka\u017edom povrchu a je preto odpor\u00fa\u010dan\u00e1 obzvl\u00e1s\u0165 pre e-Trekking a e-Cross modely bicyklov s plne nalo\u017een\u00fdmi cestovn\u00fdmi ta\u0161kami, napr. aj pri viacdenn\u00fdch v\u00fdletoch.<\/p>\n<p>Uchytenie stojana na r\u00e1m bicykla je pomocou 1ks imbusovej skrutky, ktor\u00e1 sa uchyt\u00ed bu\u010f priamo na predpripraven\u00fa \u010das\u0165 so z\u00e1vitom, alebo pomocou protikusu (je s\u00fa\u010das\u0165ou stojana). Nastavenie a bezpe\u010dn\u00e9 zaistenie d\u013a\u017eky stojana je pomocou imbusovej skrutky. Takto je zabezpe\u010den\u00e1 maxim\u00e1lna pevnos\u0165 a bezpe\u010dnos\u0165 (aj pri plnej z\u00e1\u0165a\u017ei), kedyko\u013evek potrebujete V\u00e1\u0161 e-bicykel odstavi\u0165.<\/p>\n<p><strong>VLASTNOSTI:<\/strong><\/p>\n<ul>\n<li>Stredov\u00fd stojan univerz\u00e1lny pre takmer v\u0161etky kateg\u00f3rie e-bicyklov 24\u2033 \u2013 29\u2033<\/li>\n<li>Uchytenie pomocou imbusovej skrutky na n\u00e1varok so z\u00e1vitom na r\u00e1me, alebo pomocou dov\u00e1van\u00e9ho protikusu.<\/li>\n<li>Gumen\u00e9 podlo\u017eky pre ochranu r\u00e1mu pred po\u0161koden\u00edm\/po\u0161kriaban\u00edm pri mont\u00e1\u017ei<\/li>\n<li>\u0160peci\u00e1lna dizajnov\u00e1 text\u00fara na plastovej \u010dasti stojana<\/li>\n<li>Maxim\u00e1lna nostnos\u0165 stojana a\u017e 30kg<\/li>\n<li>Nastavenie d\u013a\u017eky 24\u2033 \u2013 29\u2033 a bezpe\u010dn\u00e9 zaistenie pomocou imbusovej skrutky<strong> <\/strong><\/li>\n<\/ul>\n<p><strong>DETAJLY:<\/strong><\/p>\n<ul>\n<li>Materi\u00e1l: zl\u00fa\u010denina hlin\u00edka AL<\/li>\n<li>Hmotnos\u0165: 470g<\/li>\n<\/ul>\n<p>&nbsp;<\/p>\n","protected":false},"excerpt":{"rendered":"<p>STOJAN NA BICYKEL Stredov\u00fd stojan P2R E-MIDKICK 50 je vyvinut\u00fd pre poskytnutie maxim\u00e1lnej stability pre takmer v\u0161etky bicykle vo ve\u013ekosti<\/p>\n","protected":false},"featured_media":21647,"template":"","meta":{"_acf_changed":false},"product_brand":[],"product_cat":[563,564,567],"product_tag":[],"class_list":{"0":"post-21730","1":"product","2":"type-product","3":"status-publish","4":"has-post-thumbnail","6":"product_cat-stojany-sk","7":"product_cat-stredovy","8":"product_cat-e-bike-sk","10":"first","11":"instock","12":"taxable","13":"shipping-taxable","14":"purchasable","15":"product-type-simple"},"bundled_by":[],"bundle_stock_status":"instock","bundle_stock_quantity":585,"bundle_virtual":false,"bundle_layout":"","bundle_add_to_cart_form_location":"","bundle_editable_in_cart":false,"bundle_sold_individually_context":"","bundle_item_grouping":"","bundle_min_size":"","bundle_max_size":"","bundle_price":[],"bundled_items":[],"bundle_sell_ids":[],"acf":[],"_links":{"self":[{"href":"https:\/\/b2b.p2rbike.com\/sk\/wp-json\/wp\/v2\/product\/21730","targetHints":{"allow":["GET"]}}],"collection":[{"href":"https:\/\/b2b.p2rbike.com\/sk\/wp-json\/wp\/v2\/product"}],"about":[{"href":"https:\/\/b2b.p2rbike.com\/sk\/wp-json\/wp\/v2\/types\/product"}],"wp:featuredmedia":[{"embeddable":true,"href":"https:\/\/b2b.p2rbike.com\/sk\/wp-json\/wp\/v2\/media\/21647"}],"wp:attachment":[{"href":"https:\/\/b2b.p2rbike.com\/sk\/wp-json\/wp\/v2\/media?parent=21730"}],"wp:term":[{"taxonomy":"product_brand","embeddable":true,"href":"https:\/\/b2b.p2rbike.com\/sk\/wp-json\/wp\/v2\/product_brand?post=21730"},{"taxonomy":"product_cat","embeddable":true,"href":"https:\/\/b2b.p2rbike.com\/sk\/wp-json\/wp\/v2\/product_cat?post=21730"},{"taxonomy":"product_tag","embeddable":true,"href":"https:\/\/b2b.p2rbike.com\/sk\/wp-json\/wp\/v2\/product_tag?post=21730"}],"curies":[{"name":"wp","href":"https:\/\/api.w.org\/{rel}","templated":true}]}}