{"id":22257,"date":"2023-02-13T17:21:35","date_gmt":"2023-02-13T16:21:35","guid":{"rendered":"https:\/\/b2b.p2rbike.com\/product\/p2r-stahovak-kazety-bt-23\/"},"modified":"2026-04-12T20:36:38","modified_gmt":"2026-04-12T18:36:38","slug":"p2r-freewheel-remover-bt-23","status":"publish","type":"product","link":"https:\/\/b2b.p2rbike.com\/sk\/produkt\/p2r-freewheel-remover-bt-23\/","title":{"rendered":"P2R s\u0165ahov\u00e1k kazety BT-23"},"content":{"rendered":"<p>Kompatibiln\u00e9 pre :<\/p>\n<ul>\n<li>Shimano MF, Campagnolo 8-9-10-11 r\u00fdchlost\u00ed<\/li>\n<li>Mo\u017enos\u0165 pou\u017eitia s k\u013e\u00fa\u010dom <strong>21mm<\/strong> alebo k\u013e\u00fa\u010dom <strong>gola 1\/2&#8243; 4-hran<\/strong><\/li>\n<li>Vyroben\u00e9 z vysoko kvalitnej <strong>Cr-Mo<\/strong> ocele s fosf\u00e1tovou antikor\u00f3znou \u00fapravou<\/li>\n<li>Hmotnos\u0165: 57 g<\/li>\n<li>Balenie: karta P2R<\/li>\n<\/ul>\n<p>&nbsp;<\/p>\n<p>&nbsp;<\/p>\n","protected":false},"excerpt":{"rendered":"<p>Kompatibiln\u00e9 pre : Shimano MF, Campagnolo 8-9-10-11 r\u00fdchlost\u00ed Mo\u017enos\u0165 pou\u017eitia s k\u013e\u00fa\u010dom 21mm alebo k\u013e\u00fa\u010dom gola 1\/2&#8243; 4-hran Vyroben\u00e9 z<\/p>\n","protected":false},"featured_media":22178,"template":"","meta":{"_acf_changed":false},"product_brand":[],"product_cat":[435,594,600],"product_tag":[],"class_list":{"0":"post-22257","1":"product","2":"type-product","3":"status-publish","4":"has-post-thumbnail","6":"product_cat-naradie","7":"product_cat-servisne-naradie","8":"product_cat-kazeta","10":"first","11":"instock","12":"taxable","13":"shipping-taxable","14":"purchasable","15":"product-type-simple"},"bundled_by":[],"bundle_stock_status":"instock","bundle_stock_quantity":228,"bundle_virtual":false,"bundle_layout":"","bundle_add_to_cart_form_location":"","bundle_editable_in_cart":false,"bundle_sold_individually_context":"","bundle_item_grouping":"","bundle_min_size":"","bundle_max_size":"","bundle_price":[],"bundled_items":[],"bundle_sell_ids":[],"acf":[],"_links":{"self":[{"href":"https:\/\/b2b.p2rbike.com\/sk\/wp-json\/wp\/v2\/product\/22257","targetHints":{"allow":["GET"]}}],"collection":[{"href":"https:\/\/b2b.p2rbike.com\/sk\/wp-json\/wp\/v2\/product"}],"about":[{"href":"https:\/\/b2b.p2rbike.com\/sk\/wp-json\/wp\/v2\/types\/product"}],"wp:featuredmedia":[{"embeddable":true,"href":"https:\/\/b2b.p2rbike.com\/sk\/wp-json\/wp\/v2\/media\/22178"}],"wp:attachment":[{"href":"https:\/\/b2b.p2rbike.com\/sk\/wp-json\/wp\/v2\/media?parent=22257"}],"wp:term":[{"taxonomy":"product_brand","embeddable":true,"href":"https:\/\/b2b.p2rbike.com\/sk\/wp-json\/wp\/v2\/product_brand?post=22257"},{"taxonomy":"product_cat","embeddable":true,"href":"https:\/\/b2b.p2rbike.com\/sk\/wp-json\/wp\/v2\/product_cat?post=22257"},{"taxonomy":"product_tag","embeddable":true,"href":"https:\/\/b2b.p2rbike.com\/sk\/wp-json\/wp\/v2\/product_tag?post=22257"}],"curies":[{"name":"wp","href":"https:\/\/api.w.org\/{rel}","templated":true}]}}