{"id":22258,"date":"2023-02-13T17:08:20","date_gmt":"2023-02-13T16:08:20","guid":{"rendered":"https:\/\/b2b.p2rbike.com\/product\/p2r-stahovak-kazety-bt-14\/"},"modified":"2025-04-22T19:38:22","modified_gmt":"2025-04-22T17:38:22","slug":"p2r-freewheel-remover-bt-14","status":"publish","type":"product","link":"https:\/\/b2b.p2rbike.com\/sk\/produkt\/p2r-freewheel-remover-bt-14\/","title":{"rendered":"P2R s\u0165ahov\u00e1k kazety BT-14"},"content":{"rendered":"<p>Kompatibiln\u00e9 pre:<\/p>\n<ul>\n<li>Shimano IH\/HG, SRAM, Sun Race<\/li>\n<li>CL diskov\u00fd rotor (okrem SMRT10)<\/li>\n<li>Mo\u017enos\u0165 pou\u017eitia s k\u013e\u00fa\u010dom <strong>21 mm<\/strong> alebo k\u013e\u00fa\u010dom <strong>gola 1\/2&#8243; 4-hran<\/strong><\/li>\n<li>Vyroben\u00e9 z vysoko kvalitnej <strong>Cr-Mo<\/strong> ocele s fosf\u00e1tovou antikor\u00f3znou \u00fapravou<\/li>\n<li>Hmotnos\u0165: 57 g<\/li>\n<li>Balenie: karta P2R<\/li>\n<\/ul>\n<p>&nbsp;<\/p>\n","protected":false},"excerpt":{"rendered":"<p>Kompatibiln\u00e9 pre: Shimano IH\/HG, SRAM, Sun Race CL diskov\u00fd rotor (okrem SMRT10) Mo\u017enos\u0165 pou\u017eitia s k\u013e\u00fa\u010dom 21 mm alebo k\u013e\u00fa\u010dom<\/p>\n","protected":false},"featured_media":22234,"template":"","meta":{"_acf_changed":false},"product_brand":[],"product_cat":[435,594,600],"product_tag":[],"class_list":{"0":"post-22258","1":"product","2":"type-product","3":"status-publish","4":"has-post-thumbnail","6":"product_cat-naradie","7":"product_cat-servisne-naradie","8":"product_cat-kazeta","10":"first","11":"instock","12":"taxable","13":"shipping-taxable","14":"purchasable","15":"product-type-simple"},"bundled_by":[],"bundle_stock_status":"instock","bundle_stock_quantity":169,"bundle_virtual":false,"bundle_layout":"","bundle_add_to_cart_form_location":"","bundle_editable_in_cart":false,"bundle_sold_individually_context":"","bundle_item_grouping":"","bundle_min_size":"","bundle_max_size":"","bundle_price":[],"bundled_items":[],"bundle_sell_ids":[],"acf":[],"_links":{"self":[{"href":"https:\/\/b2b.p2rbike.com\/sk\/wp-json\/wp\/v2\/product\/22258","targetHints":{"allow":["GET"]}}],"collection":[{"href":"https:\/\/b2b.p2rbike.com\/sk\/wp-json\/wp\/v2\/product"}],"about":[{"href":"https:\/\/b2b.p2rbike.com\/sk\/wp-json\/wp\/v2\/types\/product"}],"wp:featuredmedia":[{"embeddable":true,"href":"https:\/\/b2b.p2rbike.com\/sk\/wp-json\/wp\/v2\/media\/22234"}],"wp:attachment":[{"href":"https:\/\/b2b.p2rbike.com\/sk\/wp-json\/wp\/v2\/media?parent=22258"}],"wp:term":[{"taxonomy":"product_brand","embeddable":true,"href":"https:\/\/b2b.p2rbike.com\/sk\/wp-json\/wp\/v2\/product_brand?post=22258"},{"taxonomy":"product_cat","embeddable":true,"href":"https:\/\/b2b.p2rbike.com\/sk\/wp-json\/wp\/v2\/product_cat?post=22258"},{"taxonomy":"product_tag","embeddable":true,"href":"https:\/\/b2b.p2rbike.com\/sk\/wp-json\/wp\/v2\/product_tag?post=22258"}],"curies":[{"name":"wp","href":"https:\/\/api.w.org\/{rel}","templated":true}]}}