{"id":22259,"date":"2023-02-13T11:30:23","date_gmt":"2023-02-13T10:30:23","guid":{"rendered":"https:\/\/b2b.p2rbike.com\/product\/p2r-stahovak-stredoveho-zlozenia-bt-11\/"},"modified":"2026-03-25T08:45:37","modified_gmt":"2026-03-25T07:45:37","slug":"p2r-bb-tool-bt-11","status":"publish","type":"product","link":"https:\/\/b2b.p2rbike.com\/sk\/produkt\/p2r-bb-tool-bt-11\/","title":{"rendered":"P2R s\u0165ahov\u00e1k stredov\u00e9ho zlo\u017eenia BT-11"},"content":{"rendered":"<p>Kompatibiln\u00e9 pre:<\/p>\n<ul>\n<li>Mont\u00e1\u017e a demont\u00e1\u017e misiek stredov\u00e9ho zlo\u017eenia <strong>Shimano<\/strong> a <strong>ISIS Drive<\/strong><\/li>\n<li>Mo\u017enos\u0165 pou\u017eitia s k\u013e\u00fa\u010dom <strong>21 mm<\/strong> alebo k\u013e\u00fa\u010dom <strong>gola 1\/2\u2033 4-hran<\/strong><\/li>\n<li>Vyroben\u00e9 z vysoko kvalitnej <strong>Cr-Mo<\/strong> ocele s fosf\u00e1tovou antikor\u00f3znou \u00fapravou<\/li>\n<li>Hmotnos\u0165: 122 g<\/li>\n<li>Balenie: karta P2R<\/li>\n<\/ul>\n<p>&nbsp;<\/p>\n<p>&nbsp;<\/p>\n","protected":false},"excerpt":{"rendered":"<p>Kompatibiln\u00e9 pre: Mont\u00e1\u017e a demont\u00e1\u017e misiek stredov\u00e9ho zlo\u017eenia Shimano a ISIS Drive Mo\u017enos\u0165 pou\u017eitia s k\u013e\u00fa\u010dom 21 mm alebo k\u013e\u00fa\u010dom<\/p>\n","protected":false},"featured_media":22157,"template":"","meta":{"_acf_changed":false},"product_brand":[],"product_cat":[435,594,598],"product_tag":[],"class_list":{"0":"post-22259","1":"product","2":"type-product","3":"status-publish","4":"has-post-thumbnail","6":"product_cat-naradie","7":"product_cat-servisne-naradie","8":"product_cat-stredove-zlozenie","10":"first","11":"instock","12":"taxable","13":"shipping-taxable","14":"purchasable","15":"product-type-simple"},"bundled_by":[],"bundle_stock_status":"instock","bundle_stock_quantity":242,"bundle_virtual":false,"bundle_layout":"","bundle_add_to_cart_form_location":"","bundle_editable_in_cart":false,"bundle_sold_individually_context":"","bundle_item_grouping":"","bundle_min_size":"","bundle_max_size":"","bundle_price":[],"bundled_items":[],"bundle_sell_ids":[],"acf":[],"_links":{"self":[{"href":"https:\/\/b2b.p2rbike.com\/sk\/wp-json\/wp\/v2\/product\/22259","targetHints":{"allow":["GET"]}}],"collection":[{"href":"https:\/\/b2b.p2rbike.com\/sk\/wp-json\/wp\/v2\/product"}],"about":[{"href":"https:\/\/b2b.p2rbike.com\/sk\/wp-json\/wp\/v2\/types\/product"}],"wp:featuredmedia":[{"embeddable":true,"href":"https:\/\/b2b.p2rbike.com\/sk\/wp-json\/wp\/v2\/media\/22157"}],"wp:attachment":[{"href":"https:\/\/b2b.p2rbike.com\/sk\/wp-json\/wp\/v2\/media?parent=22259"}],"wp:term":[{"taxonomy":"product_brand","embeddable":true,"href":"https:\/\/b2b.p2rbike.com\/sk\/wp-json\/wp\/v2\/product_brand?post=22259"},{"taxonomy":"product_cat","embeddable":true,"href":"https:\/\/b2b.p2rbike.com\/sk\/wp-json\/wp\/v2\/product_cat?post=22259"},{"taxonomy":"product_tag","embeddable":true,"href":"https:\/\/b2b.p2rbike.com\/sk\/wp-json\/wp\/v2\/product_tag?post=22259"}],"curies":[{"name":"wp","href":"https:\/\/api.w.org\/{rel}","templated":true}]}}