{"id":22528,"date":"2023-02-24T16:35:11","date_gmt":"2023-02-24T15:35:11","guid":{"rendered":"https:\/\/b2b.p2rbike.com\/product\/p2r-stahovac-stredovej-misky-bt-11t\/"},"modified":"2025-04-22T19:38:24","modified_gmt":"2025-04-22T17:38:24","slug":"p2r-bottom-bracket-socket-wrench-bt-11t","status":"publish","type":"product","link":"https:\/\/b2b.p2rbike.com\/sk\/produkt\/p2r-bottom-bracket-socket-wrench-bt-11t\/","title":{"rendered":"P2R S\u0165ahova\u010d stredovej misky BT-11T"},"content":{"rendered":"<p>Ur\u010den\u00fd pre <strong>mont\u00e1\u017e \/ demont\u00e1\u017e<\/strong> misiek stredov\u00e9ho zlo\u017eenia s <strong>20 vn\u00fatorn\u00fdmi dr\u00e1\u017ekami<\/strong> <\/p>\n<p><strong>Vhodn\u00fd pre<\/strong>: Shimano cartridge\/Shimano ISIS\/FSA Power Drive, FSA Power Pro, BB-9902, 9903, 9907, Octalink BB-ES25 at\u010f.<\/p>\n<p>Vyroben\u00fd z vysokokvalitnej uhl\u00edkovej ocele <strong>S50C<\/strong> s antikor\u00f3znou fosf\u00e1tovou \u00fapravou (\u010dierne zafarbenie) s hr\u00fabkou materi\u00e1lu <strong>4 mm<\/strong><\/p>\n<p>Rukov\u00e4\u0165 vyroben\u00e1 z materi\u00e1lu TPR (thermoplastic rubber) pre lep\u0161\u00ed a pohodlnej\u0161\u00ed \u00fachop (proti-\u0161mykov\u00e1 \u00faprava)<\/p>\n<p>D\u013a\u017eka: 262 mm<\/p>\n<p>Hmo\u0165nos\u0165: 384 g<\/p>\n<p>Balenie: karta P2R<\/p>\n","protected":false},"excerpt":{"rendered":"<p>Ur\u010den\u00fd pre mont\u00e1\u017e \/ demont\u00e1\u017e misiek stredov\u00e9ho zlo\u017eenia s 20 vn\u00fatorn\u00fdmi dr\u00e1\u017ekami Vhodn\u00fd pre: Shimano cartridge\/Shimano ISIS\/FSA Power Drive, FSA<\/p>\n","protected":false},"featured_media":22434,"template":"","meta":{"_acf_changed":false},"product_brand":[],"product_cat":[435,594,598],"product_tag":[],"class_list":{"0":"post-22528","1":"product","2":"type-product","3":"status-publish","4":"has-post-thumbnail","6":"product_cat-naradie","7":"product_cat-servisne-naradie","8":"product_cat-stredove-zlozenie","10":"first","11":"instock","12":"taxable","13":"shipping-taxable","14":"purchasable","15":"product-type-simple"},"bundled_by":[],"bundle_stock_status":"instock","bundle_stock_quantity":169,"bundle_virtual":false,"bundle_layout":"","bundle_add_to_cart_form_location":"","bundle_editable_in_cart":false,"bundle_sold_individually_context":"","bundle_item_grouping":"","bundle_min_size":"","bundle_max_size":"","bundle_price":[],"bundled_items":[],"bundle_sell_ids":[],"acf":[],"_links":{"self":[{"href":"https:\/\/b2b.p2rbike.com\/sk\/wp-json\/wp\/v2\/product\/22528","targetHints":{"allow":["GET"]}}],"collection":[{"href":"https:\/\/b2b.p2rbike.com\/sk\/wp-json\/wp\/v2\/product"}],"about":[{"href":"https:\/\/b2b.p2rbike.com\/sk\/wp-json\/wp\/v2\/types\/product"}],"wp:featuredmedia":[{"embeddable":true,"href":"https:\/\/b2b.p2rbike.com\/sk\/wp-json\/wp\/v2\/media\/22434"}],"wp:attachment":[{"href":"https:\/\/b2b.p2rbike.com\/sk\/wp-json\/wp\/v2\/media?parent=22528"}],"wp:term":[{"taxonomy":"product_brand","embeddable":true,"href":"https:\/\/b2b.p2rbike.com\/sk\/wp-json\/wp\/v2\/product_brand?post=22528"},{"taxonomy":"product_cat","embeddable":true,"href":"https:\/\/b2b.p2rbike.com\/sk\/wp-json\/wp\/v2\/product_cat?post=22528"},{"taxonomy":"product_tag","embeddable":true,"href":"https:\/\/b2b.p2rbike.com\/sk\/wp-json\/wp\/v2\/product_tag?post=22528"}],"curies":[{"name":"wp","href":"https:\/\/api.w.org\/{rel}","templated":true}]}}