{"id":22530,"date":"2023-02-24T17:16:46","date_gmt":"2023-02-24T16:16:46","guid":{"rendered":"https:\/\/b2b.p2rbike.com\/product\/p2r-stahovac-pastorku-bt-92t\/"},"modified":"2026-05-13T12:01:36","modified_gmt":"2026-05-13T10:01:36","slug":"p2r-chain-whip-bt-92t","status":"publish","type":"product","link":"https:\/\/b2b.p2rbike.com\/sk\/produkt\/p2r-chain-whip-bt-92t\/","title":{"rendered":"P2R S\u0165ahova\u010d pastorku BT-92T"},"content":{"rendered":"<p><strong>Ur\u010den\u00fd pre:<\/strong> demont\u00e1\u017e z\u00e1vitov\u00fdch viackoliesok \/ pastorkov alebo kaziet (re\u0165az 1\/2&#8243; x 3\/32&#8243;), v\u017edy kombin\u00e1cii s vhodn\u00fdm s\u0165ahova\u010dom<\/p>\n<p>Vyroben\u00fd z vysokokvalitnej uhl\u00edkovej ocele <strong>SK5<\/strong> s antikor\u00f3znou fosf\u00e1tovou \u00fapravou (\u010dierne zafarbenie) s hr\u00fabkou materi\u00e1lu <strong>4 mm<\/strong><\/p>\n<p>Rukov\u00e4\u0165 vyroben\u00e1 z materi\u00e1lu TPR (thermoplastic rubber) pre lep\u0161\u00ed a pohodlnej\u0161\u00ed \u00fachop (proti-\u0161mykov\u00e1 \u00faprava)<\/p>\n<p>D\u013a\u017eka: 256 mm<\/p>\n<p>Hmotnos\u0165: 305 g<\/p>\n<p>Balenie: karta P2R<\/p>\n","protected":false},"excerpt":{"rendered":"<p>Ur\u010den\u00fd pre: demont\u00e1\u017e z\u00e1vitov\u00fdch viackoliesok \/ pastorkov alebo kaziet (re\u0165az 1\/2&#8243; x 3\/32&#8243;), v\u017edy kombin\u00e1cii s vhodn\u00fdm s\u0165ahova\u010dom Vyroben\u00fd z<\/p>\n","protected":false},"featured_media":22452,"template":"","meta":{"_acf_changed":false},"product_brand":[],"product_cat":[435,594,600],"product_tag":[],"class_list":{"0":"post-22530","1":"product","2":"type-product","3":"status-publish","4":"has-post-thumbnail","6":"product_cat-naradie","7":"product_cat-servisne-naradie","8":"product_cat-kazeta","10":"first","11":"instock","12":"taxable","13":"shipping-taxable","14":"purchasable","15":"product-type-simple"},"bundled_by":[],"bundle_stock_status":"instock","bundle_stock_quantity":119,"bundle_virtual":false,"bundle_layout":"","bundle_add_to_cart_form_location":"","bundle_editable_in_cart":false,"bundle_sold_individually_context":"","bundle_item_grouping":"","bundle_min_size":"","bundle_max_size":"","bundle_price":[],"bundled_items":[],"bundle_sell_ids":[],"acf":[],"_links":{"self":[{"href":"https:\/\/b2b.p2rbike.com\/sk\/wp-json\/wp\/v2\/product\/22530","targetHints":{"allow":["GET"]}}],"collection":[{"href":"https:\/\/b2b.p2rbike.com\/sk\/wp-json\/wp\/v2\/product"}],"about":[{"href":"https:\/\/b2b.p2rbike.com\/sk\/wp-json\/wp\/v2\/types\/product"}],"wp:featuredmedia":[{"embeddable":true,"href":"https:\/\/b2b.p2rbike.com\/sk\/wp-json\/wp\/v2\/media\/22452"}],"wp:attachment":[{"href":"https:\/\/b2b.p2rbike.com\/sk\/wp-json\/wp\/v2\/media?parent=22530"}],"wp:term":[{"taxonomy":"product_brand","embeddable":true,"href":"https:\/\/b2b.p2rbike.com\/sk\/wp-json\/wp\/v2\/product_brand?post=22530"},{"taxonomy":"product_cat","embeddable":true,"href":"https:\/\/b2b.p2rbike.com\/sk\/wp-json\/wp\/v2\/product_cat?post=22530"},{"taxonomy":"product_tag","embeddable":true,"href":"https:\/\/b2b.p2rbike.com\/sk\/wp-json\/wp\/v2\/product_tag?post=22530"}],"curies":[{"name":"wp","href":"https:\/\/api.w.org\/{rel}","templated":true}]}}