{"id":22532,"date":"2023-02-24T17:38:35","date_gmt":"2023-02-24T16:38:35","guid":{"rendered":"https:\/\/b2b.p2rbike.com\/product\/p2r-kluc-na-kluky-a-pedale-bt-96t\/"},"modified":"2025-04-22T19:38:23","modified_gmt":"2025-04-22T17:38:23","slug":"p2r-crank-bolt-wrench-bt-96t","status":"publish","type":"product","link":"https:\/\/b2b.p2rbike.com\/sk\/produkt\/p2r-crank-bolt-wrench-bt-96t\/","title":{"rendered":"P2R K\u013e\u00fa\u010d na k\u013euky a ped\u00e1le BT-96T"},"content":{"rendered":"<p><strong>Ur\u010den\u00fd pre:<\/strong> mont\u00e1\u017e \/ demont\u00e1\u017e 4-hrannej k\u013euky, SPD ped\u00e1lov a ped\u00e1lov s imbusovou skrutkou 8 mm<\/p>\n<p>S\u00fa\u010das\u0165ou pracovnej \u010dasti je 8 mm imbusov\u00fd k\u013e\u00fa\u010d\/n\u00e1str\u010dn\u00fd k\u013e\u00fa\u010d 14 mm<\/p>\n<p>Vyroben\u00fd z vysokokvalitnej uhl\u00edkovej ocele <strong>SK5<\/strong> s antikor\u00f3znou fosf\u00e1tovou \u00fapravou (\u010dierne zafarbenie) s hr\u00fabkou materi\u00e1lu <strong>4 mm<\/strong><\/p>\n<p>Imbusov\u00fd k\u013e\u00fa\u010d 8 mm a n\u00e1str\u010dn\u00fd k\u013e\u00fa\u010d 14 mm s\u00fa v\u00fdroben\u00e9 z vysoko-kvalitnej <strong>CR-V<\/strong> ocele<\/p>\n<p>Rukov\u00e4\u0165 vyroben\u00e1 z materi\u00e1lu TPR (thermoplastic rubber) pre lep\u0161\u00ed a pohodlnej\u0161\u00ed \u00fachop (proti-\u0161mykov\u00e1 \u00faprava)<\/p>\n<p>D\u013a\u017eka: 262 mm<\/p>\n<p>Hmotnos\u0165: 336 g<\/p>\n<p>Balenie: karta P2R<\/p>\n","protected":false},"excerpt":{"rendered":"<p>Ur\u010den\u00fd pre: mont\u00e1\u017e \/ demont\u00e1\u017e 4-hrannej k\u013euky, SPD ped\u00e1lov a ped\u00e1lov s imbusovou skrutkou 8 mm S\u00fa\u010das\u0165ou pracovnej \u010dasti je<\/p>\n","protected":false},"featured_media":22461,"template":"","meta":{"_acf_changed":false},"product_brand":[],"product_cat":[435,594,668],"product_tag":[],"class_list":{"0":"post-22532","1":"product","2":"type-product","3":"status-publish","4":"has-post-thumbnail","6":"product_cat-naradie","7":"product_cat-servisne-naradie","8":"product_cat-kluc-na-kluky","10":"first","11":"instock","12":"taxable","13":"shipping-taxable","14":"purchasable","15":"product-type-simple"},"bundled_by":[],"bundle_stock_status":"instock","bundle_stock_quantity":160,"bundle_virtual":false,"bundle_layout":"","bundle_add_to_cart_form_location":"","bundle_editable_in_cart":false,"bundle_sold_individually_context":"","bundle_item_grouping":"","bundle_min_size":"","bundle_max_size":"","bundle_price":[],"bundled_items":[],"bundle_sell_ids":[],"acf":[],"_links":{"self":[{"href":"https:\/\/b2b.p2rbike.com\/sk\/wp-json\/wp\/v2\/product\/22532","targetHints":{"allow":["GET"]}}],"collection":[{"href":"https:\/\/b2b.p2rbike.com\/sk\/wp-json\/wp\/v2\/product"}],"about":[{"href":"https:\/\/b2b.p2rbike.com\/sk\/wp-json\/wp\/v2\/types\/product"}],"wp:featuredmedia":[{"embeddable":true,"href":"https:\/\/b2b.p2rbike.com\/sk\/wp-json\/wp\/v2\/media\/22461"}],"wp:attachment":[{"href":"https:\/\/b2b.p2rbike.com\/sk\/wp-json\/wp\/v2\/media?parent=22532"}],"wp:term":[{"taxonomy":"product_brand","embeddable":true,"href":"https:\/\/b2b.p2rbike.com\/sk\/wp-json\/wp\/v2\/product_brand?post=22532"},{"taxonomy":"product_cat","embeddable":true,"href":"https:\/\/b2b.p2rbike.com\/sk\/wp-json\/wp\/v2\/product_cat?post=22532"},{"taxonomy":"product_tag","embeddable":true,"href":"https:\/\/b2b.p2rbike.com\/sk\/wp-json\/wp\/v2\/product_tag?post=22532"}],"curies":[{"name":"wp","href":"https:\/\/api.w.org\/{rel}","templated":true}]}}