{"id":23196,"date":"2022-08-11T13:05:42","date_gmt":"2022-08-11T11:05:42","guid":{"rendered":"https:\/\/b2b.p2rbike.com\/?post_type=product&#038;p=23196"},"modified":"2025-08-04T08:04:57","modified_gmt":"2025-08-04T06:04:57","slug":"p2r-protown-s-m-52-58cm-navy-blue-matt","status":"publish","type":"product","link":"https:\/\/b2b.p2rbike.com\/sk\/produkt\/p2r-protown-s-m-52-58cm-navy-blue-matt\/","title":{"rendered":"P2R PROTOWN, S\/M (52-58cm), Navy Blue, matt"},"content":{"rendered":"<p>PRILBA CITY<\/p>\n<p>Model\u00a0<strong>PROTOWN<\/strong>\u00a0je odpove\u010f zna\u010dky P2R na neust\u00e1le st\u00fapaj\u00faci po\u010det cyklistov, ktor\u00ed sa rozhodli vyu\u017e\u00edva\u0165 svoj ob\u013e\u00faben\u00fd bicykel ako dopravn\u00fd prostriedok do pr\u00e1ce, na nakupovanie, alebo stretnutie s priate\u013emi a z\u00e1rove\u0148 chc\u00fa by\u0165 bezpe\u010dn\u00ed a prezentova\u0165 svoj vlastn\u00fd \u0161t\u00fdl. Toto v\u0161etko n\u00e1\u0161 model PROTOWN naozaj pon\u00faka.<\/p>\n<p><strong>VLASTNOSTI:<\/strong><br \/>\n<strong>\u2022 Pred\u013a\u017een\u00e1 zadn\u00e1 \u010das\u0165<\/strong>\u00a0zabezpe\u010duje zv\u00fd\u0161en\u00fa ochranu po\u010das mestskej prem\u00e1vky v ka\u017edej situ\u00e1cii<br \/>\n<strong>\u2022 Odn\u00edmate\u013en\u00fd l\u00e1tkov\u00fd \u0161t\u00edt<\/strong>: rob\u00ed tento model zauj\u00edmav\u00fd a vyzdvije vkus a vlastn\u00fd \u0161t\u00fdl jazdca<br \/>\n<strong>\u2022 Fidlock pracka<\/strong>\u00a0pracuje na princ\u00edpe magnetu a m\u00f4\u017ee by\u0165 jednocho otvoren\u00e1 za pomoci iba 2 prstov. Zatv\u00e1ra sa sama automaticky, pribl\u00ed\u017een\u00edm 2 \u010dast\u00ed pracky<br \/>\n<strong>\u2022 Nastavovac\u00ed syst\u00e9m\u00a0<\/strong>pracuje r\u00fdchlo a spo\u013eahlivo a umo\u017en\u00ed nastavenie ve\u013ekosti aj pri pou\u017eit\u00ed rukav\u00edc<br \/>\n<strong>\u2022 Double shell in-mould structure<\/strong>\u00a0vyzdvihuje kr\u00e1su a technologick\u00fa dokonalos\u0165 pri zn\u00ed\u017een\u00ed hmotnosti<br \/>\n<strong>\u2022 Hmotnos\u0165<\/strong>: S\/M &#8211; 270 g, L\/XL &#8211; 290 g<br \/>\n<strong>\u2022 19 otvorov<\/strong>\u00a0sa postar\u00e1 a dokonal\u00fd odvod tepla aj po\u010das hor\u00facich mestsk\u00fdch dn\u00ed<br \/>\n\u2022\u00a0<strong>USB nab\u00edjate\u013en\u00e9 LED bezpe\u010dnostn\u00e9 osvetlenie<\/strong>\u00a0zvy\u0161uje vidite\u013enos\u0165 a bezpe\u010dnos\u0165 jazdca, ale pon\u00faka aj mo\u017enos\u0165 uchytenia na in\u00fa \u010das\u0165 odevu, alebo pr\u00edslu\u0161enstva a zv\u00fd\u0161i\u0165 tak po\u010det vetrac\u00edch otvorov<br \/>\n<strong>\u2022 Vn\u00fatorn\u00e9 antibakteri\u00e1lne v\u00fdstelky<\/strong>\u00a0zvy\u0161uj\u00fa komfort pri nosen\u00ed (mo\u017enos\u0165 prania)<br \/>\n<strong>\u2022 Reflexn\u00e9 prvky<\/strong>\u00a0pre lep\u0161iu vidite\u013enos\u0165 pri hor\u0161\u00edch sveteln\u00fdch podmienkach<br \/>\n<strong>\u2022 CE certifik\u00e1t\u00a0<\/strong>: garancia, \u017ee model sp\u013a\u0148a pr\u00edsne bezpe\u010dnostn\u00e9 po\u017eiadavky EU kladen\u00e9 na cyklistick\u00e9 prilby<\/p>\n<p><strong>BALENIE:<\/strong>\u00a0prilba PROTOWN, n\u00e1vod na pou\u017eitie<\/p>\n<p><strong>FAREBN\u00c9 ALTERNAT\u00cdVY:<\/strong><br \/>\n\u2022 Matte Midnight Black<br \/>\n\u2022 Matte Navy Blue<br \/>\n\u2022 Matte Polar White<\/p>\n","protected":false},"excerpt":{"rendered":"<p>PRILBA CITY Model\u00a0PROTOWN\u00a0je odpove\u010f zna\u010dky P2R na neust\u00e1le st\u00fapaj\u00faci po\u010det cyklistov, ktor\u00ed sa rozhodli vyu\u017e\u00edva\u0165 svoj ob\u013e\u00faben\u00fd bicykel ako dopravn\u00fd<\/p>\n","protected":false},"featured_media":13760,"template":"","meta":{"_acf_changed":false},"product_brand":[],"product_cat":[411,412],"product_tag":[],"class_list":{"0":"post-23196","1":"product","2":"type-product","3":"status-publish","4":"has-post-thumbnail","6":"product_cat-prilby","7":"product_cat-mestske-prilby","9":"first","10":"instock","11":"sale","12":"taxable","13":"shipping-taxable","14":"purchasable","15":"product-type-simple"},"bundled_by":[],"bundle_stock_status":"instock","bundle_stock_quantity":42,"bundle_virtual":false,"bundle_layout":"","bundle_add_to_cart_form_location":"","bundle_editable_in_cart":false,"bundle_sold_individually_context":"","bundle_item_grouping":"","bundle_min_size":"","bundle_max_size":"","bundle_price":[],"bundled_items":[],"bundle_sell_ids":[],"acf":[],"_links":{"self":[{"href":"https:\/\/b2b.p2rbike.com\/sk\/wp-json\/wp\/v2\/product\/23196","targetHints":{"allow":["GET"]}}],"collection":[{"href":"https:\/\/b2b.p2rbike.com\/sk\/wp-json\/wp\/v2\/product"}],"about":[{"href":"https:\/\/b2b.p2rbike.com\/sk\/wp-json\/wp\/v2\/types\/product"}],"wp:featuredmedia":[{"embeddable":true,"href":"https:\/\/b2b.p2rbike.com\/sk\/wp-json\/wp\/v2\/media\/13760"}],"wp:attachment":[{"href":"https:\/\/b2b.p2rbike.com\/sk\/wp-json\/wp\/v2\/media?parent=23196"}],"wp:term":[{"taxonomy":"product_brand","embeddable":true,"href":"https:\/\/b2b.p2rbike.com\/sk\/wp-json\/wp\/v2\/product_brand?post=23196"},{"taxonomy":"product_cat","embeddable":true,"href":"https:\/\/b2b.p2rbike.com\/sk\/wp-json\/wp\/v2\/product_cat?post=23196"},{"taxonomy":"product_tag","embeddable":true,"href":"https:\/\/b2b.p2rbike.com\/sk\/wp-json\/wp\/v2\/product_tag?post=23196"}],"curies":[{"name":"wp","href":"https:\/\/api.w.org\/{rel}","templated":true}]}}