{"id":25024,"date":"2023-05-19T09:28:09","date_gmt":"2023-05-19T07:28:09","guid":{"rendered":"https:\/\/b2b.p2rbike.com\/?post_type=product&#038;p=25024"},"modified":"2026-05-05T21:51:02","modified_gmt":"2026-05-05T19:51:02","slug":"p2r-aurora-neon-green-orange","status":"publish","type":"product","link":"https:\/\/b2b.p2rbike.com\/sk\/produkt\/p2r-aurora-neon-green-orange\/","title":{"rendered":"P2R AURORA, neon yellow\/neon orange"},"content":{"rendered":"<p>REFLEXN\u00c1 BEZPE\u010cNOSTN\u00c1 VESTA<\/p>\n<p>Bezpe\u010dnostn\u00e1 vesta <strong>P2R AURORA<\/strong> je ur\u010den\u00e1 pre v\u0161etk\u00fdch t\u00fdch, ktor\u00fdm z\u00e1le\u017e\u00ed na ich bezpe\u010dnosti a vidite\u013enosti. Nez\u00e1le\u017e\u00ed na tom, \u010di ste cyklista, be\u017eec, d\u00f4chodca, ale mami\u010dka, ktor\u00e1 kr\u00e1\u010da s de\u0165mi po mestsk\u00fdch uliciach. Ka\u017ed\u00fd z n\u00e1s by mal by\u0165 riadne vidite\u013en\u00fd pre \u0161of\u00e9rov, obzvl\u00e1\u0161\u0165 po\u010das da\u017ediv\u00fdch jesenn\u00fdch dn\u00ed. Je to naozaj ve\u013emi jednoduch\u00e9!<\/p>\n<p><strong><br \/>\nVLASTNOSTI:<\/strong><\/p>\n<ul>\n<li>Univerz\u00e1lna ve\u013ekos\u0165 \u2013 mo\u017enos\u0165 nastavenia ve\u013ekosti S \u2013 XXL<\/li>\n<li>Prisp\u00f4sobenie d\u013a\u017eky popruhov k d\u013a\u017eke tela aj obvodu p\u00e1sa<\/li>\n<\/ul>\n<p><strong><br \/>\nDETAJLY:<br \/>\n<\/strong><\/p>\n<ul>\n<li>Uni sex<\/li>\n<li>Materi\u00e1l: 100% polyester<\/li>\n<li>Vyhovuje norme EN 13356<\/li>\n<\/ul>\n<p><strong><br \/>\nFAREBN\u00c9 ALTERNAT\u00cdVY:<\/strong><\/p>\n<ul>\n<li>Neon yellow<\/li>\n<li>Neon pink<\/li>\n<li>Neon yellow\/neon orange<\/li>\n<\/ul>\n<p><strong><br \/>\nBALENIE:<\/strong> v dizajne P2R<\/p>\n<p>&nbsp;<\/p>\n","protected":false},"excerpt":{"rendered":"<p>REFLEXN\u00c1 BEZPE\u010cNOSTN\u00c1 VESTA Bezpe\u010dnostn\u00e1 vesta P2R AURORA je ur\u010den\u00e1 pre v\u0161etk\u00fdch t\u00fdch, ktor\u00fdm z\u00e1le\u017e\u00ed na ich bezpe\u010dnosti a vidite\u013enosti. Nez\u00e1le\u017e\u00ed<\/p>\n","protected":false},"featured_media":25005,"template":"","meta":{"_acf_changed":false},"product_brand":[],"product_cat":[1063,1064],"product_tag":[],"class_list":{"0":"post-25024","1":"product","2":"type-product","3":"status-publish","4":"has-post-thumbnail","6":"product_cat-reflexne-prislusenstvo","7":"product_cat-reflexna-vesta","9":"first","10":"instock","11":"taxable","12":"shipping-taxable","13":"purchasable","14":"product-type-simple"},"bundled_by":[],"bundle_stock_status":"instock","bundle_stock_quantity":32,"bundle_virtual":false,"bundle_layout":"","bundle_add_to_cart_form_location":"","bundle_editable_in_cart":false,"bundle_sold_individually_context":"","bundle_item_grouping":"","bundle_min_size":"","bundle_max_size":"","bundle_price":[],"bundled_items":[],"bundle_sell_ids":[],"acf":[],"_links":{"self":[{"href":"https:\/\/b2b.p2rbike.com\/sk\/wp-json\/wp\/v2\/product\/25024","targetHints":{"allow":["GET"]}}],"collection":[{"href":"https:\/\/b2b.p2rbike.com\/sk\/wp-json\/wp\/v2\/product"}],"about":[{"href":"https:\/\/b2b.p2rbike.com\/sk\/wp-json\/wp\/v2\/types\/product"}],"wp:featuredmedia":[{"embeddable":true,"href":"https:\/\/b2b.p2rbike.com\/sk\/wp-json\/wp\/v2\/media\/25005"}],"wp:attachment":[{"href":"https:\/\/b2b.p2rbike.com\/sk\/wp-json\/wp\/v2\/media?parent=25024"}],"wp:term":[{"taxonomy":"product_brand","embeddable":true,"href":"https:\/\/b2b.p2rbike.com\/sk\/wp-json\/wp\/v2\/product_brand?post=25024"},{"taxonomy":"product_cat","embeddable":true,"href":"https:\/\/b2b.p2rbike.com\/sk\/wp-json\/wp\/v2\/product_cat?post=25024"},{"taxonomy":"product_tag","embeddable":true,"href":"https:\/\/b2b.p2rbike.com\/sk\/wp-json\/wp\/v2\/product_tag?post=25024"}],"curies":[{"name":"wp","href":"https:\/\/api.w.org\/{rel}","templated":true}]}}